{"id":69963,"date":"2019-05-05T22:26:32","date_gmt":"2019-05-05T22:26:32","guid":{"rendered":"https:\/\/www.capiparts.co.za\/contacter-pieces-dequipement\/"},"modified":"2026-04-01T20:38:38","modified_gmt":"2026-04-01T20:38:38","slug":"contacter-pieces-dequipement","status":"publish","type":"page","link":"https:\/\/www.capiparts.co.za\/fr\/contacter-pieces-dequipement\/","title":{"rendered":"CONTACTER PI\u00c8CES D\u2019\u00c9QUIPEMENT"},"content":{"rendered":"<section class=\"l-section wpb_row height_medium color_secondary with_img\"><div class=\"l-section-img\" style=\"background-image: url(https:\/\/www.capiparts.co.za\/wp-content\/uploads\/2019\/05\/contact-header.jpg);\" data-img-width=\"1920\" data-img-height=\"400\"><\/div><div class=\"l-section-h i-cf\"><div class=\"g-cols vc_row via_grid cols_1 laptops-cols_inherit tablets-cols_inherit mobiles-cols_1 valign_middle type_default stacking_default\"><div class=\"wpb_column vc_column_container\"><div class=\"vc_column-inner\"><div class=\"wpb_text_column\"><div class=\"wpb_wrapper\"><h2>CONTACTER PI\u00c8CES D\u2019\u00c9QUIPEMENT<\/h2>\n<\/div><\/div><\/div><\/div><\/div><\/div><\/section><section class=\"l-section wpb_row height_medium\"><div class=\"l-section-h i-cf\"><div class=\"g-cols vc_row via_grid cols_1 laptops-cols_inherit tablets-cols_inherit mobiles-cols_1 valign_top type_default stacking_default\"><div class=\"wpb_column vc_column_container\"><div class=\"vc_column-inner\"><div class=\"wpb_text_column\"><div class=\"wpb_wrapper\"><h4 style=\"text-align: center;\">Si vous souhaitez discuter avec nous de notre incroyable gamme de <a href=\"https:\/\/www.capiparts.co.za\/fr\/\">produits, veuillez<\/a> remplir le formulaire de demande ci-dessous, consulter notre carte interactive ci-dessous ou nous appeler au num\u00e9ro de notre bureau. Nous attendons votre appel et satisferons vos attentes avec un service r\u00e9actif et professionnel. <\/h4>\n<\/div><\/div><div class=\"w-separator size_medium\"><\/div><div class=\"g-cols wpb_row via_grid cols_1-3 laptops-cols_inherit tablets-cols_inherit mobiles-cols_1 valign_top type_default stacking_default\"><div class=\"wpb_column vc_column_container\"><div class=\"vc_column-inner\"><div class=\"wpb_text_column\"><div class=\"wpb_wrapper\"><p><span style=\"color: #444444; font-size: 18px; font-family: exo-semibolditalic;\"><strong>Adresse physique:<\/strong><\/span><br \/><span style=\"color: #444444; font-family: exo-semibolditalic; font-size: 18px;\"><strong>GAUTENG<\/strong><\/span><br \/><span style=\"color: #444444;\"><a style=\"color: #444444;\" href=\"https:\/\/goo.gl\/maps\/tsptFfBXjFHubEmK6?coh=178571&amp;entry=tt\" target=\"_blank\" rel=\"noopener\">198, High Road<\/a><\/span><br \/><span style=\"color: #444444;\">Bredell, Kempton Park<\/span><br \/><span style=\"color: #444444;\"><strong>T\u00e9l.:<\/strong> <a style=\"color: #444444;\" href=\"tel:+27115684215\">+27 11 568 4215<\/a><\/span><br \/><span style=\"color: #444444;\"><strong>Courriel :<\/strong> <a style=\"color: #444444;\" href=\"mailto:info@capiparts.co.za\">info@capiparts.co.za<\/a><\/span><\/p>\n<p><span style=\"font-family: exo-semibolditalic; font-size: 18px;\"><strong>MOZAMBIQUE<\/strong><\/span><br \/>Bairro Matundo, Zonda Industrial,<br \/>Cidade de Tetem Parcela, N.\u00ba 1631<br \/><strong>T\u00e9l:<\/strong> <a href=\"tel:+258 84 128 88 87\"><span style=\"color: #333333;\">+258 84 128 88 87<\/span><\/a><br \/><strong>Courriel:<\/strong>\u00a0<a href=\"mailto:info@capiparts.co.za\"><span style=\"color: #333333;\">info@capiparts.co.za<\/span><\/a><\/p>\n<p><span style=\"font-family: exo-semibolditalic; font-size: 18px;\"><strong>NORTHERN CAPE<\/strong><\/span><br \/>19 Mica Road, Postmasburg, South Africa<br \/><strong>T\u00e9l:<\/strong> <a href=\"tel:+27795111043\"><span style=\"color: #333333;\">+27 79 511 1043<\/span><\/a><br \/><strong>Courriel:<\/strong>\u00a0<a href=\"mailto:info@capiparts.co.za\"><span style=\"color: #333333;\">info@capiparts.co.za<\/span><\/a><\/p>\n<p><span style=\"color: #444444; font-size: 18px; font-family: exo-semibolditalic;\"><strong>ADRESSE POSTALE:<\/strong><\/span><br \/>Suite No.23<br \/>P.O.Box 8044<br \/>Edleen, 1625<\/p>\n<p><span style=\"color: #444444; font-family: exo-semibolditalic; font-size: 18px;\"><strong>INFORMATIONS SUR L\u2019ENTREPRISE:<\/strong><\/span><br \/><span style=\"color: #444444;\">No d\u2019enregistrement : 2009\/014130\/07<\/span><br \/><span style=\"color: #444444;\">N\u00b0 de cuve : 4390255547<\/span><\/p>\n<\/div><\/div><div class=\"w-separator size_small\"><\/div><div class=\"w-image us_custom_3816f98e align_none\"><a target=\"_blank\" href=\"https:\/\/www.capiparts.co.za\/fr\/?page_id=69917\" rel=\"noopener\" aria-label=\"Lien\" class=\"w-image-h\"><img loading=\"lazy\" decoding=\"async\" width=\"1001\" height=\"1024\" src=\"https:\/\/www.capiparts.co.za\/wp-content\/uploads\/2024\/08\/rateourservice-1001x1024.jpg\" class=\"attachment-large size-large\" alt=\"\" srcset=\"https:\/\/www.capiparts.co.za\/wp-content\/uploads\/2024\/08\/rateourservice-1001x1024.jpg 1001w, https:\/\/www.capiparts.co.za\/wp-content\/uploads\/2024\/08\/rateourservice-293x300.jpg 293w, https:\/\/www.capiparts.co.za\/wp-content\/uploads\/2024\/08\/rateourservice-600x614.jpg 600w, https:\/\/www.capiparts.co.za\/wp-content\/uploads\/2024\/08\/rateourservice-768x786.jpg 768w, https:\/\/www.capiparts.co.za\/wp-content\/uploads\/2024\/08\/rateourservice-450x460.jpg 450w, https:\/\/www.capiparts.co.za\/wp-content\/uploads\/2024\/08\/rateourservice.jpg 1251w\" sizes=\"auto, (max-width: 1001px) 100vw, 1001px\"><\/a><\/div><div class=\"w-socials us_custom_3d6bfe27 color_link shape_rounded style_outlined hover_slide\" style=\"--gap:5px;\"><div class=\"w-socials-list\"><div class=\"w-socials-item facebook\"><a class=\"w-socials-item-link\" href=\"https:\/\/www.facebook.com\/Capital-Equipment-Parts-113612227165875\" target=\"_blank\" rel=\"noopener nofollow\" title=\"Facebook\" aria-label=\"Facebook\"><span class=\"w-socials-item-link-hover\"><\/span><i class=\"fab fa-facebook\"><\/i><\/a><div class=\"w-socials-item-popup\"><span>Facebook<\/span><\/div><\/div><div class=\"w-socials-item youtube\"><a class=\"w-socials-item-link\" href=\"https:\/\/www.youtube.com\/channel\/UCt0qA2JeuRrtfg4D34Jnhyw\" target=\"_blank\" rel=\"noopener nofollow\" title=\"YouTube\" aria-label=\"YouTube\"><span class=\"w-socials-item-link-hover\"><\/span><i class=\"fab fa-youtube\"><\/i><\/a><div class=\"w-socials-item-popup\"><span>YouTube<\/span><\/div><\/div><div class=\"w-socials-item linkedin\"><a class=\"w-socials-item-link\" href=\"https:\/\/www.linkedin.com\/company\/cep-sa\/about\/\" target=\"_blank\" rel=\"noopener nofollow\" title=\"LinkedIn\" aria-label=\"LinkedIn\"><span class=\"w-socials-item-link-hover\"><\/span><i class=\"fab fa-linkedin\"><\/i><\/a><div class=\"w-socials-item-popup\"><span>LinkedIn<\/span><\/div><\/div><\/div><\/div><\/div><\/div><div class=\"wpb_column vc_column_container\"><div class=\"vc_column-inner\">\n<div class=\"wpcf7 no-js\" id=\"wpcf7-f4025-o1\" lang=\"en-US\" dir=\"ltr\" data-wpcf7-id=\"4025\">\n<div class=\"screen-reader-response\"><p role=\"status\" aria-live=\"polite\" aria-atomic=\"true\"><\/p> <ul><\/ul><\/div>\n<form action=\"\/fr\/wp-json\/wp\/v2\/pages\/69963#wpcf7-f4025-o1\" method=\"post\" class=\"wpcf7-form init\" aria-label=\"Contact form\" novalidate=\"novalidate\" data-status=\"init\">\n<fieldset class=\"hidden-fields-container\"><input type=\"hidden\" name=\"_wpcf7\" value=\"4025\" \/><input type=\"hidden\" name=\"_wpcf7_version\" value=\"6.1.5\" \/><input type=\"hidden\" name=\"_wpcf7_locale\" value=\"en_US\" \/><input type=\"hidden\" name=\"_wpcf7_unit_tag\" value=\"wpcf7-f4025-o1\" \/><input type=\"hidden\" name=\"_wpcf7_container_post\" value=\"0\" \/><input type=\"hidden\" name=\"_wpcf7_posted_data_hash\" value=\"\" \/>\n<\/fieldset>\n<p><i>* All fields are required<\/i>\n<\/p>\n<p>I would like to enquire about*:<br \/>\n<span class=\"wpcf7-form-control-wrap\" data-name=\"menu-838\"><select class=\"wpcf7-form-control wpcf7-select wpcf7-validates-as-required\" aria-required=\"true\" aria-invalid=\"false\" name=\"menu-838\"><option value=\"\">&#8212;Please choose an option&#8212;<\/option><option value=\"Parts\">Parts<\/option><option value=\"Selling My Parts\">Selling My Parts<\/option><option value=\"Accounts\">Accounts<\/option><option value=\"Dealership\">Dealership<\/option><option value=\"Website\">Website<\/option><\/select><\/span>\n<\/p>\n<p><span class=\"wpcf7-form-control-wrap\" data-name=\"company-name\"><input size=\"40\" maxlength=\"400\" class=\"wpcf7-form-control wpcf7-text wpcf7-validates-as-required\" aria-required=\"true\" aria-invalid=\"false\" placeholder=\"Company Name*\" value=\"\" type=\"text\" name=\"company-name\" \/><\/span>\n<\/p>\n<p><span class=\"wpcf7-form-control-wrap\" data-name=\"your-name\"><input size=\"40\" maxlength=\"400\" class=\"wpcf7-form-control wpcf7-text wpcf7-validates-as-required\" aria-required=\"true\" aria-invalid=\"false\" placeholder=\"Your Name*\" value=\"\" type=\"text\" name=\"your-name\" \/><\/span>\n<\/p>\n<p><span class=\"wpcf7-form-control-wrap\" data-name=\"office-number\"><input size=\"40\" maxlength=\"400\" class=\"wpcf7-form-control wpcf7-tel wpcf7-validates-as-required wpcf7-text wpcf7-validates-as-tel\" aria-required=\"true\" aria-invalid=\"false\" placeholder=\"Office Number*\" value=\"\" type=\"tel\" name=\"office-number\" \/><\/span>\n<\/p>\n<p><span class=\"wpcf7-form-control-wrap\" data-name=\"cellphone-number\"><input size=\"40\" maxlength=\"400\" class=\"wpcf7-form-control wpcf7-tel wpcf7-validates-as-required wpcf7-text wpcf7-validates-as-tel\" aria-required=\"true\" aria-invalid=\"false\" placeholder=\"Cellphone Number*\" value=\"\" type=\"tel\" name=\"cellphone-number\" \/><\/span>\n<\/p>\n<p><span class=\"wpcf7-form-control-wrap\" data-name=\"email-address\"><input size=\"40\" maxlength=\"400\" class=\"wpcf7-form-control wpcf7-email wpcf7-validates-as-required wpcf7-text wpcf7-validates-as-email\" aria-required=\"true\" aria-invalid=\"false\" placeholder=\"Email Address*\" value=\"\" type=\"email\" name=\"email-address\" \/><\/span>\n<\/p>\n<p><span class=\"wpcf7-form-control-wrap\" data-name=\"branch\"><input size=\"40\" maxlength=\"400\" class=\"wpcf7-form-control wpcf7-text\" aria-invalid=\"false\" placeholder=\"Country and Area\" value=\"\" type=\"text\" name=\"branch\" \/><\/span>\n<\/p>\n<p><span class=\"wpcf7-form-control-wrap\" data-name=\"comments\"><textarea cols=\"40\" rows=\"10\" maxlength=\"2000\" class=\"wpcf7-form-control wpcf7-textarea wpcf7-validates-as-required\" aria-required=\"true\" aria-invalid=\"false\" placeholder=\"Please provide us with details about your enquiry*\" name=\"comments\"><\/textarea><\/span>\n<\/p>\n<p>To prove you are human, please solve:<br \/>\n<span class=\"wpcf7-form-control-wrap\" data-name=\"quiz-825\"><label><span class=\"wpcf7-quiz-label\">15 - 5 = ?<\/span> <input size=\"40\" class=\"wpcf7-form-control wpcf7-quiz\" autocomplete=\"off\" aria-required=\"true\" aria-invalid=\"false\" type=\"text\" name=\"quiz-825\" \/><\/label><input type=\"hidden\" name=\"_wpcf7_quiz_answer_quiz-825\" value=\"554f9e0eff3ee86ad87adfaaad8d4834\" \/><\/span>\n<\/p>\n<p><input class=\"wpcf7-form-control wpcf7-submit has-spinner\" type=\"submit\" value=\"Submit Enquiry\" \/>\n<\/p><div class=\"wpcf7-response-output\" aria-hidden=\"true\"><\/div>\n<\/form>\n<\/div>\n<\/div><\/div><\/div><\/div><\/div><\/div><\/div><\/section><section class=\"l-section wpb_row height_auto width_full color_secondary parallax_fixed\"><div class=\"l-section-h i-cf\"><div class=\"g-cols vc_row via_grid cols_1 laptops-cols_inherit tablets-cols_inherit mobiles-cols_1 valign_top type_default stacking_default\"><div class=\"wpb_column vc_column_container\"><div class=\"vc_column-inner\"><div class=\"w-html\"><iframe loading=\"lazy\" src=\"https:\/\/www.google.com\/maps\/embed?pb=!1m18!1m12!1m3!1d3583.147604130454!2d28.294751315027778!3d-26.094099983486913!2m3!1f0!2f0!3f0!3m2!1i1024!2i768!4f13.1!3m3!1m2!1s0x1e95157dae644793%3A0x28edfb3b5ec2bbc4!2s198%20High%20Rd%2C%20Bredell%20AH%2C%20Kempton%20Park%2C%201619!5e0!3m2!1sen!2sza!4v1571854402938!5m2!1sen!2sza\" width=\"100%\" height=\"450\" frameborder=\"0\" style=\"border:0;\" allowfullscreen=\"\"><\/iframe><\/div><\/div><\/div><\/div><\/div><\/section>\n","protected":false},"excerpt":{"rendered":"CONTACTER PI\u00c8CES D\u2019\u00c9QUIPEMENT Si vous souhaitez discuter avec nous de notre incroyable gamme de produits, veuillez remplir le formulaire de demande ci-dessous, consulter notre carte interactive ci-dessous ou nous appeler au num\u00e9ro de notre bureau. Nous attendons votre appel et satisferons vos attentes avec un service r\u00e9actif et professionnel. Adresse physique:GAUTENG198, High RoadBredell, Kempton ParkT\u00e9l.:...","protected":false},"author":2,"featured_media":69667,"parent":0,"menu_order":0,"comment_status":"closed","ping_status":"closed","template":"","meta":{"footnotes":""},"class_list":["post-69963","page","type-page","status-publish","has-post-thumbnail","hentry"],"_links":{"self":[{"href":"https:\/\/www.capiparts.co.za\/fr\/wp-json\/wp\/v2\/pages\/69963","targetHints":{"allow":["GET"]}}],"collection":[{"href":"https:\/\/www.capiparts.co.za\/fr\/wp-json\/wp\/v2\/pages"}],"about":[{"href":"https:\/\/www.capiparts.co.za\/fr\/wp-json\/wp\/v2\/types\/page"}],"author":[{"embeddable":true,"href":"https:\/\/www.capiparts.co.za\/fr\/wp-json\/wp\/v2\/users\/2"}],"replies":[{"embeddable":true,"href":"https:\/\/www.capiparts.co.za\/fr\/wp-json\/wp\/v2\/comments?post=69963"}],"version-history":[{"count":4,"href":"https:\/\/www.capiparts.co.za\/fr\/wp-json\/wp\/v2\/pages\/69963\/revisions"}],"predecessor-version":[{"id":74612,"href":"https:\/\/www.capiparts.co.za\/fr\/wp-json\/wp\/v2\/pages\/69963\/revisions\/74612"}],"wp:featuredmedia":[{"embeddable":true,"href":"https:\/\/www.capiparts.co.za\/fr\/wp-json\/wp\/v2\/media\/69667"}],"wp:attachment":[{"href":"https:\/\/www.capiparts.co.za\/fr\/wp-json\/wp\/v2\/media?parent=69963"}],"curies":[{"name":"wp","href":"https:\/\/api.w.org\/{rel}","templated":true}]}}