{"id":69976,"date":"2021-06-29T18:50:56","date_gmt":"2021-06-29T18:50:56","guid":{"rendered":"https:\/\/www.capiparts.co.za\/politique-de-confidentialite\/"},"modified":"2024-12-04T11:03:59","modified_gmt":"2024-12-04T11:03:59","slug":"politique-de-confidentialite","status":"publish","type":"page","link":"https:\/\/www.capiparts.co.za\/fr\/politique-de-confidentialite\/","title":{"rendered":"POLITIQUE DE CONFIDENTIALIT\u00c9"},"content":{"rendered":"<h1>Politique de confidentialit\u00e9<\/h1>\n<p>Cette politique de confidentialit\u00e9 d\u00e9crit comment vos informations personnelles sont collect\u00e9es, utilis\u00e9es et partag\u00e9es lorsque vous visitez ou effectuez un achat sur ce site Web (le \u00ab Site \u00bb).<\/p>\n<h3>Renseignements personnels que nous recueillons<\/h3>\n<p>Lorsque vous visitez le site, nous recueillons automatiquement certaines informations sur votre appareil, notamment des informations sur votre navigateur Web, votre adresse IP, votre fuseau horaire et certains des cookies install\u00e9s sur votre appareil. De plus, lorsque vous naviguez sur le site, nous recueillons des informations sur les pages Web ou les produits que vous consultez, les sites Web ou les termes de recherche qui vous ont renvoy\u00e9 au site et des informations sur la fa\u00e7on dont vous interagissez avec le site. Nous appelons ces informations collect\u00e9es automatiquement des \u00ab informations sur l\u2019appareil \u00bb. Nous recueillons des informations sur l\u2019appareil \u00e0 l\u2019aide des technologies suivantes :   <\/p>\n<ul>\n<li>Les \u00ab cookies \u00bb sont des fichiers de donn\u00e9es qui sont plac\u00e9s sur votre appareil ou votre ordinateur et qui incluent souvent un identifiant unique anonyme. Pour plus d\u2019informations sur les cookies et sur la fa\u00e7on de les d\u00e9sactiver, rendez-vous sur http:\/\/www.allaboutcookies.org. Pour plus d\u2019informations, consultez notre politique en mati\u00e8re de cookies. <\/li>\n<li>Les \u00ab fichiers journaux \u00bb suivent les actions qui se produisent sur le site et collectent des donn\u00e9es, notamment votre adresse IP, le type de navigateur, votre fournisseur d\u2019acc\u00e8s Internet, les pages de r\u00e9f\u00e9rence\/sortie et les horodatages.<\/li>\n<li>Les \u00ab balises Web \u00bb, les \u00ab balises \u00bb et les \u00ab pixels \u00bb sont des fichiers \u00e9lectroniques utilis\u00e9s pour enregistrer des informations sur la fa\u00e7on dont vous naviguez sur le Site.<\/li>\n<\/ul>\n<p>De plus, lorsque vous effectuez un achat ou tentez d\u2019effectuer un achat par le biais du Site, nous recueillons certaines informations vous concernant, notamment votre nom, votre adresse de facturation, votre adresse de livraison, vos informations de paiement, votre adresse e-mail et votre num\u00e9ro de t\u00e9l\u00e9phone. Nous appelons ces informations \u00ab Informations sur la commande \u00bb. Nous recueillons les num\u00e9ros de carte de cr\u00e9dit\/d\u00e9bit pour traiter votre paiement, mais ne les stockons jamais. Lorsque nous parlons d&rsquo;\u00ab informations personnelles \u00bb dans la pr\u00e9sente politique de confidentialit\u00e9, nous parlons \u00e0 la fois des informations sur l\u2019appareil et des informations sur la commande.   <\/p>\n<h3>Comment utilisons-nous vos informations personnelles ?<\/h3>\n<p>Nous utilisons les informations de commande que nous recueillons g\u00e9n\u00e9ralement pour ex\u00e9cuter toutes les commandes pass\u00e9es sur le site (y compris le traitement de vos informations de paiement, l\u2019organisation de l\u2019exp\u00e9dition et la fourniture de factures et\/ou de confirmations de commande). De plus, nous utilisons ces informations de commande pour : <\/p>\n<ul>\n<li>Communiquez avec vous.<\/li>\n<li>Filtrer nos commandes pour d\u00e9tecter tout risque potentiel ou fraude.<\/li>\n<li>Lorsqu\u2019ils correspondent aux pr\u00e9f\u00e9rences que vous avez partag\u00e9es avec nous, vous fournir des informations ou de la publicit\u00e9 relatives \u00e0 nos produits ou services.<\/li>\n<li>Informations sur l\u2019appareil pour nous aider \u00e0 d\u00e9tecter les risques potentiels et les fraudes (en particulier, votre adresse IP), et plus g\u00e9n\u00e9ralement pour am\u00e9liorer et optimiser notre Site (par exemple, en g\u00e9n\u00e9rant des analyses sur la fa\u00e7on dont nos clients naviguent et interagissent avec le Site, et pour \u00e9valuer le succ\u00e8s de nos campagnes de marketing et de publicit\u00e9).<\/li>\n<\/ul>\n<h3>Partage de vos informations personnelles<\/h3>\n<p>Nous partageons vos informations personnelles avec des tiers pour nous aider \u00e0 les utiliser, comme d\u00e9crit ci-dessus. Par exemple, nous utilisons Google Analytics pour nous aider \u00e0 comprendre comment nos clients utilisent le Site. Pour en savoir plus sur la fa\u00e7on dont Google utilise vos informations personnelles <a href=\"https:\/\/www.google.com\/intl\/en\/policies\/privacy\/\" target=\"_blank\" rel=\"noopener noreferrer\">, cliquez ici<\/a>. Vous pouvez \u00e9galement d\u00e9sactiver Google Analytics <a href=\"https:\/\/tools.google.com\/dlpage\/gaoptout\" target=\"_blank\" rel=\"noopener noreferrer\">ici.<\/a> Enfin, nous pouvons \u00e9galement partager vos informations personnelles pour nous conformer aux lois et r\u00e9glementations applicables, pour r\u00e9pondre \u00e0 une citation \u00e0 compara\u00eetre, \u00e0 un mandat de perquisition ou \u00e0 toute autre demande l\u00e9gale d\u2019informations que nous recevons, ou pour prot\u00e9ger nos droits. Vos informations sont \u00e9galement partag\u00e9es pour faciliter le traitement d\u2019une commande avec des tiers tels que PayPal, Stripe, etc.    <\/p>\n<h3>Publicit\u00e9 comportementale<\/h3>\n<p>Comme d\u00e9crit ci-dessus, nous utilisons vos informations personnelles pour vous fournir des publicit\u00e9s cibl\u00e9es ou des communications marketing qui, selon nous, pourraient vous int\u00e9resser. Pour plus d\u2019informations sur le fonctionnement de la publicit\u00e9 cibl\u00e9e, vous pouvez consulter la page \u00e9ducative de la Network Advertising Initiative (\u00ab NAI \u00bb) <a href=\"http:\/\/www.networkadvertising.org\/understanding-online-advertising\/how-does-it-work\" target=\"_blank\" rel=\"noopener\">ici.<\/a> <\/p>\n<h3>Ne pas suivre<\/h3>\n<p>Veuillez noter que nous ne modifions pas les pratiques de collecte et d\u2019utilisation des donn\u00e9es de notre site lorsque nous voyons un signal \u00ab Ne pas suivre \u00bb de votre navigateur.<\/p>\n<h3>Vos droits<\/h3>\n<p>Vous avez le droit d\u2019acc\u00e9der aux informations personnelles que nous d\u00e9tenons \u00e0 votre sujet et de demander que vos informations personnelles soient corrig\u00e9es, mises \u00e0 jour ou supprim\u00e9es. Si vous souhaitez exercer ce droit, veuillez nous contacter via les coordonn\u00e9es ci-dessous. De plus, nous notons que nous traitons vos informations afin d\u2019ex\u00e9cuter les contrats que nous pourrions avoir avec vous (par exemple, si vous passez une commande via le Site), ou autrement pour poursuivre nos int\u00e9r\u00eats commerciaux l\u00e9gitimes \u00e9num\u00e9r\u00e9s ci-dessus. De plus, veuillez noter que vos informations seront transf\u00e9r\u00e9es en dehors de l\u2019Europe, y compris au Canada et aux \u00c9tats-Unis.   <\/p>\n<h3>Conservation des donn\u00e9es<\/h3>\n<p>Lorsque vous passez une commande par l\u2019interm\u00e9diaire du site, nous conservons vos informations de commande pour nos dossiers, \u00e0 moins que et jusqu\u2019\u00e0 ce que vous nous demandiez de supprimer ces informations.<\/p>\n<h3>Mineurs<\/h3>\n<p>Le Site n\u2019est pas destin\u00e9 aux personnes de moins de 18 ans, \u00e0 moins que le consentement ne soit donn\u00e9 par un tuteur.<\/p>\n<h3>Changements<\/h3>\n<p>Nous pouvons mettre \u00e0 jour cette politique de confidentialit\u00e9 de temps \u00e0 autre afin de refl\u00e9ter, par exemple, des changements dans nos pratiques ou pour d\u2019autres raisons op\u00e9rationnelles, juridiques ou r\u00e9glementaires.<\/p>\n<h3>Contactez-nous<\/h3>\n<p>Pour plus d\u2019informations sur nos pratiques en mati\u00e8re de confidentialit\u00e9, si vous avez des questions ou si vous souhaitez d\u00e9poser une plainte, veuillez <a href=\"https:\/\/www.capiparts.co.za\/fr\/?page_id=69963\">nous contacter<\/a>.<\/p>\n","protected":false},"excerpt":{"rendered":"<p>Politique de confidentialit\u00e9 Cette politique de confidentialit\u00e9 d\u00e9crit comment vos informations personnelles sont collect\u00e9es, utilis\u00e9es et partag\u00e9es lorsque vous visitez ou effectuez un achat sur ce site Web (le \u00ab Site \u00bb). Renseignements personnels que nous recueillons Lorsque vous visitez le site, nous recueillons automatiquement certaines informations sur votre appareil, notamment des informations sur votre&#8230;<\/p>\n","protected":false},"author":3,"featured_media":69667,"parent":0,"menu_order":0,"comment_status":"closed","ping_status":"closed","template":"","meta":{"footnotes":""},"class_list":["post-69976","page","type-page","status-publish","has-post-thumbnail","hentry"],"_links":{"self":[{"href":"https:\/\/www.capiparts.co.za\/fr\/wp-json\/wp\/v2\/pages\/69976","targetHints":{"allow":["GET"]}}],"collection":[{"href":"https:\/\/www.capiparts.co.za\/fr\/wp-json\/wp\/v2\/pages"}],"about":[{"href":"https:\/\/www.capiparts.co.za\/fr\/wp-json\/wp\/v2\/types\/page"}],"author":[{"embeddable":true,"href":"https:\/\/www.capiparts.co.za\/fr\/wp-json\/wp\/v2\/users\/3"}],"replies":[{"embeddable":true,"href":"https:\/\/www.capiparts.co.za\/fr\/wp-json\/wp\/v2\/comments?post=69976"}],"version-history":[{"count":1,"href":"https:\/\/www.capiparts.co.za\/fr\/wp-json\/wp\/v2\/pages\/69976\/revisions"}],"predecessor-version":[{"id":69982,"href":"https:\/\/www.capiparts.co.za\/fr\/wp-json\/wp\/v2\/pages\/69976\/revisions\/69982"}],"wp:featuredmedia":[{"embeddable":true,"href":"https:\/\/www.capiparts.co.za\/fr\/wp-json\/wp\/v2\/media\/69667"}],"wp:attachment":[{"href":"https:\/\/www.capiparts.co.za\/fr\/wp-json\/wp\/v2\/media?parent=69976"}],"curies":[{"name":"wp","href":"https:\/\/api.w.org\/{rel}","templated":true}]}}