{"id":69993,"date":"2021-07-03T15:30:29","date_gmt":"2021-07-03T15:30:29","guid":{"rendered":"https:\/\/www.capiparts.co.za\/politique-en-matiere-de-cookies\/"},"modified":"2024-12-04T11:04:05","modified_gmt":"2024-12-04T11:04:05","slug":"politique-en-matiere-de-cookies","status":"publish","type":"page","link":"https:\/\/www.capiparts.co.za\/fr\/politique-en-matiere-de-cookies\/","title":{"rendered":"POLITIQUE EN MATI\u00c8RE DE COOKIES"},"content":{"rendered":"<h2>Politique en mati\u00e8re de cookies<\/h2>\n<h3>Que sont les cookies<\/h3>\n<p>Comme c\u2019est la pratique courante avec presque tous les sites Web professionnels, ce site utilise des cookies, qui sont de minuscules fichiers t\u00e9l\u00e9charg\u00e9s sur votre ordinateur, pour am\u00e9liorer votre exp\u00e9rience. Cette page d\u00e9crit les informations qu\u2019ils collectent, comment nous les utilisons et pourquoi nous avons parfois besoin de stocker ces cookies. Nous vous expliquerons \u00e9galement comment vous pouvez emp\u00eacher le stockage de ces cookies, mais cela peut d\u00e9grader ou \u00ab casser \u00bb certains \u00e9l\u00e9ments de la fonctionnalit\u00e9 du site. Pour plus d\u2019informations g\u00e9n\u00e9rales sur les cookies, consultez l\u2019article Wikip\u00e9dia sur les cookies HTTP.  <\/p>\n<h3>Comment nous utilisons les cookies<\/h3>\n<p>Nous utilisons des cookies pour diverses raisons d\u00e9taill\u00e9es ci-dessous. Malheureusement, dans la plupart des cas, il n\u2019existe pas d\u2019options standard de l\u2019industrie pour d\u00e9sactiver les cookies sans d\u00e9sactiver compl\u00e8tement les fonctionnalit\u00e9s et les caract\u00e9ristiques qu\u2019ils ajoutent \u00e0 ce site. Il est recommand\u00e9 de laisser tous les cookies activ\u00e9s si vous n\u2019\u00eates pas s\u00fbr d\u2019en avoir besoin ou non, au cas o\u00f9 ils seraient utilis\u00e9s pour fournir un service que vous utilisez.  <\/p>\n<h3>D\u00e9sactiver les cookies<\/h3>\n<p>Vous pouvez emp\u00eacher l\u2019installation de cookies en ajustant les param\u00e8tres de votre navigateur (voir l\u2019aide de votre navigateur pour savoir comment proc\u00e9der). Sachez que la d\u00e9sactivation des cookies affectera la fonctionnalit\u00e9 de ce site Web et de nombreux autres sites Web que vous visitez. La d\u00e9sactivation des cookies entra\u00eenera g\u00e9n\u00e9ralement la d\u00e9sactivation de certaines fonctionnalit\u00e9s et caract\u00e9ristiques de ce site. Par cons\u00e9quent, il est recommand\u00e9 de ne pas d\u00e9sactiver les cookies.   <\/p>\n<h3>Les cookies que nous d\u00e9finissons&#8230;<\/h3>\n<h4>Cookies li\u00e9s au compte<\/h4>\n<p>Si vous cr\u00e9ez un compte chez nous, nous utiliserons des cookies pour la gestion du processus d\u2019inscription et l\u2019administration g\u00e9n\u00e9rale. Ces cookies seront g\u00e9n\u00e9ralement supprim\u00e9s lorsque vous vous d\u00e9connectez, cependant, dans certains cas, ils peuvent rester par la suite pour se souvenir de vos pr\u00e9f\u00e9rences de site. <\/p>\n<h4>Cookies li\u00e9s \u00e0 la connexion<\/h4>\n<p>Nous utilisons des cookies lorsque vous \u00eates connect\u00e9 afin que nous puissions nous souvenir de ce fait. Cela vous \u00e9vite d\u2019avoir \u00e0 vous connecter \u00e0 chaque fois que vous visitez une nouvelle page. Ces cookies sont g\u00e9n\u00e9ralement supprim\u00e9s ou effac\u00e9s lorsque vous vous d\u00e9connectez afin de vous assurer que vous ne pouvez acc\u00e9der qu\u2019aux fonctionnalit\u00e9s et zones restreintes lorsque vous \u00eates connect\u00e9.  <\/p>\n<h4>Cookies li\u00e9s aux newsletters par e-mail<\/h4>\n<p>Ce site propose des services d\u2019abonnement \u00e0 la newsletter ou \u00e0 l\u2019e-mail et les cookies peuvent \u00eatre utilis\u00e9s pour se rappeler si vous \u00eates d\u00e9j\u00e0 inscrit et s\u2019il faut afficher certaines notifications qui pourraient n\u2019\u00eatre valables que pour les utilisateurs abonn\u00e9s\/d\u00e9sabonn\u00e9s.<\/p>\n<h4>Cookies li\u00e9s au traitement des commandes<\/h4>\n<p>Ce site offre des facilit\u00e9s de commerce \u00e9lectronique ou de paiement et certains cookies sont essentiels pour garantir que votre commande est m\u00e9moris\u00e9e entre les pages afin que nous puissions la traiter correctement.<\/p>\n<h4>Cookies li\u00e9s aux enqu\u00eates<\/h4>\n<p>De temps en temps, nous proposons des enqu\u00eates et des questionnaires aupr\u00e8s des utilisateurs pour vous fournir des informations int\u00e9ressantes, des outils utiles ou pour comprendre plus pr\u00e9cis\u00e9ment notre base d\u2019utilisateurs. Ces enqu\u00eates peuvent utiliser des cookies pour se souvenir de qui a d\u00e9j\u00e0 particip\u00e9 \u00e0 une enqu\u00eate ou pour vous fournir des r\u00e9sultats pr\u00e9cis apr\u00e8s avoir chang\u00e9 de page. <\/p>\n<h4>Cookies li\u00e9s aux formulaires<\/h4>\n<p>Lorsque vous soumettez des donn\u00e9es par le biais d\u2019un formulaire tel que ceux qui se trouvent sur les pages de contact ou les formulaires de commentaires, des cookies peuvent \u00eatre configur\u00e9s pour m\u00e9moriser vos informations d\u2019utilisateur pour une correspondance future.<\/p>\n<h4>Cookies de pr\u00e9f\u00e9rences du site<\/h4>\n<p>Afin de vous offrir une excellente exp\u00e9rience sur ce site, nous fournissons la fonctionnalit\u00e9 permettant de d\u00e9finir vos pr\u00e9f\u00e9rences quant au fonctionnement de ce site lorsque vous l\u2019utilisez. Afin de m\u00e9moriser vos pr\u00e9f\u00e9rences, nous devons d\u00e9finir des cookies afin que ces informations puissent \u00eatre appel\u00e9es chaque fois que vous interagissez avec une page affect\u00e9e par vos pr\u00e9f\u00e9rences. <\/p>\n<h4>Cookies tiers<\/h4>\n<p>Dans certains cas particuliers, nous utilisons \u00e9galement des cookies fournis par des tiers de confiance. La section suivante d\u00e9taille les cookies tiers que vous pouvez rencontrer sur ce site. Ce site utilise Google Analytics, qui est l\u2019une des solutions d\u2019analyse les plus r\u00e9pandues et les plus fiables sur le Web pour nous aider \u00e0 comprendre comment vous utilisez le site et comment nous pouvons am\u00e9liorer votre exp\u00e9rience. Ces cookies peuvent suivre des \u00e9l\u00e9ments tels que le temps que vous passez sur le site et les pages que vous visitez afin que nous puissions continuer \u00e0 produire un contenu attrayant. Pour plus d\u2019informations sur les cookies de Google Analytics, consultez la page officielle de Google Analytics. Des analyses tierces sont utilis\u00e9es pour suivre et mesurer l\u2019utilisation de ce site afin que nous puissions continuer \u00e0 produire un contenu attrayant. Ces cookies peuvent suivre des \u00e9l\u00e9ments tels que le temps que vous passez sur le site ou les pages que vous visitez, ce qui nous aide \u00e0 comprendre comment nous pouvons am\u00e9liorer le site pour vous. De temps en temps, nous testons de nouvelles fonctionnalit\u00e9s et apportons des modifications subtiles \u00e0 la fa\u00e7on dont le site est livr\u00e9. Lorsque nous testons encore de nouvelles fonctionnalit\u00e9s, ces cookies peuvent \u00eatre utilis\u00e9s pour garantir que vous recevez une exp\u00e9rience coh\u00e9rente sur le site tout en veillant \u00e0 ce que nous comprenions quelles optimisations nos utilisateurs appr\u00e9cient le plus. Comme nous vendons des produits, il est important pour nous de comprendre les statistiques sur le nombre de visiteurs de notre site qui effectuent r\u00e9ellement un achat et, en tant que tel, c\u2019est le type de donn\u00e9es que ces cookies suivront. C\u2019est important pour vous, car cela signifie que nous pouvons faire des pr\u00e9dictions commerciales pr\u00e9cises qui nous permettent de surveiller nos co\u00fbts publicitaires et de nos produits afin de garantir le meilleur prix possible. Le service Google Ads que nous utilisons pour diffuser des publicit\u00e9s utilise un <a href=\"https:\/\/support.google.com\/admanager\/answer\/2839090?hl=en\" target=\"_blank\" rel=\"noopener\">cookie DoubleClick<\/a> pour diffuser des annonces plus pertinentes sur le Web et limiter le nombre de fois qu\u2019une annonce donn\u00e9e vous est pr\u00e9sent\u00e9e. Pour plus d\u2019informations sur Google Ads, consultez la FAQ officielle <a href=\"https:\/\/www.capiparts.co.za\/fr\/?page_id=69976\">sur la confidentialit\u00e9<\/a> de Google Ads. Nous utilisons des publicit\u00e9s pour compenser les co\u00fbts de fonctionnement de ce site et fournissons des fonds pour le d\u00e9veloppement ult\u00e9rieur. Les cookies de publicit\u00e9 comportementale utilis\u00e9s par ce site sont con\u00e7us pour nous assurer que nous vous fournissons les publicit\u00e9s les plus pertinentes dans la mesure du possible en suivant anonymement vos int\u00e9r\u00eats et en pr\u00e9sentant des \u00e9l\u00e9ments similaires susceptibles de vous int\u00e9resser. Plusieurs partenaires font de la publicit\u00e9 en notre nom et les cookies de suivi des affili\u00e9s nous permettent simplement de voir si nos clients sont venus sur le site par l\u2019interm\u00e9diaire de l\u2019un de nos sites partenaires afin que nous puissions les cr\u00e9diter de mani\u00e8re appropri\u00e9e et, le cas \u00e9ch\u00e9ant, permettre \u00e0 nos partenaires affili\u00e9s de fournir tout bonus qu\u2019ils peuvent vous offrir pour effectuer un achat. Nous utilisons \u00e9galement des boutons de m\u00e9dias sociaux et\/ou des plug-ins sur ce site qui vous permettent de vous connecter \u00e0 votre r\u00e9seau social de diff\u00e9rentes mani\u00e8res. Pour que ceux-ci fonctionnent, les sites de m\u00e9dias sociaux suivants (y compris, mais sans s\u2019y limiter) : Google Plus, Facebook, Twitter, Instagram, installeront des cookies via notre site qui pourront \u00eatre utilis\u00e9s pour am\u00e9liorer votre profil sur leur site ou contribuer aux donn\u00e9es qu\u2019ils d\u00e9tiennent \u00e0 diverses fins d\u00e9crites dans leurs politiques de confidentialit\u00e9 respectives. <\/p>\n<h3>Plus d\u2019informations<\/h3>\n<p>J\u2019esp\u00e8re que cela a clarifi\u00e9 les choses pour vous et, comme nous l\u2019avons mentionn\u00e9 pr\u00e9c\u00e9demment, s\u2019il y a quelque chose dont vous n\u2019\u00eates pas s\u00fbr d\u2019avoir besoin ou non, il est g\u00e9n\u00e9ralement plus s\u00fbr de laisser les cookies activ\u00e9s au cas o\u00f9 ils interagiraient avec l\u2019une des fonctionnalit\u00e9s que vous utilisez sur notre site.<\/p>\n","protected":false},"excerpt":{"rendered":"<p>Politique en mati\u00e8re de cookies Que sont les cookies Comme c\u2019est la pratique courante avec presque tous les sites Web professionnels, ce site utilise des cookies, qui sont de minuscules fichiers t\u00e9l\u00e9charg\u00e9s sur votre ordinateur, pour am\u00e9liorer votre exp\u00e9rience. Cette page d\u00e9crit les informations qu\u2019ils collectent, comment nous les utilisons et pourquoi nous avons parfois&#8230;<\/p>\n","protected":false},"author":3,"featured_media":69667,"parent":0,"menu_order":0,"comment_status":"closed","ping_status":"closed","template":"","meta":{"footnotes":""},"class_list":["post-69993","page","type-page","status-publish","has-post-thumbnail","hentry"],"_links":{"self":[{"href":"https:\/\/www.capiparts.co.za\/fr\/wp-json\/wp\/v2\/pages\/69993","targetHints":{"allow":["GET"]}}],"collection":[{"href":"https:\/\/www.capiparts.co.za\/fr\/wp-json\/wp\/v2\/pages"}],"about":[{"href":"https:\/\/www.capiparts.co.za\/fr\/wp-json\/wp\/v2\/types\/page"}],"author":[{"embeddable":true,"href":"https:\/\/www.capiparts.co.za\/fr\/wp-json\/wp\/v2\/users\/3"}],"replies":[{"embeddable":true,"href":"https:\/\/www.capiparts.co.za\/fr\/wp-json\/wp\/v2\/comments?post=69993"}],"version-history":[{"count":1,"href":"https:\/\/www.capiparts.co.za\/fr\/wp-json\/wp\/v2\/pages\/69993\/revisions"}],"predecessor-version":[{"id":69994,"href":"https:\/\/www.capiparts.co.za\/fr\/wp-json\/wp\/v2\/pages\/69993\/revisions\/69994"}],"wp:featuredmedia":[{"embeddable":true,"href":"https:\/\/www.capiparts.co.za\/fr\/wp-json\/wp\/v2\/media\/69667"}],"wp:attachment":[{"href":"https:\/\/www.capiparts.co.za\/fr\/wp-json\/wp\/v2\/media?parent=69993"}],"curies":[{"name":"wp","href":"https:\/\/api.w.org\/{rel}","templated":true}]}}