{"id":70017,"date":"2019-05-05T22:28:17","date_gmt":"2019-05-05T22:28:17","guid":{"rendered":"https:\/\/www.capiparts.co.za\/a-propos-des-pieces-dequipement\/"},"modified":"2025-11-06T04:58:47","modified_gmt":"2025-11-06T04:58:47","slug":"a-propos-des-pieces-dequipement","status":"publish","type":"page","link":"https:\/\/www.capiparts.co.za\/fr\/a-propos-des-pieces-dequipement\/","title":{"rendered":"\u00c0 PROPOS DES PI\u00c8CES D\u2019\u00c9QUIPEMENT"},"content":{"rendered":"<section class=\"l-section wpb_row height_medium color_secondary with_img\"><div class=\"l-section-img\" style=\"background-image: url(https:\/\/www.capiparts.co.za\/wp-content\/uploads\/2023\/05\/About-Capital-Equipment-Giants.jpg);\" data-img-width=\"1920\" data-img-height=\"400\"><\/div><div class=\"l-section-h i-cf\"><div class=\"g-cols vc_row via_grid cols_1 laptops-cols_inherit tablets-cols_inherit mobiles-cols_1 valign_middle type_default stacking_default\"><div class=\"wpb_column vc_column_container\"><div class=\"vc_column-inner\"><div class=\"wpb_text_column us_custom_b672fdc8\"><div class=\"wpb_wrapper\"><p>\u00c0 propos des pi\u00e8ces d\u2019\u00e9quipement<\/p>\n<\/div><\/div><\/div><\/div><\/div><\/div><\/section><section class=\"l-section wpb_row us_custom_c70c97eb hide_on_mobiles height_huge\"><div class=\"l-section-h i-cf\"><div class=\"g-cols vc_row via_grid cols_3-1 laptops-cols_inherit tablets-cols_inherit mobiles-cols_1 valign_top type_default stacking_default\"><div class=\"wpb_column vc_column_container\"><div class=\"vc_column-inner\"><div class=\"w-separator size_medium\"><\/div><div class=\"w-text us_custom_fec695f3 has_text_color\"><span class=\"w-text-h\"><span class=\"w-text-value\">Nous sommes CapiParts<\/span><\/span><\/div><div class=\"wpb_text_column us_custom_f8a441ce\"><div class=\"wpb_wrapper\"><p style=\"text-align: left;\"><strong>Entreprise familiale profond\u00e9ment enracin\u00e9e dans l\u2019industrie mini\u00e8re, CapiParts ach\u00e8te et vend des pi\u00e8ces et des composants de premi\u00e8re qualit\u00e9 pour les machines mini\u00e8res.<\/strong><\/p>\n<\/div><\/div><div class=\"wpb_text_column us_custom_74329347 has_text_color\"><div class=\"wpb_wrapper\"><p style=\"text-align: left;\">Nous sommes votre source #1 pour des remplacements abordables de surplus OEM d\u2019origine, de GPM et de pi\u00e8ces de rechange, aidant strat\u00e9giquement les clients du monde entier \u00e0 am\u00e9liorer leurs op\u00e9rations gr\u00e2ce \u00e0 une gestion intelligente des pi\u00e8ces.<\/p>\n<\/div><\/div><\/div><\/div><div class=\"wpb_column vc_column_container\"><div class=\"vc_column-inner\"><div class=\"w-image align_none\"><div class=\"w-image-h\"><img loading=\"lazy\" decoding=\"async\" width=\"800\" height=\"746\" src=\"https:\/\/www.capiparts.co.za\/wp-content\/uploads\/2025\/07\/capi-parts-about-us-image.jpg\" class=\"attachment-large size-large\" alt=\"\" srcset=\"https:\/\/www.capiparts.co.za\/wp-content\/uploads\/2025\/07\/capi-parts-about-us-image.jpg 800w, https:\/\/www.capiparts.co.za\/wp-content\/uploads\/2025\/07\/capi-parts-about-us-image-300x280.jpg 300w, https:\/\/www.capiparts.co.za\/wp-content\/uploads\/2025\/07\/capi-parts-about-us-image-600x560.jpg 600w, https:\/\/www.capiparts.co.za\/wp-content\/uploads\/2025\/07\/capi-parts-about-us-image-768x716.jpg 768w, https:\/\/www.capiparts.co.za\/wp-content\/uploads\/2025\/07\/capi-parts-about-us-image-450x420.jpg 450w\" sizes=\"auto, (max-width: 800px) 100vw, 800px\"><\/div><\/div><\/div><\/div><\/div><\/div><\/section><section class=\"l-section wpb_row us_custom_c70c97eb hide_on_default hide_on_laptops hide_on_tablets height_huge\"><div class=\"l-section-h i-cf\"><div class=\"g-cols vc_row via_grid cols_3-1 laptops-cols_inherit tablets-cols_inherit mobiles-cols_1 valign_top type_default stacking_default\"><div class=\"wpb_column vc_column_container\"><div class=\"vc_column-inner\"><div class=\"w-text us_custom_3564834a has_text_color\"><span class=\"w-text-h\"><span class=\"w-text-value\">Nous sommes CapiParts<\/span><\/span><\/div><div class=\"wpb_text_column us_custom_f5391594\"><div class=\"wpb_wrapper\"><p style=\"text-align: left;\"><strong>Entreprise familiale profond\u00e9ment enracin\u00e9e dans l\u2019industrie mini\u00e8re, CapiParts ach\u00e8te et vend des pi\u00e8ces et des composants de premi\u00e8re qualit\u00e9 pour les machines mini\u00e8res.<\/strong><\/p>\n<\/div><\/div><div class=\"wpb_text_column us_custom_2f2f137b has_text_color\"><div class=\"wpb_wrapper\"><p style=\"text-align: left;\">Nous sommes votre source #1 pour des remplacements abordables de surplus OEM d\u2019origine, de GPM et de pi\u00e8ces de rechange, aidant strat\u00e9giquement les clients du monde entier \u00e0 am\u00e9liorer leurs op\u00e9rations gr\u00e2ce \u00e0 une gestion intelligente des pi\u00e8ces.<\/p>\n<\/div><\/div><\/div><\/div><div class=\"wpb_column vc_column_container\"><div class=\"vc_column-inner\"><div class=\"w-image align_none\"><div class=\"w-image-h\"><img loading=\"lazy\" decoding=\"async\" width=\"800\" height=\"746\" src=\"https:\/\/www.capiparts.co.za\/wp-content\/uploads\/2025\/07\/capi-parts-about-us-image.jpg\" class=\"attachment-large size-large\" alt=\"\" srcset=\"https:\/\/www.capiparts.co.za\/wp-content\/uploads\/2025\/07\/capi-parts-about-us-image.jpg 800w, https:\/\/www.capiparts.co.za\/wp-content\/uploads\/2025\/07\/capi-parts-about-us-image-300x280.jpg 300w, https:\/\/www.capiparts.co.za\/wp-content\/uploads\/2025\/07\/capi-parts-about-us-image-600x560.jpg 600w, https:\/\/www.capiparts.co.za\/wp-content\/uploads\/2025\/07\/capi-parts-about-us-image-768x716.jpg 768w, https:\/\/www.capiparts.co.za\/wp-content\/uploads\/2025\/07\/capi-parts-about-us-image-450x420.jpg 450w\" sizes=\"auto, (max-width: 800px) 100vw, 800px\"><\/div><\/div><\/div><\/div><\/div><\/div><\/section><section class=\"l-section wpb_row us_custom_55df199d hide_on_mobiles height_medium\"><div class=\"l-section-h i-cf\"><div class=\"g-cols vc_row via_grid cols_6 laptops-cols_inherit tablets-cols_inherit mobiles-cols_4 valign_top type_default stacking_default\"><div class=\"wpb_column vc_column_container\"><div class=\"vc_column-inner\"><div class=\"g-cols wpb_row via_grid cols_1 laptops-cols_inherit tablets-cols_inherit mobiles-cols_1 valign_top type_default stacking_default\"><div class=\"wpb_column vc_column_container hide_on_mobiles\"><div class=\"vc_column-inner\"><\/div><\/div><\/div><\/div><\/div><div class=\"wpb_column vc_column_container\"><div class=\"vc_column-inner\"><div class=\"w-image align_none\"><div class=\"w-image-h\"><img loading=\"lazy\" decoding=\"async\" width=\"280\" height=\"330\" src=\"https:\/\/www.capiparts.co.za\/wp-content\/uploads\/2024\/11\/shield03.png\" class=\"attachment-large size-large\" alt=\"\" srcset=\"https:\/\/www.capiparts.co.za\/wp-content\/uploads\/2024\/11\/shield03.png 280w, https:\/\/www.capiparts.co.za\/wp-content\/uploads\/2024\/11\/shield03-255x300.png 255w\" sizes=\"auto, (max-width: 280px) 100vw, 280px\"><\/div><\/div><\/div><\/div><div class=\"wpb_column vc_column_container\"><div class=\"vc_column-inner\"><div class=\"w-image align_none\"><div class=\"w-image-h\"><img loading=\"lazy\" decoding=\"async\" width=\"280\" height=\"330\" src=\"https:\/\/www.capiparts.co.za\/wp-content\/uploads\/2024\/11\/shield02.png\" class=\"attachment-large size-large\" alt=\"\" srcset=\"https:\/\/www.capiparts.co.za\/wp-content\/uploads\/2024\/11\/shield02.png 280w, https:\/\/www.capiparts.co.za\/wp-content\/uploads\/2024\/11\/shield02-255x300.png 255w\" sizes=\"auto, (max-width: 280px) 100vw, 280px\"><\/div><\/div><\/div><\/div><div class=\"wpb_column vc_column_container\"><div class=\"vc_column-inner\"><div class=\"w-image align_none\"><div class=\"w-image-h\"><img loading=\"lazy\" decoding=\"async\" width=\"280\" height=\"330\" src=\"https:\/\/www.capiparts.co.za\/wp-content\/uploads\/2024\/11\/shield01.png\" class=\"attachment-large size-large\" alt=\"\" srcset=\"https:\/\/www.capiparts.co.za\/wp-content\/uploads\/2024\/11\/shield01.png 280w, https:\/\/www.capiparts.co.za\/wp-content\/uploads\/2024\/11\/shield01-255x300.png 255w\" sizes=\"auto, (max-width: 280px) 100vw, 280px\"><\/div><\/div><\/div><\/div><div class=\"wpb_column vc_column_container\"><div class=\"vc_column-inner\"><div class=\"w-image align_none\"><div class=\"w-image-h\"><img loading=\"lazy\" decoding=\"async\" width=\"280\" height=\"330\" src=\"https:\/\/www.capiparts.co.za\/wp-content\/uploads\/2024\/11\/shield04.png\" class=\"attachment-large size-large\" alt=\"\" srcset=\"https:\/\/www.capiparts.co.za\/wp-content\/uploads\/2024\/11\/shield04.png 280w, https:\/\/www.capiparts.co.za\/wp-content\/uploads\/2024\/11\/shield04-255x300.png 255w\" sizes=\"auto, (max-width: 280px) 100vw, 280px\"><\/div><\/div><\/div><\/div><div class=\"wpb_column vc_column_container hide_on_mobiles\"><div class=\"vc_column-inner\"><\/div><\/div><\/div><\/div><\/section><section class=\"l-section wpb_row us_custom_55df199d hide_on_default hide_on_laptops hide_on_tablets height_small\"><div class=\"l-section-h i-cf\"><div class=\"g-cols vc_row via_grid cols_6 laptops-cols_inherit tablets-cols_inherit mobiles-cols_4 valign_middle type_default stacking_default\" style=\"grid-gap:0.5rem;\"><div class=\"wpb_column vc_column_container\"><div class=\"vc_column-inner\"><div class=\"w-image align_none\"><div class=\"w-image-h\"><img loading=\"lazy\" decoding=\"async\" width=\"280\" height=\"330\" src=\"https:\/\/www.capiparts.co.za\/wp-content\/uploads\/2024\/11\/shield03.png\" class=\"attachment-large size-large\" alt=\"\" srcset=\"https:\/\/www.capiparts.co.za\/wp-content\/uploads\/2024\/11\/shield03.png 280w, https:\/\/www.capiparts.co.za\/wp-content\/uploads\/2024\/11\/shield03-255x300.png 255w\" sizes=\"auto, (max-width: 280px) 100vw, 280px\"><\/div><\/div><\/div><\/div><div class=\"wpb_column vc_column_container\"><div class=\"vc_column-inner\"><div class=\"w-image align_none\"><div class=\"w-image-h\"><img loading=\"lazy\" decoding=\"async\" width=\"280\" height=\"330\" src=\"https:\/\/www.capiparts.co.za\/wp-content\/uploads\/2024\/11\/shield02.png\" class=\"attachment-large size-large\" alt=\"\" srcset=\"https:\/\/www.capiparts.co.za\/wp-content\/uploads\/2024\/11\/shield02.png 280w, https:\/\/www.capiparts.co.za\/wp-content\/uploads\/2024\/11\/shield02-255x300.png 255w\" sizes=\"auto, (max-width: 280px) 100vw, 280px\"><\/div><\/div><\/div><\/div><div class=\"wpb_column vc_column_container\"><div class=\"vc_column-inner\"><div class=\"w-image align_none\"><div class=\"w-image-h\"><img loading=\"lazy\" decoding=\"async\" width=\"280\" height=\"330\" src=\"https:\/\/www.capiparts.co.za\/wp-content\/uploads\/2024\/11\/shield01.png\" class=\"attachment-large size-large\" alt=\"\" srcset=\"https:\/\/www.capiparts.co.za\/wp-content\/uploads\/2024\/11\/shield01.png 280w, https:\/\/www.capiparts.co.za\/wp-content\/uploads\/2024\/11\/shield01-255x300.png 255w\" sizes=\"auto, (max-width: 280px) 100vw, 280px\"><\/div><\/div><\/div><\/div><div class=\"wpb_column vc_column_container\"><div class=\"vc_column-inner\"><div class=\"w-image align_none\"><div class=\"w-image-h\"><img loading=\"lazy\" decoding=\"async\" width=\"280\" height=\"330\" src=\"https:\/\/www.capiparts.co.za\/wp-content\/uploads\/2024\/11\/shield04.png\" class=\"attachment-large size-large\" alt=\"\" srcset=\"https:\/\/www.capiparts.co.za\/wp-content\/uploads\/2024\/11\/shield04.png 280w, https:\/\/www.capiparts.co.za\/wp-content\/uploads\/2024\/11\/shield04-255x300.png 255w\" sizes=\"auto, (max-width: 280px) 100vw, 280px\"><\/div><\/div><\/div><\/div><\/div><\/div><\/section><section class=\"l-section wpb_row hide_on_mobiles height_huge color_secondary with_img parallax_fixed\"><div class=\"l-section-img\" style=\"background-image: url(https:\/\/www.capiparts.co.za\/wp-content\/uploads\/2019\/05\/about-paralax-new.jpg);\" data-img-width=\"1920\" data-img-height=\"1080\"><\/div><div class=\"l-section-h i-cf\"><div class=\"g-cols vc_row via_grid cols_3 laptops-cols_inherit tablets-cols_inherit mobiles-cols_2 valign_middle type_default stacking_default\"><div class=\"wpb_column vc_column_container us_custom_c7cdf5e5 has_bg_color\"><div class=\"vc_column-inner\"><div class=\"w-text us_custom_460bfa53 has_text_color\"><a target=\"_blank\" href=\"https:\/\/www.capiparts.co.za\/wp-content\/uploads\/2024\/08\/CEP-Company-Profile.pdf\" rel=\"noopener\" class=\"w-text-h\"><span class=\"w-text-value\">Profil de l\u2019entreprise<\/span><\/a><\/div><div class=\"w-image align_none\"><a target=\"_blank\" href=\"https:\/\/www.capiparts.co.za\/wp-content\/uploads\/CAPI001_Company-Profile.pdf\" rel=\"noopener\" aria-label=\"Lien\" class=\"w-image-h\"><img loading=\"lazy\" decoding=\"async\" width=\"400\" height=\"586\" src=\"https:\/\/www.capiparts.co.za\/wp-content\/uploads\/2025\/07\/capiparts-company-profile.png\" class=\"attachment-large size-large\" alt=\"\" srcset=\"https:\/\/www.capiparts.co.za\/wp-content\/uploads\/2025\/07\/capiparts-company-profile.png 400w, https:\/\/www.capiparts.co.za\/wp-content\/uploads\/2025\/07\/capiparts-company-profile-205x300.png 205w\" sizes=\"auto, (max-width: 400px) 100vw, 400px\"><\/a><\/div><\/div><\/div><div class=\"wpb_column vc_column_container us_custom_c7cdf5e5 has_bg_color\"><div class=\"vc_column-inner\"><div class=\"w-text us_custom_460bfa53 has_text_color\"><a target=\"_blank\" href=\"https:\/\/www.capiparts.co.za\/wp-content\/uploads\/2025\/06\/CapiParts-Company-Code-of-Conduct.pdf\" rel=\"noopener\" class=\"w-text-h\"><span class=\"w-text-value\">Code de conduite<\/span><\/a><\/div><div class=\"w-image align_none\"><a target=\"_blank\" href=\"https:\/\/www.capiparts.co.za\/wp-content\/uploads\/CAPI003_Code-of-Conduct.pdf\" rel=\"noopener\" aria-label=\"Lien\" class=\"w-image-h\"><img loading=\"lazy\" decoding=\"async\" width=\"400\" height=\"586\" src=\"https:\/\/www.capiparts.co.za\/wp-content\/uploads\/2025\/07\/capiparts-code-of-conduct-thumbnail.png\" class=\"attachment-large size-large\" alt=\"\" srcset=\"https:\/\/www.capiparts.co.za\/wp-content\/uploads\/2025\/07\/capiparts-code-of-conduct-thumbnail.png 400w, https:\/\/www.capiparts.co.za\/wp-content\/uploads\/2025\/07\/capiparts-code-of-conduct-thumbnail-205x300.png 205w\" sizes=\"auto, (max-width: 400px) 100vw, 400px\"><\/a><\/div><\/div><\/div><div class=\"wpb_column vc_column_container us_custom_c7cdf5e5 has_bg_color\"><div class=\"vc_column-inner\"><div class=\"w-text us_custom_460bfa53 has_text_color\"><a target=\"_blank\" href=\"https:\/\/www.capiparts.co.za\/wp-content\/uploads\/2025\/02\/CapiParts-Values.pdf\" rel=\"noopener\" class=\"w-text-h\"><span class=\"w-text-value\">Les valeurs de CapiParts<\/span><\/a><\/div><div class=\"w-image align_none\"><a target=\"_blank\" href=\"https:\/\/www.capiparts.co.za\/wp-content\/uploads\/CAPI010_Values.pdf\" rel=\"noopener\" aria-label=\"Lien\" class=\"w-image-h\"><img loading=\"lazy\" decoding=\"async\" width=\"400\" height=\"586\" src=\"https:\/\/www.capiparts.co.za\/wp-content\/uploads\/2025\/07\/capiparts-values.png\" class=\"attachment-large size-large\" alt=\"\" srcset=\"https:\/\/www.capiparts.co.za\/wp-content\/uploads\/2025\/07\/capiparts-values.png 400w, https:\/\/www.capiparts.co.za\/wp-content\/uploads\/2025\/07\/capiparts-values-205x300.png 205w\" sizes=\"auto, (max-width: 400px) 100vw, 400px\"><\/a><\/div><\/div><\/div><\/div><\/div><\/section><section class=\"l-section wpb_row hide_on_default hide_on_laptops hide_on_tablets height_large color_secondary with_img parallax_fixed\"><div class=\"l-section-img\" style=\"background-image: url(https:\/\/www.capiparts.co.za\/wp-content\/uploads\/2019\/05\/about-paralax-new.jpg);\" data-img-width=\"1920\" data-img-height=\"1080\"><\/div><div class=\"l-section-h i-cf\"><div class=\"g-cols vc_row via_grid cols_3 laptops-cols_inherit tablets-cols_inherit mobiles-cols_2 valign_middle type_default stacking_default\"><div class=\"wpb_column vc_column_container us_custom_c7cdf5e5 has_bg_color\"><div class=\"vc_column-inner\"><div class=\"w-text us_custom_eafc329b has_text_color\"><a target=\"_blank\" href=\"https:\/\/www.capiparts.co.za\/wp-content\/uploads\/2024\/08\/CEP-Company-Profile.pdf\" rel=\"noopener\" class=\"w-text-h\"><span class=\"w-text-value\">Profil de l\u2019entreprise<\/span><\/a><\/div><div class=\"w-image align_none\"><a target=\"_blank\" href=\"https:\/\/www.capiparts.co.za\/wp-content\/uploads\/CAPI001_Company-Profile.pdf\" rel=\"noopener\" aria-label=\"Lien\" class=\"w-image-h\"><img loading=\"lazy\" decoding=\"async\" width=\"400\" height=\"586\" src=\"https:\/\/www.capiparts.co.za\/wp-content\/uploads\/2025\/07\/capiparts-company-profile.png\" class=\"attachment-large size-large\" alt=\"\" srcset=\"https:\/\/www.capiparts.co.za\/wp-content\/uploads\/2025\/07\/capiparts-company-profile.png 400w, https:\/\/www.capiparts.co.za\/wp-content\/uploads\/2025\/07\/capiparts-company-profile-205x300.png 205w\" sizes=\"auto, (max-width: 400px) 100vw, 400px\"><\/a><\/div><\/div><\/div><div class=\"wpb_column vc_column_container us_custom_c7cdf5e5 has_bg_color\"><div class=\"vc_column-inner\"><div class=\"w-text us_custom_eafc329b has_text_color\"><a target=\"_blank\" href=\"https:\/\/www.capiparts.co.za\/wp-content\/uploads\/2025\/06\/CapiParts-Company-Code-of-Conduct.pdf\" rel=\"noopener\" class=\"w-text-h\"><span class=\"w-text-value\">Code de conduite<\/span><\/a><\/div><div class=\"w-image align_none\"><a target=\"_blank\" href=\"https:\/\/www.capiparts.co.za\/wp-content\/uploads\/CAPI003_Code-of-Conduct.pdf\" rel=\"noopener\" aria-label=\"Lien\" class=\"w-image-h\"><img loading=\"lazy\" decoding=\"async\" width=\"400\" height=\"586\" src=\"https:\/\/www.capiparts.co.za\/wp-content\/uploads\/2025\/07\/capiparts-code-of-conduct-thumbnail.png\" class=\"attachment-large size-large\" alt=\"\" srcset=\"https:\/\/www.capiparts.co.za\/wp-content\/uploads\/2025\/07\/capiparts-code-of-conduct-thumbnail.png 400w, https:\/\/www.capiparts.co.za\/wp-content\/uploads\/2025\/07\/capiparts-code-of-conduct-thumbnail-205x300.png 205w\" sizes=\"auto, (max-width: 400px) 100vw, 400px\"><\/a><\/div><\/div><\/div><div class=\"wpb_column vc_column_container us_custom_c7cdf5e5 has_bg_color\"><div class=\"vc_column-inner\"><div class=\"w-text us_custom_eafc329b has_text_color\"><a target=\"_blank\" href=\"https:\/\/www.capiparts.co.za\/wp-content\/uploads\/2025\/02\/CapiParts-Values.pdf\" rel=\"noopener\" class=\"w-text-h\"><span class=\"w-text-value\">Les valeurs de CapiParts<\/span><\/a><\/div><div class=\"w-image align_none\"><a target=\"_blank\" href=\"https:\/\/www.capiparts.co.za\/wp-content\/uploads\/CAPI010_Values.pdf\" rel=\"noopener\" aria-label=\"Lien\" class=\"w-image-h\"><img loading=\"lazy\" decoding=\"async\" width=\"400\" height=\"586\" src=\"https:\/\/www.capiparts.co.za\/wp-content\/uploads\/2025\/07\/capiparts-values.png\" class=\"attachment-large size-large\" alt=\"\" srcset=\"https:\/\/www.capiparts.co.za\/wp-content\/uploads\/2025\/07\/capiparts-values.png 400w, https:\/\/www.capiparts.co.za\/wp-content\/uploads\/2025\/07\/capiparts-values-205x300.png 205w\" sizes=\"auto, (max-width: 400px) 100vw, 400px\"><\/a><\/div><\/div><\/div><\/div><\/div><\/section><section class=\"l-section wpb_row us_custom_6b365316 height_small\"><div class=\"l-section-h i-cf\"><div class=\"g-cols vc_row via_grid cols_1 laptops-cols_inherit tablets-cols_inherit mobiles-cols_1 valign_top type_default stacking_default\"><div class=\"wpb_column vc_column_container\"><div class=\"vc_column-inner\"><div class=\"w-text us_custom_b150e2b5 has_text_color\"><span class=\"w-text-h\"><span class=\"w-text-value\">Visitez notre boutique en ligne<\/span><\/span><\/div><div class=\"w-btn-wrapper align_center\"><a class=\"w-btn us-btn-style_1 us_custom_23cf39a6\" href=\"https:\/\/capipartsonline.com\" target=\"_blank\" rel=\"noopener\"><span class=\"w-btn-label\">Boutique en ligne<\/span><\/a><\/div><\/div><\/div><\/div><\/div><\/section>\n","protected":false},"excerpt":{"rendered":"\u00c0 propos des pi\u00e8ces d\u2019\u00e9quipement Nous sommes CapiPartsEntreprise familiale profond\u00e9ment enracin\u00e9e dans l\u2019industrie mini\u00e8re, CapiParts ach\u00e8te et vend des pi\u00e8ces et des composants de premi\u00e8re qualit\u00e9 pour les machines mini\u00e8res. Nous sommes votre source #1 pour des remplacements abordables de surplus OEM d\u2019origine, de GPM et de pi\u00e8ces de rechange, aidant strat\u00e9giquement les clients du...","protected":false},"author":2,"featured_media":69667,"parent":0,"menu_order":0,"comment_status":"closed","ping_status":"closed","template":"","meta":{"footnotes":""},"class_list":["post-70017","page","type-page","status-publish","has-post-thumbnail","hentry"],"_links":{"self":[{"href":"https:\/\/www.capiparts.co.za\/fr\/wp-json\/wp\/v2\/pages\/70017","targetHints":{"allow":["GET"]}}],"collection":[{"href":"https:\/\/www.capiparts.co.za\/fr\/wp-json\/wp\/v2\/pages"}],"about":[{"href":"https:\/\/www.capiparts.co.za\/fr\/wp-json\/wp\/v2\/types\/page"}],"author":[{"embeddable":true,"href":"https:\/\/www.capiparts.co.za\/fr\/wp-json\/wp\/v2\/users\/2"}],"replies":[{"embeddable":true,"href":"https:\/\/www.capiparts.co.za\/fr\/wp-json\/wp\/v2\/comments?post=70017"}],"version-history":[{"count":17,"href":"https:\/\/www.capiparts.co.za\/fr\/wp-json\/wp\/v2\/pages\/70017\/revisions"}],"predecessor-version":[{"id":73730,"href":"https:\/\/www.capiparts.co.za\/fr\/wp-json\/wp\/v2\/pages\/70017\/revisions\/73730"}],"wp:featuredmedia":[{"embeddable":true,"href":"https:\/\/www.capiparts.co.za\/fr\/wp-json\/wp\/v2\/media\/69667"}],"wp:attachment":[{"href":"https:\/\/www.capiparts.co.za\/fr\/wp-json\/wp\/v2\/media?parent=70017"}],"curies":[{"name":"wp","href":"https:\/\/api.w.org\/{rel}","templated":true}]}}