{"id":70040,"date":"2019-05-05T23:12:53","date_gmt":"2019-05-05T23:12:53","guid":{"rendered":"https:\/\/www.capiparts.co.za\/pieces-dusure\/"},"modified":"2025-05-21T20:04:05","modified_gmt":"2025-05-21T20:04:05","slug":"pieces-dusure","status":"publish","type":"page","link":"https:\/\/www.capiparts.co.za\/fr\/pieces-dusure\/","title":{"rendered":"PI\u00c8CES D\u2019USURE"},"content":{"rendered":"<section class=\"l-section wpb_row height_medium color_secondary with_img\"><div class=\"l-section-img\" style=\"background-image: url(https:\/\/www.capiparts.co.za\/wp-content\/uploads\/2019\/05\/about-header.jpg);\" data-img-width=\"1920\" data-img-height=\"400\"><\/div><div class=\"l-section-h i-cf\"><div class=\"g-cols vc_row via_grid cols_1 laptops-cols_inherit tablets-cols_inherit mobiles-cols_1 valign_middle type_default stacking_default\"><div class=\"wpb_column vc_column_container\"><div class=\"vc_column-inner\"><div class=\"wpb_text_column\"><div class=\"wpb_wrapper\"><h1>OUTILS D\u2019ATTAQUE DU SOL (G.E.T)<\/h1>\n<\/div><\/div><\/div><\/div><\/div><\/div><\/section><section class=\"l-section wpb_row height_medium\"><div class=\"l-section-h i-cf\"><div class=\"g-cols vc_row via_grid cols_2 laptops-cols_inherit tablets-cols_inherit mobiles-cols_1 valign_top type_default stacking_default\"><div class=\"wpb_column vc_column_container\"><div class=\"vc_column-inner\"><div class=\"w-image style_outlined align_center\"><a title=\"PI\u00c8CES D\u2019USURE MINI\u00c8RES\" href=\"https:\/\/www.capiparts.co.za\/fr\/pieces-dusure-minieres\/\" aria-label=\"Lien\" class=\"w-image-h\"><img loading=\"lazy\" decoding=\"async\" width=\"600\" height=\"400\" src=\"https:\/\/www.capiparts.co.za\/wp-content\/uploads\/2023\/06\/WEAR-PROTECTION-PARTS.jpg\" class=\"attachment-full size-full\" alt=\"PI\u00c8CES DE PROTECTION CONTRE L\u2019USURE\" srcset=\"https:\/\/www.capiparts.co.za\/wp-content\/uploads\/2023\/06\/WEAR-PROTECTION-PARTS.jpg 600w, https:\/\/www.capiparts.co.za\/wp-content\/uploads\/2023\/06\/WEAR-PROTECTION-PARTS-300x200.jpg 300w, https:\/\/www.capiparts.co.za\/wp-content\/uploads\/2023\/06\/WEAR-PROTECTION-PARTS-64x43.jpg 64w\" sizes=\"auto, (max-width: 600px) 100vw, 600px\" \/><\/a><\/div><div class=\"w-separator size_small\"><\/div><div class=\"wpb_text_column\"><div class=\"wpb_wrapper\"><h4 style=\"text-align: center;\">PI\u00c8CES DE PROTECTION CONTRE L\u2019USURE<br \/>\nMINI\u00c8RE<\/h4>\n<\/div><\/div><\/div><\/div><div class=\"wpb_column vc_column_container\"><div class=\"vc_column-inner\"><div class=\"w-image style_outlined align_center\"><a title=\"PI\u00c8CES D&#039;USURE POUR LA CONSTRUCTION\" href=\"\/construction-wear-parts\/\" aria-label=\"Lien\" class=\"w-image-h\"><img loading=\"lazy\" decoding=\"async\" width=\"600\" height=\"400\" src=\"https:\/\/www.capiparts.co.za\/wp-content\/uploads\/2019\/05\/construction-wear-tab.jpg\" class=\"attachment-full size-full\" alt=\"languette d\u2019usure de construction\" srcset=\"https:\/\/www.capiparts.co.za\/wp-content\/uploads\/2019\/05\/construction-wear-tab.jpg 600w, https:\/\/www.capiparts.co.za\/wp-content\/uploads\/2019\/05\/construction-wear-tab-300x200.jpg 300w\" sizes=\"auto, (max-width: 600px) 100vw, 600px\" \/><\/a><\/div><div class=\"w-separator size_small\"><\/div><div class=\"wpb_text_column\"><div class=\"wpb_wrapper\"><h4 style=\"text-align: center;\">PI\u00c8CES DE PROTECTION CONTRE L\u2019USURE<br \/>\nDE CONSTRUCTION<\/h4>\n<\/div><\/div><\/div><\/div><\/div><\/div><\/section><section class=\"l-section wpb_row height_medium\"><div class=\"l-section-h i-cf\"><div class=\"g-cols vc_row via_grid cols_1 laptops-cols_inherit tablets-cols_inherit mobiles-cols_1 valign_top type_default stacking_default\"><div class=\"wpb_column vc_column_container\"><div class=\"vc_column-inner\"><div class=\"wpb_text_column\"><div class=\"wpb_wrapper\"><div class=\"et_pb_text et_pb_module et_pb_bg_layout_light et_pb_text_align_left et_pb_text_0\">\n<p class=\"et_pb_text_inner\" style=\"text-align: center;\"><span style=\"color: #050909;\">Les pi\u00e8ces de protection contre l\u2019usure dans l\u2019exploitation mini\u00e8re font r\u00e9f\u00e9rence \u00e0 des composants sp\u00e9cialis\u00e9s con\u00e7us pour r\u00e9sister aux conditions difficiles et aux environnements <a href=\"https:\/\/en.wikipedia.org\/wiki\/Abrasion_(mechanical)\" target=\"_blank\" rel=\"noopener\">abrasifs<\/a> rencontr\u00e9s lors des op\u00e9rations mini\u00e8res. Ces pi\u00e8ces sont cruciales pour prot\u00e9ger les \u00e9quipements et les machines contre <a href=\"\/?page_id=70030\">l\u2019usure<\/a> excessive, prolonger leur dur\u00e9e de vie et r\u00e9duire les co\u00fbts de maintenance. <\/span><\/p>\n<\/div>\n<\/div><\/div><div class=\"wpb_text_column\"><div class=\"wpb_wrapper\"><div class=\"et_pb_text et_pb_module et_pb_bg_layout_light et_pb_text_align_left et_pb_text_0\">\n<h2 class=\"et_pb_text_inner\" style=\"text-align: center;\"><span style=\"color: #050909;\"><strong>Vos sp\u00e9cialistes des pi\u00e8ces d\u00e9tach\u00e9es  <\/strong><\/span><\/h2>\n<\/div>\n<\/div><\/div><div class=\"w-separator size_small\"><\/div><div class=\"w-btn-wrapper align_center\"><a class=\"w-btn us-btn-style_1 us_custom_1e0e9307\" href=\"https:\/\/www.capiparts.co.za\/fr\/contacter-pieces-dequipement\/\"><span class=\"w-btn-label\">CONTACTEZ-NOUS D\u00c8S AUJOURD&apos;HUI<\/span><\/a><\/div><\/div><\/div><\/div><\/div><\/section>\n","protected":false},"excerpt":{"rendered":"OUTILS D\u2019ATTAQUE DU SOL (G.E.T) PI\u00c8CES DE PROTECTION CONTRE L\u2019USURE MINI\u00c8RE PI\u00c8CES DE PROTECTION CONTRE L\u2019USURE DE CONSTRUCTION Les pi\u00e8ces de protection contre l\u2019usure dans l\u2019exploitation mini\u00e8re font r\u00e9f\u00e9rence \u00e0 des composants sp\u00e9cialis\u00e9s con\u00e7us pour r\u00e9sister aux conditions difficiles et aux environnements abrasifs rencontr\u00e9s lors des op\u00e9rations mini\u00e8res. Ces pi\u00e8ces sont cruciales pour prot\u00e9ger les...","protected":false},"author":2,"featured_media":67072,"parent":0,"menu_order":0,"comment_status":"closed","ping_status":"closed","template":"","meta":{"footnotes":""},"class_list":["post-70040","page","type-page","status-publish","has-post-thumbnail","hentry"],"_links":{"self":[{"href":"https:\/\/www.capiparts.co.za\/fr\/wp-json\/wp\/v2\/pages\/70040","targetHints":{"allow":["GET"]}}],"collection":[{"href":"https:\/\/www.capiparts.co.za\/fr\/wp-json\/wp\/v2\/pages"}],"about":[{"href":"https:\/\/www.capiparts.co.za\/fr\/wp-json\/wp\/v2\/types\/page"}],"author":[{"embeddable":true,"href":"https:\/\/www.capiparts.co.za\/fr\/wp-json\/wp\/v2\/users\/2"}],"replies":[{"embeddable":true,"href":"https:\/\/www.capiparts.co.za\/fr\/wp-json\/wp\/v2\/comments?post=70040"}],"version-history":[{"count":6,"href":"https:\/\/www.capiparts.co.za\/fr\/wp-json\/wp\/v2\/pages\/70040\/revisions"}],"predecessor-version":[{"id":71932,"href":"https:\/\/www.capiparts.co.za\/fr\/wp-json\/wp\/v2\/pages\/70040\/revisions\/71932"}],"wp:featuredmedia":[{"embeddable":true,"href":"https:\/\/www.capiparts.co.za\/fr\/wp-json\/wp\/v2\/media\/67072"}],"wp:attachment":[{"href":"https:\/\/www.capiparts.co.za\/fr\/wp-json\/wp\/v2\/media?parent=70040"}],"curies":[{"name":"wp","href":"https:\/\/api.w.org\/{rel}","templated":true}]}}