{"id":73218,"date":"2023-02-15T20:17:07","date_gmt":"2023-02-15T20:17:07","guid":{"rendered":"https:\/\/www.capiparts.co.za\/distributeurs\/"},"modified":"2025-08-19T17:46:46","modified_gmt":"2025-08-19T17:46:46","slug":"distributeurs","status":"publish","type":"page","link":"https:\/\/www.capiparts.co.za\/fr\/distributeurs\/","title":{"rendered":"DISTRIBUTEURS"},"content":{"rendered":"<section class=\"l-section wpb_row height_medium color_secondary with_img\"><div class=\"l-section-img\" style=\"background-image: url(https:\/\/www.capiparts.co.za\/wp-content\/uploads\/2019\/05\/downloads-header.jpg);\" data-img-width=\"1920\" data-img-height=\"400\"><\/div><div class=\"l-section-h i-cf\"><div class=\"g-cols vc_row via_grid cols_1 laptops-cols_inherit tablets-cols_inherit mobiles-cols_1 valign_middle type_default stacking_default\"><div class=\"wpb_column vc_column_container\"><div class=\"vc_column-inner\"><div class=\"wpb_text_column us_custom_46b6bebf\"><div class=\"wpb_wrapper\"><p>Distributeurs<\/p>\n<\/div><\/div><\/div><\/div><\/div><\/div><\/section><section class=\"l-section wpb_row us_custom_55df199d hide_on_mobiles height_medium\"><div class=\"l-section-h i-cf\"><div class=\"g-cols vc_row via_grid cols_1 laptops-cols_inherit tablets-cols_inherit mobiles-cols_1 valign_top type_default stacking_default\"><div class=\"wpb_column vc_column_container\"><div class=\"vc_column-inner\"><div class=\"w-text us_custom_590af28b has_text_color\"><span class=\"w-text-h\"><span class=\"w-text-value\">CapiParts est un fier distributeur des marques les plus populaires de l\u2019industrie mini\u00e8re.&lt;\/br&gt;  N\u2019h\u00e9sitez pas \u00e0 nous contacter si vous avez des questions.<\/span><\/span><\/div><div class=\"w-btn-wrapper align_center\"><a class=\"w-btn us-btn-style_1 us_custom_8021c1d2\" href=\"https:\/\/www.capiparts.co.za\/fr\/contacter-pieces-dequipement\/\"><span class=\"w-btn-label\">Contactez-nous<\/span><\/a><\/div><\/div><\/div><\/div><\/div><\/section><section class=\"l-section wpb_row us_custom_55df199d hide_on_default hide_on_laptops hide_on_tablets height_medium\"><div class=\"l-section-h i-cf\"><div class=\"g-cols vc_row via_grid cols_1 laptops-cols_inherit tablets-cols_inherit mobiles-cols_1 valign_top type_default stacking_default\"><div class=\"wpb_column vc_column_container\"><div class=\"vc_column-inner\"><div class=\"w-text us_custom_f7022b58 has_text_color\"><span class=\"w-text-h\"><span class=\"w-text-value\">CapiParts est un fier distributeur des marques les plus populaires de l\u2019industrie mini\u00e8re.&lt;\/br&gt;  N\u2019h\u00e9sitez pas \u00e0 nous contacter si vous avez des questions.<\/span><\/span><\/div><div class=\"w-btn-wrapper align_center\"><a class=\"w-btn us-btn-style_1 us_custom_8021c1d2\" href=\"https:\/\/www.capiparts.co.za\/fr\/contacter-pieces-dequipement\/\"><span class=\"w-btn-label\">Contactez-nous<\/span><\/a><\/div><\/div><\/div><\/div><\/div><\/section><section class=\"l-section wpb_row height_small\"><div class=\"l-section-h i-cf\"><div class=\"g-cols vc_row via_grid cols_1 laptops-cols_inherit tablets-cols_inherit mobiles-cols_1 valign_top type_default stacking_default\"><div class=\"wpb_column vc_column_container\"><div class=\"vc_column-inner\"><div class=\"w-separator size_medium\"><\/div><div class=\"w-text us_custom_19391c7c hide_on_mobiles\"><span class=\"w-text-h\"><span class=\"w-text-value\">Certificats de distributeur<\/span><\/span><\/div><div class=\"w-text us_custom_95a8e4d9 hide_on_default hide_on_laptops hide_on_tablets\"><span class=\"w-text-h\"><span class=\"w-text-value\">Certificats de distributeur<\/span><\/span><\/div><\/div><\/div><\/div><\/div><\/section><section class=\"l-section wpb_row us_custom_b51c0c2f hide_on_mobiles height_auto\"><div class=\"l-section-h i-cf\"><div class=\"g-cols vc_row via_grid cols_4 laptops-cols_inherit tablets-cols_inherit mobiles-cols_2 valign_top type_default stacking_default\"><div class=\"wpb_column vc_column_container us_custom_605be55a\"><div class=\"vc_column-inner\"><div class=\"w-separator size_medium\"><\/div><div class=\"w-text us_custom_c4fd7342\"><span class=\"w-text-h\"><span class=\"w-text-value\">Distributeur agr\u00e9\u00e9 de :<\/span><\/span><\/div><div class=\"w-image us_custom_a0708afc align_none\"><a target=\"_blank\" href=\"http:\/\/www.capiparts.co.za\/wp-content\/uploads\/2023\/02\/SEARS-seating-.pdf\" rel=\"noopener\" aria-label=\"Lien\" class=\"w-image-h\"><img loading=\"lazy\" decoding=\"async\" width=\"547\" height=\"260\" src=\"https:\/\/www.capiparts.co.za\/wp-content\/uploads\/2025\/07\/sears-authorised-distributors01.png\" class=\"attachment-large size-large\" alt=\"\" srcset=\"https:\/\/www.capiparts.co.za\/wp-content\/uploads\/2025\/07\/sears-authorised-distributors01.png 547w, https:\/\/www.capiparts.co.za\/wp-content\/uploads\/2025\/07\/sears-authorised-distributors01-300x143.png 300w, https:\/\/www.capiparts.co.za\/wp-content\/uploads\/2025\/07\/sears-authorised-distributors01-450x214.png 450w\" sizes=\"auto, (max-width: 547px) 100vw, 547px\"><\/a><\/div><div class=\"w-btn-wrapper align_center\"><a class=\"w-btn us-btn-style_1 us_custom_69d54193\" target=\"_blank\" href=\"http:\/\/www.capiparts.co.za\/wp-content\/uploads\/2023\/02\/SEARS-seating-.pdf\" rel=\"noopener\"><span class=\"w-btn-label\">T\u00e9l\u00e9charger le certificat<\/span><\/a><\/div><div class=\"w-separator size_medium\"><\/div><\/div><\/div><div class=\"wpb_column vc_column_container us_custom_605be55a\"><div class=\"vc_column-inner\"><div class=\"w-separator size_medium\"><\/div><div class=\"w-text us_custom_c4fd7342\"><span class=\"w-text-h\"><span class=\"w-text-value\">Distributeur agr\u00e9\u00e9 de :<\/span><\/span><\/div><div class=\"w-image us_custom_a0708afc align_none\"><a target=\"_blank\" href=\"http:\/\/www.capiparts.co.za\/wp-content\/uploads\/2023\/02\/United-Seats.pdf\" rel=\"noopener\" aria-label=\"Lien\" class=\"w-image-h\"><img loading=\"lazy\" decoding=\"async\" width=\"547\" height=\"260\" src=\"https:\/\/www.capiparts.co.za\/wp-content\/uploads\/2025\/07\/united-seats-distributors01.png\" class=\"attachment-large size-large\" alt=\"\" srcset=\"https:\/\/www.capiparts.co.za\/wp-content\/uploads\/2025\/07\/united-seats-distributors01.png 547w, https:\/\/www.capiparts.co.za\/wp-content\/uploads\/2025\/07\/united-seats-distributors01-300x143.png 300w, https:\/\/www.capiparts.co.za\/wp-content\/uploads\/2025\/07\/united-seats-distributors01-450x214.png 450w\" sizes=\"auto, (max-width: 547px) 100vw, 547px\"><\/a><\/div><div class=\"w-btn-wrapper align_center\"><a class=\"w-btn us-btn-style_1 us_custom_69d54193\" target=\"_blank\" href=\"http:\/\/www.capiparts.co.za\/wp-content\/uploads\/2023\/02\/United-Seats.pdf\" rel=\"noopener\"><span class=\"w-btn-label\">T\u00e9l\u00e9charger le certificat<\/span><\/a><\/div><div class=\"w-separator size_medium\"><\/div><\/div><\/div><div class=\"wpb_column vc_column_container us_custom_605be55a\"><div class=\"vc_column-inner\"><div class=\"w-separator size_medium\"><\/div><div class=\"w-text us_custom_c4fd7342\"><span class=\"w-text-h\"><span class=\"w-text-value\">Distributeur agr\u00e9\u00e9 de :<\/span><\/span><\/div><div class=\"w-image us_custom_a0708afc align_none\"><a target=\"_blank\" href=\"http:\/\/www.capiparts.co.za\/wp-content\/uploads\/2023\/02\/T.O.C..pdf\" rel=\"noopener\" aria-label=\"Lien\" class=\"w-image-h\"><img loading=\"lazy\" decoding=\"async\" width=\"547\" height=\"260\" src=\"https:\/\/www.capiparts.co.za\/wp-content\/uploads\/2025\/07\/toc-distributors01.png\" class=\"attachment-large size-large\" alt=\"\" srcset=\"https:\/\/www.capiparts.co.za\/wp-content\/uploads\/2025\/07\/toc-distributors01.png 547w, https:\/\/www.capiparts.co.za\/wp-content\/uploads\/2025\/07\/toc-distributors01-300x143.png 300w, https:\/\/www.capiparts.co.za\/wp-content\/uploads\/2025\/07\/toc-distributors01-450x214.png 450w\" sizes=\"auto, (max-width: 547px) 100vw, 547px\"><\/a><\/div><div class=\"w-btn-wrapper align_center\"><a class=\"w-btn us-btn-style_1 us_custom_69d54193\" target=\"_blank\" href=\"http:\/\/www.capiparts.co.za\/wp-content\/uploads\/2023\/02\/T.O.C..pdf\" rel=\"noopener\"><span class=\"w-btn-label\">T\u00e9l\u00e9charger le certificat<\/span><\/a><\/div><div class=\"w-separator size_medium\"><\/div><\/div><\/div><div class=\"wpb_column vc_column_container us_custom_605be55a\"><div class=\"vc_column-inner\"><div class=\"w-separator size_medium\"><\/div><div class=\"w-text us_custom_c4fd7342\"><span class=\"w-text-h\"><span class=\"w-text-value\">Distributeur agr\u00e9\u00e9 de :<\/span><\/span><\/div><div class=\"w-image us_custom_a0708afc align_none\"><a target=\"_blank\" href=\"https:\/\/www.capiparts.co.za\/wp-content\/uploads\/2024\/02\/Distribution-Cefrtificate-Latest.pdf\" rel=\"noopener\" aria-label=\"Lien\" class=\"w-image-h\"><img loading=\"lazy\" decoding=\"async\" width=\"547\" height=\"260\" src=\"https:\/\/www.capiparts.co.za\/wp-content\/uploads\/2025\/07\/euroricambi-distributors01.png\" class=\"attachment-large size-large\" alt=\"\" srcset=\"https:\/\/www.capiparts.co.za\/wp-content\/uploads\/2025\/07\/euroricambi-distributors01.png 547w, https:\/\/www.capiparts.co.za\/wp-content\/uploads\/2025\/07\/euroricambi-distributors01-300x143.png 300w, https:\/\/www.capiparts.co.za\/wp-content\/uploads\/2025\/07\/euroricambi-distributors01-450x214.png 450w\" sizes=\"auto, (max-width: 547px) 100vw, 547px\"><\/a><\/div><div class=\"w-btn-wrapper align_center\"><a class=\"w-btn us-btn-style_1 us_custom_69d54193\" target=\"_blank\" href=\"https:\/\/www.capiparts.co.za\/wp-content\/uploads\/2024\/02\/Distribution-Cefrtificate-Latest.pdf\" rel=\"noopener\"><span class=\"w-btn-label\">T\u00e9l\u00e9charger le certificat<\/span><\/a><\/div><div class=\"w-separator size_medium\"><\/div><\/div><\/div><\/div><\/div><\/section><section class=\"l-section wpb_row us_custom_08d660e1 hide_on_mobiles height_auto\"><div class=\"l-section-h i-cf\"><div class=\"g-cols vc_row via_grid cols_4 laptops-cols_inherit tablets-cols_inherit mobiles-cols_2 valign_top type_default stacking_default\"><div class=\"wpb_column vc_column_container us_custom_605be55a\"><div class=\"vc_column-inner\"><div class=\"w-separator size_medium\"><\/div><div class=\"w-text us_custom_c4fd7342\"><span class=\"w-text-h\"><span class=\"w-text-value\">Distributeur agr\u00e9\u00e9 de :<\/span><\/span><\/div><div class=\"w-image us_custom_a0708afc align_none\"><a target=\"_blank\" href=\"http:\/\/www.capiparts.co.za\/wp-content\/uploads\/2023\/02\/SEARS-seating-.pdf\" rel=\"noopener\" aria-label=\"Lien\" class=\"w-image-h\"><img loading=\"lazy\" decoding=\"async\" width=\"547\" height=\"260\" src=\"https:\/\/www.capiparts.co.za\/wp-content\/uploads\/2025\/07\/interstate-mcbee-distributors01.png\" class=\"attachment-large size-large\" alt=\"\" srcset=\"https:\/\/www.capiparts.co.za\/wp-content\/uploads\/2025\/07\/interstate-mcbee-distributors01.png 547w, https:\/\/www.capiparts.co.za\/wp-content\/uploads\/2025\/07\/interstate-mcbee-distributors01-300x143.png 300w, https:\/\/www.capiparts.co.za\/wp-content\/uploads\/2025\/07\/interstate-mcbee-distributors01-450x214.png 450w\" sizes=\"auto, (max-width: 547px) 100vw, 547px\"><\/a><\/div><div class=\"w-btn-wrapper align_center\"><a class=\"w-btn us-btn-style_1 us_custom_69d54193\" target=\"_blank\" href=\"http:\/\/www.capiparts.co.za\/wp-content\/uploads\/2023\/02\/SEARS-seating-.pdf\" rel=\"noopener\"><span class=\"w-btn-label\">T\u00e9l\u00e9charger le certificat<\/span><\/a><\/div><div class=\"w-separator size_medium\"><\/div><\/div><\/div><div class=\"wpb_column vc_column_container us_custom_605be55a\"><div class=\"vc_column-inner\"><div class=\"w-separator size_medium\"><\/div><div class=\"w-text us_custom_c4fd7342\"><span class=\"w-text-h\"><span class=\"w-text-value\">Distributeur agr\u00e9\u00e9 de :<\/span><\/span><\/div><div class=\"w-image us_custom_a0708afc align_none\"><a target=\"_blank\" href=\"https:\/\/www.capiparts.co.za\/wp-content\/uploads\/2025\/02\/SAP-certificate-SA.pdf\" rel=\"noopener\" aria-label=\"Lien\" class=\"w-image-h\"><img loading=\"lazy\" decoding=\"async\" width=\"547\" height=\"260\" src=\"https:\/\/www.capiparts.co.za\/wp-content\/uploads\/2025\/07\/sap-distributors01.png\" class=\"attachment-large size-large\" alt=\"\" srcset=\"https:\/\/www.capiparts.co.za\/wp-content\/uploads\/2025\/07\/sap-distributors01.png 547w, https:\/\/www.capiparts.co.za\/wp-content\/uploads\/2025\/07\/sap-distributors01-300x143.png 300w, https:\/\/www.capiparts.co.za\/wp-content\/uploads\/2025\/07\/sap-distributors01-450x214.png 450w\" sizes=\"auto, (max-width: 547px) 100vw, 547px\"><\/a><\/div><div class=\"w-btn-wrapper align_center\"><a class=\"w-btn us-btn-style_1 us_custom_69d54193\" target=\"_blank\" href=\"https:\/\/www.capiparts.co.za\/wp-content\/uploads\/2025\/02\/SAP-certificate-SA.pdf\" rel=\"noopener\"><span class=\"w-btn-label\">T\u00e9l\u00e9charger le certificat<\/span><\/a><\/div><div class=\"w-separator size_medium\"><\/div><\/div><\/div><\/div><\/div><\/section><section class=\"l-section wpb_row us_custom_b51c0c2f hide_on_default hide_on_laptops hide_on_tablets height_auto\"><div class=\"l-section-h i-cf\"><div class=\"g-cols vc_row via_grid cols_4 laptops-cols_inherit tablets-cols_inherit mobiles-cols_2 valign_top type_default stacking_default\"><div class=\"wpb_column vc_column_container us_custom_605be55a\"><div class=\"vc_column-inner\"><div class=\"w-separator size_medium\"><\/div><div class=\"w-text us_custom_9d8f5d17\"><span class=\"w-text-h\"><span class=\"w-text-value\">Distributeur agr\u00e9\u00e9 de :<\/span><\/span><\/div><div class=\"w-image us_custom_a0708afc align_none\"><a target=\"_blank\" href=\"http:\/\/www.capiparts.co.za\/wp-content\/uploads\/2023\/02\/SEARS-seating-.pdf\" rel=\"noopener\" aria-label=\"Lien\" class=\"w-image-h\"><img loading=\"lazy\" decoding=\"async\" width=\"547\" height=\"260\" src=\"https:\/\/www.capiparts.co.za\/wp-content\/uploads\/2025\/07\/sears-authorised-distributors01.png\" class=\"attachment-large size-large\" alt=\"\" srcset=\"https:\/\/www.capiparts.co.za\/wp-content\/uploads\/2025\/07\/sears-authorised-distributors01.png 547w, https:\/\/www.capiparts.co.za\/wp-content\/uploads\/2025\/07\/sears-authorised-distributors01-300x143.png 300w, https:\/\/www.capiparts.co.za\/wp-content\/uploads\/2025\/07\/sears-authorised-distributors01-450x214.png 450w\" sizes=\"auto, (max-width: 547px) 100vw, 547px\"><\/a><\/div><div class=\"w-btn-wrapper align_center\"><a class=\"w-btn us-btn-style_1 us_custom_a74f4e70\" target=\"_blank\" href=\"http:\/\/www.capiparts.co.za\/wp-content\/uploads\/2023\/02\/SEARS-seating-.pdf\" rel=\"noopener\"><span class=\"w-btn-label\">T\u00e9l\u00e9charger le certificat<\/span><\/a><\/div><div class=\"w-separator size_medium\"><\/div><\/div><\/div><div class=\"wpb_column vc_column_container us_custom_605be55a\"><div class=\"vc_column-inner\"><div class=\"w-separator size_medium\"><\/div><div class=\"w-text us_custom_9d8f5d17\"><span class=\"w-text-h\"><span class=\"w-text-value\">Distributeur agr\u00e9\u00e9 de :<\/span><\/span><\/div><div class=\"w-image us_custom_a0708afc align_none\"><a target=\"_blank\" href=\"http:\/\/www.capiparts.co.za\/wp-content\/uploads\/2023\/02\/United-Seats.pdf\" rel=\"noopener\" aria-label=\"Lien\" class=\"w-image-h\"><img loading=\"lazy\" decoding=\"async\" width=\"547\" height=\"260\" src=\"https:\/\/www.capiparts.co.za\/wp-content\/uploads\/2025\/07\/united-seats-distributors01.png\" class=\"attachment-large size-large\" alt=\"\" srcset=\"https:\/\/www.capiparts.co.za\/wp-content\/uploads\/2025\/07\/united-seats-distributors01.png 547w, https:\/\/www.capiparts.co.za\/wp-content\/uploads\/2025\/07\/united-seats-distributors01-300x143.png 300w, https:\/\/www.capiparts.co.za\/wp-content\/uploads\/2025\/07\/united-seats-distributors01-450x214.png 450w\" sizes=\"auto, (max-width: 547px) 100vw, 547px\"><\/a><\/div><div class=\"w-btn-wrapper align_center\"><a class=\"w-btn us-btn-style_1 us_custom_a74f4e70\" target=\"_blank\" href=\"http:\/\/www.capiparts.co.za\/wp-content\/uploads\/2023\/02\/United-Seats.pdf\" rel=\"noopener\"><span class=\"w-btn-label\">T\u00e9l\u00e9charger le certificat<\/span><\/a><\/div><div class=\"w-separator size_medium\"><\/div><\/div><\/div><div class=\"wpb_column vc_column_container us_custom_605be55a\"><div class=\"vc_column-inner\"><div class=\"w-separator size_medium\"><\/div><div class=\"w-text us_custom_9d8f5d17\"><span class=\"w-text-h\"><span class=\"w-text-value\">Distributeur agr\u00e9\u00e9 de :<\/span><\/span><\/div><div class=\"w-image us_custom_a0708afc align_none\"><a target=\"_blank\" href=\"http:\/\/www.capiparts.co.za\/wp-content\/uploads\/2023\/02\/T.O.C..pdf\" rel=\"noopener\" aria-label=\"Lien\" class=\"w-image-h\"><img loading=\"lazy\" decoding=\"async\" width=\"547\" height=\"260\" src=\"https:\/\/www.capiparts.co.za\/wp-content\/uploads\/2025\/07\/toc-distributors01.png\" class=\"attachment-large size-large\" alt=\"\" srcset=\"https:\/\/www.capiparts.co.za\/wp-content\/uploads\/2025\/07\/toc-distributors01.png 547w, https:\/\/www.capiparts.co.za\/wp-content\/uploads\/2025\/07\/toc-distributors01-300x143.png 300w, https:\/\/www.capiparts.co.za\/wp-content\/uploads\/2025\/07\/toc-distributors01-450x214.png 450w\" sizes=\"auto, (max-width: 547px) 100vw, 547px\"><\/a><\/div><div class=\"w-btn-wrapper align_center\"><a class=\"w-btn us-btn-style_1 us_custom_a74f4e70\" target=\"_blank\" href=\"http:\/\/www.capiparts.co.za\/wp-content\/uploads\/2023\/02\/T.O.C..pdf\" rel=\"noopener\"><span class=\"w-btn-label\">T\u00e9l\u00e9charger le certificat<\/span><\/a><\/div><div class=\"w-separator size_medium\"><\/div><\/div><\/div><div class=\"wpb_column vc_column_container us_custom_605be55a\"><div class=\"vc_column-inner\"><div class=\"w-separator size_medium\"><\/div><div class=\"w-text us_custom_9d8f5d17\"><span class=\"w-text-h\"><span class=\"w-text-value\">Distributeur agr\u00e9\u00e9 de :<\/span><\/span><\/div><div class=\"w-image us_custom_a0708afc align_none\"><a target=\"_blank\" href=\"https:\/\/www.capiparts.co.za\/wp-content\/uploads\/2024\/02\/Distribution-Cefrtificate-Latest.pdf\" rel=\"noopener\" aria-label=\"Lien\" class=\"w-image-h\"><img loading=\"lazy\" decoding=\"async\" width=\"547\" height=\"260\" src=\"https:\/\/www.capiparts.co.za\/wp-content\/uploads\/2025\/07\/euroricambi-distributors01.png\" class=\"attachment-large size-large\" alt=\"\" srcset=\"https:\/\/www.capiparts.co.za\/wp-content\/uploads\/2025\/07\/euroricambi-distributors01.png 547w, https:\/\/www.capiparts.co.za\/wp-content\/uploads\/2025\/07\/euroricambi-distributors01-300x143.png 300w, https:\/\/www.capiparts.co.za\/wp-content\/uploads\/2025\/07\/euroricambi-distributors01-450x214.png 450w\" sizes=\"auto, (max-width: 547px) 100vw, 547px\"><\/a><\/div><div class=\"w-btn-wrapper align_center\"><a class=\"w-btn us-btn-style_1 us_custom_a74f4e70\" target=\"_blank\" href=\"https:\/\/www.capiparts.co.za\/wp-content\/uploads\/2024\/02\/Distribution-Cefrtificate-Latest.pdf\" rel=\"noopener\"><span class=\"w-btn-label\">T\u00e9l\u00e9charger le certificat<\/span><\/a><\/div><div class=\"w-separator size_medium\"><\/div><\/div><\/div><\/div><\/div><\/section><section class=\"l-section wpb_row us_custom_08d660e1 hide_on_default hide_on_laptops hide_on_tablets height_auto\"><div class=\"l-section-h i-cf\"><div class=\"g-cols vc_row via_grid cols_4 laptops-cols_inherit tablets-cols_inherit mobiles-cols_2 valign_top type_default stacking_default\"><div class=\"wpb_column vc_column_container us_custom_605be55a\"><div class=\"vc_column-inner\"><div class=\"w-separator size_medium\"><\/div><div class=\"w-text us_custom_9d8f5d17\"><span class=\"w-text-h\"><span class=\"w-text-value\">Distributeur agr\u00e9\u00e9 de :<\/span><\/span><\/div><div class=\"w-image us_custom_a0708afc align_none\"><a target=\"_blank\" href=\"http:\/\/www.capiparts.co.za\/wp-content\/uploads\/2023\/02\/SEARS-seating-.pdf\" rel=\"noopener\" aria-label=\"Lien\" class=\"w-image-h\"><img loading=\"lazy\" decoding=\"async\" width=\"547\" height=\"260\" src=\"https:\/\/www.capiparts.co.za\/wp-content\/uploads\/2025\/07\/interstate-mcbee-distributors01.png\" class=\"attachment-large size-large\" alt=\"\" srcset=\"https:\/\/www.capiparts.co.za\/wp-content\/uploads\/2025\/07\/interstate-mcbee-distributors01.png 547w, https:\/\/www.capiparts.co.za\/wp-content\/uploads\/2025\/07\/interstate-mcbee-distributors01-300x143.png 300w, https:\/\/www.capiparts.co.za\/wp-content\/uploads\/2025\/07\/interstate-mcbee-distributors01-450x214.png 450w\" sizes=\"auto, (max-width: 547px) 100vw, 547px\"><\/a><\/div><div class=\"w-btn-wrapper align_center\"><a class=\"w-btn us-btn-style_1 us_custom_a74f4e70\" target=\"_blank\" href=\"http:\/\/www.capiparts.co.za\/wp-content\/uploads\/2023\/02\/SEARS-seating-.pdf\" rel=\"noopener\"><span class=\"w-btn-label\">T\u00e9l\u00e9charger le certificat<\/span><\/a><\/div><div class=\"w-separator size_medium\"><\/div><\/div><\/div><div class=\"wpb_column vc_column_container us_custom_605be55a\"><div class=\"vc_column-inner\"><div class=\"w-separator size_medium\"><\/div><div class=\"w-text us_custom_9d8f5d17\"><span class=\"w-text-h\"><span class=\"w-text-value\">Distributeur agr\u00e9\u00e9 de :<\/span><\/span><\/div><div class=\"w-image us_custom_a0708afc align_none\"><a target=\"_blank\" href=\"https:\/\/www.capiparts.co.za\/wp-content\/uploads\/2025\/02\/SAP-certificate-SA.pdf\" rel=\"noopener\" aria-label=\"Lien\" class=\"w-image-h\"><img loading=\"lazy\" decoding=\"async\" width=\"547\" height=\"260\" src=\"https:\/\/www.capiparts.co.za\/wp-content\/uploads\/2025\/07\/sap-distributors01.png\" class=\"attachment-large size-large\" alt=\"\" srcset=\"https:\/\/www.capiparts.co.za\/wp-content\/uploads\/2025\/07\/sap-distributors01.png 547w, https:\/\/www.capiparts.co.za\/wp-content\/uploads\/2025\/07\/sap-distributors01-300x143.png 300w, https:\/\/www.capiparts.co.za\/wp-content\/uploads\/2025\/07\/sap-distributors01-450x214.png 450w\" sizes=\"auto, (max-width: 547px) 100vw, 547px\"><\/a><\/div><div class=\"w-btn-wrapper align_center\"><a class=\"w-btn us-btn-style_1 us_custom_a74f4e70\" target=\"_blank\" href=\"https:\/\/www.capiparts.co.za\/wp-content\/uploads\/2025\/02\/SAP-certificate-SA.pdf\" rel=\"noopener\"><span class=\"w-btn-label\">T\u00e9l\u00e9charger le certificat<\/span><\/a><\/div><div class=\"w-separator size_medium\"><\/div><\/div><\/div><\/div><\/div><\/section>\n","protected":false},"excerpt":{"rendered":"Distributeurs CapiParts est un fier distributeur des marques les plus populaires de l\u2019industrie mini\u00e8re.&lt;\/br&gt; N\u2019h\u00e9sitez pas \u00e0 nous contacter si vous avez des questions.Contactez-nousCapiParts est un fier distributeur des marques les plus populaires de l\u2019industrie mini\u00e8re.&lt;\/br&gt; N\u2019h\u00e9sitez pas \u00e0 nous contacter si vous avez des questions.Contactez-nousCertificats de distributeurCertificats de distributeurDistributeur agr\u00e9\u00e9 de :T\u00e9l\u00e9charger le certificatDistributeur...","protected":false},"author":3,"featured_media":69667,"parent":0,"menu_order":0,"comment_status":"closed","ping_status":"closed","template":"","meta":{"footnotes":""},"class_list":["post-73218","page","type-page","status-publish","has-post-thumbnail","hentry"],"_links":{"self":[{"href":"https:\/\/www.capiparts.co.za\/fr\/wp-json\/wp\/v2\/pages\/73218","targetHints":{"allow":["GET"]}}],"collection":[{"href":"https:\/\/www.capiparts.co.za\/fr\/wp-json\/wp\/v2\/pages"}],"about":[{"href":"https:\/\/www.capiparts.co.za\/fr\/wp-json\/wp\/v2\/types\/page"}],"author":[{"embeddable":true,"href":"https:\/\/www.capiparts.co.za\/fr\/wp-json\/wp\/v2\/users\/3"}],"replies":[{"embeddable":true,"href":"https:\/\/www.capiparts.co.za\/fr\/wp-json\/wp\/v2\/comments?post=73218"}],"version-history":[{"count":2,"href":"https:\/\/www.capiparts.co.za\/fr\/wp-json\/wp\/v2\/pages\/73218\/revisions"}],"predecessor-version":[{"id":73220,"href":"https:\/\/www.capiparts.co.za\/fr\/wp-json\/wp\/v2\/pages\/73218\/revisions\/73220"}],"wp:featuredmedia":[{"embeddable":true,"href":"https:\/\/www.capiparts.co.za\/fr\/wp-json\/wp\/v2\/media\/69667"}],"wp:attachment":[{"href":"https:\/\/www.capiparts.co.za\/fr\/wp-json\/wp\/v2\/media?parent=73218"}],"curies":[{"name":"wp","href":"https:\/\/api.w.org\/{rel}","templated":true}]}}