{"id":73261,"date":"2025-05-29T05:48:35","date_gmt":"2025-05-29T05:48:35","guid":{"rendered":"https:\/\/www.capiparts.co.za\/sears-seating\/"},"modified":"2025-08-25T21:13:25","modified_gmt":"2025-08-25T21:13:25","slug":"sears-seating","status":"publish","type":"page","link":"https:\/\/www.capiparts.co.za\/fr\/sears-seating\/","title":{"rendered":"SEARS SEATING"},"content":{"rendered":"<section class=\"l-section wpb_row us_custom_0a3f0718 hide_on_mobiles height_medium width_full\"><div class=\"l-section-h i-cf\"><div class=\"g-cols vc_row via_grid cols_1 laptops-cols_inherit tablets-cols_inherit mobiles-cols_1 valign_middle type_default stacking_default\"><div class=\"wpb_column vc_column_container\"><div class=\"vc_column-inner\"><\/div><\/div><\/div><\/div><\/section><section class=\"l-section wpb_row us_custom_5392e678 hide_on_mobiles height_medium\"><div class=\"l-section-h i-cf\"><div class=\"g-cols vc_row via_grid cols_6 laptops-cols_inherit tablets-cols_inherit mobiles-cols_1 valign_top type_default stacking_default\"><div class=\"wpb_column vc_column_container\"><div class=\"vc_column-inner\"><\/div><\/div><div class=\"wpb_column vc_column_container\"><div class=\"vc_column-inner\"><\/div><\/div><div class=\"wpb_column vc_column_container\"><div class=\"vc_column-inner\"><\/div><\/div><div class=\"wpb_column vc_column_container\"><div class=\"vc_column-inner\"><\/div><\/div><div class=\"wpb_column vc_column_container\"><div class=\"vc_column-inner\"><div class=\"w-image align_right\"><div class=\"w-image-h\"><img loading=\"lazy\" decoding=\"async\" width=\"197\" height=\"238\" src=\"https:\/\/www.capiparts.co.za\/wp-content\/uploads\/2024\/10\/cep-genuine-mining-quality-badge.png\" class=\"attachment-us_450_0 size-us_450_0\" alt=\"\"><\/div><\/div><\/div><\/div><div class=\"wpb_column vc_column_container\"><div class=\"vc_column-inner\"><\/div><\/div><\/div><\/div><\/section><section class=\"l-section wpb_row us_custom_473aea28 hide_on_mobiles height_small width_full\"><div class=\"l-section-h i-cf\"><div class=\"g-cols vc_row via_grid cols_3-2 laptops-cols_inherit tablets-cols_inherit mobiles-cols_1 valign_top type_default stacking_default\"><div class=\"wpb_column vc_column_container us_custom_99b24bea\"><div class=\"vc_column-inner\"><div class=\"wpb_text_column us_custom_d23ff0f5 has_text_color\"><div class=\"wpb_wrapper\"><p>CapiParts &#8211; OEM Exploitation mini\u00e8re <br \/>Solutions d\u2019assise<\/p>\n<\/div><\/div><div class=\"wpb_text_column us_custom_84cd678e has_text_color\"><div class=\"wpb_wrapper\"><p>Dans le monde implacable de l\u2019exploitation mini\u00e8re, les op\u00e9rateurs endurent des heures ext\u00e9nuantes.<\/p>\n<\/div><\/div><div class=\"wpb_text_column us_custom_ed7d17ca has_text_color\"><div class=\"wpb_wrapper\"><p>Chez CapiParts, nous comprenons qu\u2019une solution d\u2019assise sup\u00e9rieure n\u2019est pas seulement une question de confort, mais aussi de productivit\u00e9 et de s\u00e9curit\u00e9. C\u2019est pourquoi nous nous associons \u00e0 <strong>Sears Seating<\/strong>, le chef de file de l\u2019industrie des solutions d\u2019assise pour l\u2019\u00e9quipement de construction et d\u2019exploitation mini\u00e8re lourds. Les suspensions des si\u00e8ges Sears sont m\u00e9ticuleusement con\u00e7ues pour faire plus que simplement varier en termes de performance, de course ou de configuration. Ils sont sp\u00e9cialement con\u00e7us pour <strong>r\u00e9duire consid\u00e9rablement l\u2019exposition de l\u2019op\u00e9rateur aux vibrations globales du corps (WBV).<\/strong> Cette innovation cruciale s\u2019attaque directement \u00e0 la fatigue de l\u2019op\u00e9rateur et r\u00e9duit la probabilit\u00e9 de blessures li\u00e9es au stress g\u00e9n\u00e9ralement associ\u00e9es \u00e0 une exposition prolong\u00e9e aux vibrations en position assise.    <\/p>\n<p>\u00c9quipez votre machinerie des si\u00e8ges Sears de CapiParts et donnez \u00e0 vos op\u00e9rateurs les moyens de rester concentr\u00e9s et productifs, du lever au coucher du soleil.<\/p>\n<\/div><\/div><div class=\"w-image us_custom_af6a9b6a align_none\"><a target=\"_blank\" href=\"https:\/\/www.capiparts.co.za\/fr\/enquete-de-satisfaction-aupres-des-clients\/\" rel=\"noopener\" aria-label=\"Lien\" class=\"w-image-h\"><img loading=\"lazy\" decoding=\"async\" width=\"833\" height=\"476\" src=\"https:\/\/www.capiparts.co.za\/wp-content\/uploads\/2025\/05\/sears-seating-image.png\" class=\"attachment-large size-large\" alt=\"\" srcset=\"https:\/\/www.capiparts.co.za\/wp-content\/uploads\/2025\/05\/sears-seating-image.png 833w, https:\/\/www.capiparts.co.za\/wp-content\/uploads\/2025\/05\/sears-seating-image-300x171.png 300w, https:\/\/www.capiparts.co.za\/wp-content\/uploads\/2025\/05\/sears-seating-image-600x343.png 600w, https:\/\/www.capiparts.co.za\/wp-content\/uploads\/2025\/05\/sears-seating-image-768x439.png 768w, https:\/\/www.capiparts.co.za\/wp-content\/uploads\/2025\/05\/sears-seating-image-450x257.png 450w\" sizes=\"auto, (max-width: 833px) 100vw, 833px\"><\/a><\/div><\/div><\/div><div class=\"wpb_column vc_column_container us_custom_16858c9e\"><div class=\"vc_column-inner\"><div class=\"w-image align_none\"><div class=\"w-image-h\"><img loading=\"lazy\" decoding=\"async\" width=\"408\" height=\"716\" src=\"https:\/\/www.capiparts.co.za\/wp-content\/uploads\/2025\/05\/sears-seating-main-image.png\" class=\"attachment-full size-full\" alt=\"\" srcset=\"https:\/\/www.capiparts.co.za\/wp-content\/uploads\/2025\/05\/sears-seating-main-image.png 408w, https:\/\/www.capiparts.co.za\/wp-content\/uploads\/2025\/05\/sears-seating-main-image-171x300.png 171w\" sizes=\"auto, (max-width: 408px) 100vw, 408px\"><\/div><\/div><div class=\"g-cols wpb_row via_grid cols_1 laptops-cols_inherit tablets-cols_inherit mobiles-cols_1 valign_top type_default stacking_default\"><div class=\"wpb_column vc_column_container us_custom_c3c2bd58\"><div class=\"vc_column-inner\"><div class=\"wpb_text_column us_custom_13b4ff1b has_text_color\"><div class=\"wpb_wrapper\"><p>RESSOURCES ET T\u00c9L\u00c9CHARGEMENTS<\/p>\n<\/div><\/div><div class=\"w-iconbox us_custom_ee2f3ecd has_text_color iconpos_left style_default color_primary align_right no_text\"><a target=\"_blank\" href=\"https:\/\/www.capiparts.co.za\/fr\/distributeurs\/\" rel=\"noopener\" class=\"w-iconbox-link\" aria-label=\"Distributeur agr\u00e9\u00e9\"><div class=\"w-iconbox-icon\" style=\"font-size:15px;\"><i class=\"fas fa-plus\"><\/i><\/div><\/a><div class=\"w-iconbox-meta\"><a target=\"_blank\" href=\"https:\/\/www.capiparts.co.za\/fr\/distributeurs\/\" rel=\"noopener\" class=\"w-iconbox-link\" aria-label=\"Distributeur agr\u00e9\u00e9\"><p class=\"w-iconbox-title\">Distributeur agr\u00e9\u00e9<\/p><\/a><\/div><\/div><div class=\"w-iconbox us_custom_b07a42ea has_text_color iconpos_left style_default color_primary align_right no_text\"><a target=\"_blank\" href=\"https:\/\/www.capiparts.co.za\/wp-content\/uploads\/2023\/10\/Sears-Seating-CEP-Catalogue.pdf\" rel=\"noopener\" class=\"w-iconbox-link\" aria-label=\"Catalogue\"><div class=\"w-iconbox-icon\" style=\"font-size:15px;\"><i class=\"fas fa-plus\"><\/i><\/div><\/a><div class=\"w-iconbox-meta\"><a target=\"_blank\" href=\"https:\/\/www.capiparts.co.za\/wp-content\/uploads\/2023\/10\/Sears-Seating-CEP-Catalogue.pdf\" rel=\"noopener\" class=\"w-iconbox-link\" aria-label=\"Catalogue\"><p class=\"w-iconbox-title\">Catalogue<\/p><\/a><\/div><\/div><div class=\"wpb_text_column us_custom_9dbe4a66 has_text_color\"><div class=\"wpb_wrapper\"><p>Catalogue de si\u00e8ges Sears Mining<\/p>\n<\/div><\/div><div class=\"w-image us_custom_af6a9b6a align_right\"><a target=\"_blank\" href=\"https:\/\/www.searsseating.com\/\" rel=\"noopener\" aria-label=\"Lien\" class=\"w-image-h\"><img loading=\"lazy\" decoding=\"async\" width=\"301\" height=\"88\" src=\"https:\/\/www.capiparts.co.za\/wp-content\/uploads\/2025\/05\/sears-seating-logo.png\" class=\"attachment-large size-large\" alt=\"\"><\/a><\/div><div class=\"w-image us_custom_af6a9b6a align_right\"><a target=\"_blank\" href=\"https:\/\/www.capiparts.co.za\/fr\/enquete-de-satisfaction-aupres-des-clients\/\" rel=\"noopener\" aria-label=\"Lien\" class=\"w-image-h\"><img loading=\"lazy\" decoding=\"async\" width=\"263\" height=\"189\" src=\"https:\/\/www.capiparts.co.za\/wp-content\/uploads\/2024\/10\/rate-our-service-button.png\" class=\"attachment-large size-large\" alt=\"rate-our-service-button\" \/><\/a><\/div><\/div><\/div><\/div><\/div><\/div><\/div><\/div><\/section><section class=\"l-section wpb_row us_custom_ff11ac7f hide_on_mobiles height_auto width_full\"><div class=\"l-section-h i-cf\"><div class=\"g-cols vc_row via_grid cols_1 laptops-cols_inherit tablets-cols_inherit mobiles-cols_1 valign_middle type_default stacking_default\"><div class=\"wpb_column vc_column_container us_custom_4810a666 has_bg_color\"><div class=\"vc_column-inner\"><div class=\"wpb_text_column us_custom_1bea4bde has_text_color\"><div class=\"wpb_wrapper\"><p>Vos sp\u00e9cialistes des si\u00e8ges miniers<\/p>\n<\/div><\/div><div class=\"w-btn-wrapper align_center\"><a class=\"w-btn us-btn-style_1 us_custom_b7c85286 has_text_color\" target=\"_blank\" href=\"https:\/\/www.capiparts.co.za\/fr\/contacter-pieces-dequipement\/\" rel=\"noopener\"><span class=\"w-btn-label\">CONTACTEZ-NOUS D\u00c8S AUJOURD&apos;HUI<\/span><\/a><\/div><\/div><\/div><\/div><\/div><\/section><section class=\"l-section wpb_row us_custom_8eb5ae55 hide_on_default hide_on_laptops hide_on_tablets height_auto\"><div class=\"l-section-h i-cf\"><div class=\"g-cols vc_row via_grid cols_1 laptops-cols_inherit tablets-cols_inherit mobiles-cols_1 valign_top type_default stacking_default\"><div class=\"wpb_column vc_column_container\"><div class=\"vc_column-inner\"><div class=\"w-image align_none\"><div class=\"w-image-h\"><img loading=\"lazy\" decoding=\"async\" width=\"1024\" height=\"918\" src=\"https:\/\/www.capiparts.co.za\/wp-content\/uploads\/2025\/05\/sears-seating-mobile-header-1024x918.png\" class=\"attachment-large size-large\" alt=\"\" srcset=\"https:\/\/www.capiparts.co.za\/wp-content\/uploads\/2025\/05\/sears-seating-mobile-header-1024x918.png 1024w, https:\/\/www.capiparts.co.za\/wp-content\/uploads\/2025\/05\/sears-seating-mobile-header-300x269.png 300w, https:\/\/www.capiparts.co.za\/wp-content\/uploads\/2025\/05\/sears-seating-mobile-header-600x538.png 600w, https:\/\/www.capiparts.co.za\/wp-content\/uploads\/2025\/05\/sears-seating-mobile-header-768x688.png 768w, https:\/\/www.capiparts.co.za\/wp-content\/uploads\/2025\/05\/sears-seating-mobile-header-450x403.png 450w, https:\/\/www.capiparts.co.za\/wp-content\/uploads\/2025\/05\/sears-seating-mobile-header.png 1032w\" sizes=\"auto, (max-width: 1024px) 100vw, 1024px\"><\/div><\/div><div class=\"wpb_text_column us_custom_892421de has_text_color\"><div class=\"wpb_wrapper\"><\/div><\/div><\/div><\/div><\/div><\/div><\/section><section class=\"l-section wpb_row hide_on_default hide_on_laptops hide_on_tablets height_auto\"><div class=\"l-section-h i-cf\"><div class=\"g-cols vc_row via_grid cols_1 laptops-cols_inherit tablets-cols_inherit mobiles-cols_1 valign_top type_default stacking_default\"><div class=\"wpb_column vc_column_container\"><div class=\"vc_column-inner\"><div class=\"wpb_text_column us_custom_6f6334e6 has_text_color\"><div class=\"wpb_wrapper\"><p>CapiParts &#8211; OEM Exploitation mini\u00e8re <br \/>Solutions d\u2019assise<\/p>\n<\/div><\/div><div class=\"wpb_text_column us_custom_8767c2b6 has_text_color\"><div class=\"wpb_wrapper\"><p>Dans le monde implacable de l\u2019exploitation mini\u00e8re, les op\u00e9rateurs endurent des heures ext\u00e9nuantes.<\/p>\n<\/div><\/div><\/div><\/div><\/div><\/div><\/section><section class=\"l-section wpb_row us_custom_cae158b5 hide_on_default hide_on_laptops hide_on_tablets height_medium\"><div class=\"l-section-h i-cf\"><div class=\"g-cols vc_row via_grid cols_1 laptops-cols_inherit tablets-cols_inherit mobiles-cols_1 valign_top type_default stacking_default\" style=\"grid-gap:0.9rem;\"><div class=\"wpb_column vc_column_container\"><div class=\"vc_column-inner\"><div class=\"wpb_text_column us_custom_42f787f8 has_text_color\"><div class=\"wpb_wrapper\"><p>Chez CapiParts, nous comprenons qu\u2019une solution d\u2019assise sup\u00e9rieure n\u2019est pas seulement une question de confort, mais aussi de productivit\u00e9 et de s\u00e9curit\u00e9. C\u2019est pourquoi nous nous associons \u00e0 <strong>Sears Seating<\/strong>, le chef de file de l\u2019industrie des solutions d\u2019assise pour l\u2019\u00e9quipement de construction et d\u2019exploitation mini\u00e8re lourds. Les suspensions des si\u00e8ges Sears sont m\u00e9ticuleusement con\u00e7ues pour faire plus que simplement varier en termes de performance, de course ou de configuration. Ils sont sp\u00e9cialement con\u00e7us pour <strong>r\u00e9duire consid\u00e9rablement l\u2019exposition de l\u2019op\u00e9rateur aux vibrations globales du corps (WBV).<\/strong> Cette innovation cruciale s\u2019attaque directement \u00e0 la fatigue de l\u2019op\u00e9rateur et r\u00e9duit la probabilit\u00e9 de blessures li\u00e9es au stress g\u00e9n\u00e9ralement associ\u00e9es \u00e0 une exposition prolong\u00e9e aux vibrations en position assise.    <\/p>\n<p>\u00c9quipez votre machinerie des si\u00e8ges Sears de CapiParts et donnez \u00e0 vos op\u00e9rateurs les moyens de rester concentr\u00e9s et productifs, du lever au coucher du soleil.<\/p>\n<\/div><\/div><div class=\"w-image us_custom_af6a9b6a align_none\"><a target=\"_blank\" href=\"https:\/\/www.capiparts.co.za\/fr\/enquete-de-satisfaction-aupres-des-clients\/\" rel=\"noopener\" aria-label=\"Lien\" class=\"w-image-h\"><img loading=\"lazy\" decoding=\"async\" width=\"833\" height=\"476\" src=\"https:\/\/www.capiparts.co.za\/wp-content\/uploads\/2025\/05\/sears-seating-image.png\" class=\"attachment-large size-large\" alt=\"\" srcset=\"https:\/\/www.capiparts.co.za\/wp-content\/uploads\/2025\/05\/sears-seating-image.png 833w, https:\/\/www.capiparts.co.za\/wp-content\/uploads\/2025\/05\/sears-seating-image-300x171.png 300w, https:\/\/www.capiparts.co.za\/wp-content\/uploads\/2025\/05\/sears-seating-image-600x343.png 600w, https:\/\/www.capiparts.co.za\/wp-content\/uploads\/2025\/05\/sears-seating-image-768x439.png 768w, https:\/\/www.capiparts.co.za\/wp-content\/uploads\/2025\/05\/sears-seating-image-450x257.png 450w\" sizes=\"auto, (max-width: 833px) 100vw, 833px\"><\/a><\/div><\/div><\/div><\/div><\/div><\/section><section class=\"l-section wpb_row us_custom_9d0adce0 hide_on_default hide_on_laptops hide_on_tablets height_medium\"><div class=\"l-section-h i-cf\"><div class=\"g-cols vc_row via_grid cols_1 laptops-cols_inherit tablets-cols_inherit mobiles-cols_1 valign_top type_default stacking_default\" style=\"grid-gap:0.9rem;\"><div class=\"wpb_column vc_column_container\"><div class=\"vc_column-inner\"><div class=\"g-cols wpb_row via_grid cols_1 laptops-cols_inherit tablets-cols_inherit mobiles-cols_1 valign_top type_default stacking_default\"><div class=\"wpb_column vc_column_container\"><div class=\"vc_column-inner\"><div class=\"wpb_text_column us_custom_aecc6b7a has_text_color\"><div class=\"wpb_wrapper\"><p>RESSOURCES ET T\u00c9L\u00c9CHARGEMENTS<\/p>\n<\/div><\/div><div class=\"w-iconbox us_custom_63b77306 has_text_color iconpos_left style_default color_primary align_center no_text\"><a target=\"_blank\" href=\"https:\/\/www.capiparts.co.za\/fr\/distributeurs\/\" rel=\"noopener\" class=\"w-iconbox-link\" aria-label=\"Distributeur agr\u00e9\u00e9\"><div class=\"w-iconbox-icon\" style=\"font-size:15px;\"><i class=\"fas fa-plus\"><\/i><\/div><\/a><div class=\"w-iconbox-meta\"><a target=\"_blank\" href=\"https:\/\/www.capiparts.co.za\/fr\/distributeurs\/\" rel=\"noopener\" class=\"w-iconbox-link\" aria-label=\"Distributeur agr\u00e9\u00e9\"><p class=\"w-iconbox-title\">Distributeur agr\u00e9\u00e9<\/p><\/a><\/div><\/div><div class=\"w-iconbox us_custom_c634c3eb has_text_color iconpos_left style_default color_primary align_center no_text\"><a target=\"_blank\" href=\"https:\/\/www.capiparts.co.za\/wp-content\/uploads\/2023\/10\/Sears-Seating-CEP-Catalogue.pdf\" rel=\"noopener\" class=\"w-iconbox-link\" aria-label=\"Catalogue\"><div class=\"w-iconbox-icon\" style=\"font-size:15px;\"><i class=\"fas fa-plus\"><\/i><\/div><\/a><div class=\"w-iconbox-meta\"><a target=\"_blank\" href=\"https:\/\/www.capiparts.co.za\/wp-content\/uploads\/2023\/10\/Sears-Seating-CEP-Catalogue.pdf\" rel=\"noopener\" class=\"w-iconbox-link\" aria-label=\"Catalogue\"><p class=\"w-iconbox-title\">Catalogue<\/p><\/a><\/div><\/div><div class=\"wpb_text_column us_custom_1edde8a4 has_text_color\"><div class=\"wpb_wrapper\"><p style=\"text-align: center;\">Catalogue de si\u00e8ges Sears Mining<\/p>\n<\/div><\/div><\/div><\/div><\/div><div class=\"w-image us_custom_af6a9b6a align_center\"><a target=\"_blank\" href=\"https:\/\/www.searsseating.com\/\" rel=\"noopener\" aria-label=\"Lien\" class=\"w-image-h\"><img loading=\"lazy\" decoding=\"async\" width=\"301\" height=\"88\" src=\"https:\/\/www.capiparts.co.za\/wp-content\/uploads\/2025\/05\/sears-seating-logo.png\" class=\"attachment-large size-large\" alt=\"\"><\/a><\/div><div class=\"w-image us_custom_3188818e align_center\"><a target=\"_blank\" href=\"https:\/\/www.capiparts.co.za\/fr\/enquete-de-satisfaction-aupres-des-clients\/\" rel=\"noopener\" aria-label=\"Lien\" class=\"w-image-h\"><img loading=\"lazy\" decoding=\"async\" width=\"266\" height=\"100\" src=\"https:\/\/www.capiparts.co.za\/wp-content\/uploads\/2025\/05\/capi-parts-rate-us01.png\" class=\"attachment-full size-full\" alt=\"\"><\/a><\/div><\/div><\/div><\/div><\/div><\/section><section class=\"l-section wpb_row hide_on_default hide_on_laptops hide_on_tablets height_small width_full\"><div class=\"l-section-h i-cf\"><div class=\"g-cols vc_row via_grid cols_1 laptops-cols_inherit tablets-cols_inherit mobiles-cols_1 valign_middle type_default stacking_default\"><div class=\"wpb_column vc_column_container us_custom_4810a666 has_bg_color\"><div class=\"vc_column-inner\"><div class=\"wpb_text_column us_custom_924697d9 has_text_color\"><div class=\"wpb_wrapper\"><p>Vos sp\u00e9cialistes des si\u00e8ges miniers<\/p>\n<\/div><\/div><div class=\"w-btn-wrapper align_center\"><a class=\"w-btn us-btn-style_1 us_custom_ad40f4ac has_text_color\" target=\"_blank\" href=\"https:\/\/www.capiparts.co.za\/fr\/contacter-pieces-dequipement\/\" rel=\"noopener\"><span class=\"w-btn-label\">CONTACTEZ-NOUS D\u00c8S AUJOURD&apos;HUI<\/span><\/a><\/div><\/div><\/div><\/div><\/div><\/section>\n","protected":false},"excerpt":{"rendered":"CapiParts &#8211; OEM Exploitation mini\u00e8re Solutions d\u2019assise Dans le monde implacable de l\u2019exploitation mini\u00e8re, les op\u00e9rateurs endurent des heures ext\u00e9nuantes. Chez CapiParts, nous comprenons qu\u2019une solution d\u2019assise sup\u00e9rieure n\u2019est pas seulement une question de confort, mais aussi de productivit\u00e9 et de s\u00e9curit\u00e9. C\u2019est pourquoi nous nous associons \u00e0 Sears Seating, le chef de file de...","protected":false},"author":2,"featured_media":69667,"parent":0,"menu_order":0,"comment_status":"closed","ping_status":"closed","template":"","meta":{"footnotes":""},"class_list":["post-73261","page","type-page","status-publish","has-post-thumbnail","hentry"],"_links":{"self":[{"href":"https:\/\/www.capiparts.co.za\/fr\/wp-json\/wp\/v2\/pages\/73261","targetHints":{"allow":["GET"]}}],"collection":[{"href":"https:\/\/www.capiparts.co.za\/fr\/wp-json\/wp\/v2\/pages"}],"about":[{"href":"https:\/\/www.capiparts.co.za\/fr\/wp-json\/wp\/v2\/types\/page"}],"author":[{"embeddable":true,"href":"https:\/\/www.capiparts.co.za\/fr\/wp-json\/wp\/v2\/users\/2"}],"replies":[{"embeddable":true,"href":"https:\/\/www.capiparts.co.za\/fr\/wp-json\/wp\/v2\/comments?post=73261"}],"version-history":[{"count":2,"href":"https:\/\/www.capiparts.co.za\/fr\/wp-json\/wp\/v2\/pages\/73261\/revisions"}],"predecessor-version":[{"id":73263,"href":"https:\/\/www.capiparts.co.za\/fr\/wp-json\/wp\/v2\/pages\/73261\/revisions\/73263"}],"wp:featuredmedia":[{"embeddable":true,"href":"https:\/\/www.capiparts.co.za\/fr\/wp-json\/wp\/v2\/media\/69667"}],"wp:attachment":[{"href":"https:\/\/www.capiparts.co.za\/fr\/wp-json\/wp\/v2\/media?parent=73261"}],"curies":[{"name":"wp","href":"https:\/\/api.w.org\/{rel}","templated":true}]}}