{"id":73357,"date":"2025-08-27T20:23:28","date_gmt":"2025-08-27T20:23:28","guid":{"rendered":"https:\/\/www.capiparts.co.za\/?page_id=73357"},"modified":"2025-08-27T20:29:53","modified_gmt":"2025-08-27T20:29:53","slug":"publicite","status":"publish","type":"page","link":"https:\/\/www.capiparts.co.za\/fr\/publicite\/","title":{"rendered":"PUBLICIT\u00c9"},"content":{"rendered":"<section class=\"l-section wpb_row us_custom_476886d7 hide_on_mobiles height_medium width_full\"><div class=\"l-section-h i-cf\"><div class=\"g-cols vc_row via_grid cols_1 laptops-cols_inherit tablets-cols_inherit mobiles-cols_1 valign_middle type_default stacking_default\"><div class=\"wpb_column vc_column_container\"><div class=\"vc_column-inner\"><\/div><\/div><\/div><\/div><\/section><section class=\"l-section wpb_row us_custom_5392e678 hide_on_mobiles height_medium\"><div class=\"l-section-h i-cf\"><div class=\"g-cols vc_row via_grid cols_6 laptops-cols_inherit tablets-cols_inherit mobiles-cols_1 valign_top type_default stacking_default\"><div class=\"wpb_column vc_column_container\"><div class=\"vc_column-inner\"><\/div><\/div><div class=\"wpb_column vc_column_container\"><div class=\"vc_column-inner\"><\/div><\/div><div class=\"wpb_column vc_column_container\"><div class=\"vc_column-inner\"><\/div><\/div><div class=\"wpb_column vc_column_container\"><div class=\"vc_column-inner\"><\/div><\/div><div class=\"wpb_column vc_column_container\"><div class=\"vc_column-inner\"><div class=\"w-image align_right\"><div class=\"w-image-h\"><img loading=\"lazy\" decoding=\"async\" width=\"197\" height=\"238\" src=\"https:\/\/www.capiparts.co.za\/wp-content\/uploads\/2024\/10\/cep-genuine-mining-quality-badge.png\" class=\"attachment-us_450_0 size-us_450_0\" alt=\"\"><\/div><\/div><\/div><\/div><div class=\"wpb_column vc_column_container\"><div class=\"vc_column-inner\"><\/div><\/div><\/div><\/div><\/section><section class=\"l-section wpb_row us_custom_4ab1e942 hide_on_mobiles height_medium width_full\"><div class=\"l-section-h i-cf\"><div class=\"g-cols vc_row via_grid cols_1 laptops-cols_inherit tablets-cols_inherit mobiles-cols_1 valign_top type_default stacking_default\" style=\"grid-gap:1.3rem;\"><div class=\"wpb_column vc_column_container\"><div class=\"vc_column-inner\"><div class=\"g-cols wpb_row us_custom_4f2e53ca via_grid cols_3 laptops-cols_inherit tablets-cols_inherit mobiles-cols_1 valign_top type_default stacking_default\" style=\"grid-gap:0.7rem;\"><div class=\"wpb_column vc_column_container\"><div class=\"vc_column-inner\"><div class=\"w-image us_custom_54007507 align_none\"><a href=\"https:\/\/www.marketbook.co.za\/listings\/for-sale\/capital-equipment-parts-pty-ltd-kempton-park-gauteng-south-africa\/plant-attachments\/81\/?LocationID=350007716718\" aria-label=\"Lien\" class=\"w-image-h\" target=\"_blank\" rel=\"noopener\"><img loading=\"lazy\" decoding=\"async\" width=\"2123\" height=\"377\" src=\"https:\/\/www.capiparts.co.za\/wp-content\/uploads\/2025\/01\/MarketBook-Logo_-1.png\" class=\"attachment-full size-full\" alt=\"\" srcset=\"https:\/\/www.capiparts.co.za\/wp-content\/uploads\/2025\/01\/MarketBook-Logo_-1.png 2123w, https:\/\/www.capiparts.co.za\/wp-content\/uploads\/2025\/01\/MarketBook-Logo_-1-300x53.png 300w, https:\/\/www.capiparts.co.za\/wp-content\/uploads\/2025\/01\/MarketBook-Logo_-1-1024x182.png 1024w, https:\/\/www.capiparts.co.za\/wp-content\/uploads\/2025\/01\/MarketBook-Logo_-1-600x107.png 600w, https:\/\/www.capiparts.co.za\/wp-content\/uploads\/2025\/01\/MarketBook-Logo_-1-768x136.png 768w, https:\/\/www.capiparts.co.za\/wp-content\/uploads\/2025\/01\/MarketBook-Logo_-1-450x80.png 450w\" sizes=\"auto, (max-width: 2123px) 100vw, 2123px\"><\/a><\/div><div class=\"w-iconbox us_custom_c9ca79da euroborderbot has_text_color iconpos_left style_default color_custom align_center no_text\"><a href=\"https:\/\/www.marketbook.co.za\/listings\/for-sale\/capital-equipment-parts-pty-ltd-kempton-park-gauteng-south-africa\/plant-attachments\/81\/?LocationID=350007716718\" class=\"w-iconbox-link\" aria-label=\"VOIR LA PAGE\" target=\"_blank\" rel=\"noopener\"><div class=\"w-iconbox-icon\" style=\"font-size:1.3rem;color:#ffffff;\"><i class=\"fas fa-arrow-circle-down\"><\/i><\/div><\/a><div class=\"w-iconbox-meta\"><a href=\"https:\/\/www.marketbook.co.za\/listings\/for-sale\/capital-equipment-parts-pty-ltd-kempton-park-gauteng-south-africa\/plant-attachments\/81\/?LocationID=350007716718\" class=\"w-iconbox-link\" aria-label=\"VOIR LA PAGE\" target=\"_blank\" rel=\"noopener\"><h4 class=\"w-iconbox-title\">VOIR LA PAGE<\/h4><\/a><\/div><\/div><\/div><\/div><div class=\"wpb_column vc_column_container\"><div class=\"vc_column-inner\"><div class=\"w-image us_custom_958632f3 align_none\"><a href=\"https:\/\/www.machinerytrader.com\/listings\/for-sale\/capital-equipment-parts-pty-ltd-kempton-park-gauteng\/construction-attachments\/?LocationID=350007716718\" aria-label=\"Lien\" class=\"w-image-h\" target=\"_blank\" rel=\"noopener\"><img loading=\"lazy\" decoding=\"async\" width=\"2123\" height=\"377\" src=\"https:\/\/www.capiparts.co.za\/wp-content\/uploads\/2025\/01\/Machinery-Trader-Logo_.png\" class=\"attachment-full size-full\" alt=\"\" srcset=\"https:\/\/www.capiparts.co.za\/wp-content\/uploads\/2025\/01\/Machinery-Trader-Logo_.png 2123w, https:\/\/www.capiparts.co.za\/wp-content\/uploads\/2025\/01\/Machinery-Trader-Logo_-300x53.png 300w, https:\/\/www.capiparts.co.za\/wp-content\/uploads\/2025\/01\/Machinery-Trader-Logo_-1024x182.png 1024w, https:\/\/www.capiparts.co.za\/wp-content\/uploads\/2025\/01\/Machinery-Trader-Logo_-600x107.png 600w, https:\/\/www.capiparts.co.za\/wp-content\/uploads\/2025\/01\/Machinery-Trader-Logo_-768x136.png 768w, https:\/\/www.capiparts.co.za\/wp-content\/uploads\/2025\/01\/Machinery-Trader-Logo_-450x80.png 450w\" sizes=\"auto, (max-width: 2123px) 100vw, 2123px\"><\/a><\/div><div class=\"w-iconbox us_custom_c9ca79da euroborderbot has_text_color iconpos_left style_default color_custom align_center no_text\"><a href=\"https:\/\/www.machinerytrader.com\/listings\/for-sale\/capital-equipment-parts-pty-ltd-kempton-park-gauteng\/construction-attachments\/?LocationID=350007716718\" class=\"w-iconbox-link\" aria-label=\"VOIR LA PAGE\" target=\"_blank\" rel=\"noopener\"><div class=\"w-iconbox-icon\" style=\"font-size:1.3rem;color:#ffffff;\"><i class=\"fas fa-arrow-circle-down\"><\/i><\/div><\/a><div class=\"w-iconbox-meta\"><a href=\"https:\/\/www.machinerytrader.com\/listings\/for-sale\/capital-equipment-parts-pty-ltd-kempton-park-gauteng\/construction-attachments\/?LocationID=350007716718\" class=\"w-iconbox-link\" aria-label=\"VOIR LA PAGE\" target=\"_blank\" rel=\"noopener\"><h4 class=\"w-iconbox-title\">VOIR LA PAGE<\/h4><\/a><\/div><\/div><\/div><\/div><div class=\"wpb_column vc_column_container\"><div class=\"vc_column-inner\"><div class=\"w-iconbox us_custom_e7b153c1 has_text_color iconpos_left style_default color_primary align_right no_text\"><a href=\"https:\/\/www.machinerytrader.com\/listings\/for-sale\/capital-equipment-parts-pty-ltd-kempton-park-gauteng\/construction-attachments\/?LocationID=350007716718\" class=\"w-iconbox-link\" aria-label=\"Machinery Trader\" target=\"_blank\" rel=\"noopener\"><div class=\"w-iconbox-icon\" style=\"font-size:15px;\"><i class=\"fas fa-plus\"><\/i><\/div><\/a><div class=\"w-iconbox-meta\"><a href=\"https:\/\/www.machinerytrader.com\/listings\/for-sale\/capital-equipment-parts-pty-ltd-kempton-park-gauteng\/construction-attachments\/?LocationID=350007716718\" class=\"w-iconbox-link\" aria-label=\"Machinery Trader\" target=\"_blank\" rel=\"noopener\"><p class=\"w-iconbox-title\">Machinery Trader<\/p><\/a><\/div><\/div><div class=\"wpb_text_column us_custom_9dbe4a66 has_text_color\"><div class=\"wpb_wrapper\"><p><a href=\"https:\/\/www.machinerytrader.com\/listings\/for-sale\/capital-equipment-parts-pty-ltd-kempton-park-gauteng\/construction-attachments\/?LocationID=350007716718\" target=\"_blank\" rel=\"noopener\">Voir la page<br \/><\/a><\/p>\n<\/div><\/div><div class=\"w-iconbox us_custom_e7b153c1 has_text_color iconpos_left style_default color_primary align_right no_text\"><a href=\"https:\/\/www.marketbook.co.za\/listings\/for-sale\/capital-equipment-parts-pty-ltd-kempton-park-gauteng-south-africa\/plant-attachments\/81\/?LocationID=350007716718\" class=\"w-iconbox-link\" aria-label=\"Market Book\" target=\"_blank\" rel=\"noopener\"><div class=\"w-iconbox-icon\" style=\"font-size:15px;\"><i class=\"fas fa-plus\"><\/i><\/div><\/a><div class=\"w-iconbox-meta\"><a href=\"https:\/\/www.marketbook.co.za\/listings\/for-sale\/capital-equipment-parts-pty-ltd-kempton-park-gauteng-south-africa\/plant-attachments\/81\/?LocationID=350007716718\" class=\"w-iconbox-link\" aria-label=\"Market Book\" target=\"_blank\" rel=\"noopener\"><p class=\"w-iconbox-title\">Market Book<\/p><\/a><\/div><\/div><div class=\"wpb_text_column us_custom_9dbe4a66 has_text_color\"><div class=\"wpb_wrapper\"><p><a href=\"https:\/\/www.marketbook.co.za\/listings\/for-sale\/capital-equipment-parts-pty-ltd-kempton-park-gauteng-south-africa\/plant-attachments\/81\/?LocationID=350007716718\" target=\"_blank\" rel=\"noopener\">Voir la page<br \/><\/a><\/p>\n<\/div><\/div><div class=\"w-image us_custom_af6a9b6a align_right\"><a href=\"https:\/\/www.capiparts.co.za\/customer-satisfaction-survey\/\" aria-label=\"Lien\" class=\"w-image-h\"><img loading=\"lazy\" decoding=\"async\" width=\"263\" height=\"189\" src=\"https:\/\/www.capiparts.co.za\/wp-content\/uploads\/2024\/10\/rate-our-service-button.png\" class=\"attachment-large size-large\" alt=\"rate-our-service-button\" \/><\/a><\/div><\/div><\/div><\/div><\/div><\/div><\/div><\/div><\/section><section class=\"l-section wpb_row us_custom_30a02349 hide_on_mobiles height_medium width_full\"><div class=\"l-section-h i-cf\"><div class=\"g-cols vc_row via_grid cols_1 laptops-cols_inherit tablets-cols_inherit mobiles-cols_1 valign_top type_default stacking_default\"><div class=\"wpb_column vc_column_container us_custom_5089e047\"><div class=\"vc_column-inner\"><div class=\"wpb_text_column us_custom_75563816 has_text_color\"><div class=\"wpb_wrapper\"><p>\u00c9largir l\u2019acc\u00e8s \u00e0 des pi\u00e8ces de machinerie mini\u00e8re de qualit\u00e9 \u2013 Vous connecter aux pi\u00e8ces dont vous avez besoin<\/p>\n<\/div><\/div><div class=\"wpb_text_column us_custom_ed7d17ca has_text_color\"><div class=\"wpb_wrapper\"><p>Chez Capital Equipment Parts, nous simplifions la recherche d\u2019\u00e9quipements et de pi\u00e8ces mini\u00e8res en publiant notre inventaire sur des plateformes tierces fiables. Cela garantit un acc\u00e8s pratique \u00e0 des composants de haute qualit\u00e9 tout en respectant notre engagement envers un service exceptionnel. Des pi\u00e8ces essentielles aux pi\u00e8ces sp\u00e9cialis\u00e9es, nous offrons des solutions fiables pour r\u00e9pondre rapidement et efficacement \u00e0 vos besoins.<\/p>\n<\/div><\/div><\/div><\/div><\/div><\/div><\/section><section class=\"l-section wpb_row us_custom_47157922 hide_on_mobiles height_small width_full\"><div class=\"l-section-h i-cf\"><div class=\"g-cols vc_row via_grid cols_1 laptops-cols_inherit tablets-cols_inherit mobiles-cols_1 valign_middle type_default stacking_default\"><div class=\"wpb_column vc_column_container us_custom_4810a666 has_bg_color\"><div class=\"vc_column-inner\"><div class=\"wpb_text_column us_custom_8c82aa93 has_text_color\"><div class=\"wpb_wrapper\"><p>Votre source num\u00e9ro 1 pour des pi\u00e8ces GPM (Fabricant de pi\u00e8ces d\u2019origine) abordables et des pi\u00e8ces exc\u00e9dentaires.<\/p>\n<\/div><\/div><div class=\"w-btn-wrapper align_center\"><a class=\"w-btn us-btn-style_1 us_custom_b4b917f7 has_text_color\" href=\"https:\/\/www.capiparts.co.za\/contact-capital-equipment-parts\/\"><span class=\"w-btn-label\">CONTACTEZ-NOUS AUJOURD\u2019HUI<\/span><\/a><\/div><\/div><\/div><\/div><\/div><\/section><section class=\"l-section wpb_row us_custom_79c036ab hide_on_default hide_on_laptops hide_on_tablets height_medium with_img\"><div class=\"l-section-img\" style=\"background-image: url(https:\/\/www.capiparts.co.za\/wp-content\/uploads\/2024\/10\/euroricambi-header-image.jpg);background-repeat: no-repeat;\" data-img-width=\"1920\" data-img-height=\"409\"><\/div><div class=\"l-section-h i-cf\"><div class=\"g-cols vc_row via_grid cols_1 laptops-cols_inherit tablets-cols_inherit mobiles-cols_1 valign_top type_default stacking_default\"><div class=\"wpb_column vc_column_container\"><div class=\"vc_column-inner\"><div class=\"w-image mobileimagebot align_right\"><div class=\"w-image-h\"><img loading=\"lazy\" decoding=\"async\" width=\"197\" height=\"238\" src=\"https:\/\/www.capiparts.co.za\/wp-content\/uploads\/2024\/10\/cep-genuine-mining-quality-badge.png\" class=\"attachment-full size-full\" alt=\"\"><\/div><\/div><div class=\"w-image mopiletopimage align_right\"><div class=\"w-image-h\"><img loading=\"lazy\" decoding=\"async\" width=\"197\" height=\"238\" src=\"https:\/\/www.capiparts.co.za\/wp-content\/uploads\/2024\/10\/cep-genuine-mining-quality-badge.png\" class=\"attachment-large size-large\" alt=\"\"><\/div><\/div><\/div><\/div><\/div><\/div><\/section><section class=\"l-section wpb_row us_custom_61e8fe69 hide_on_default hide_on_laptops hide_on_tablets height_medium\"><div class=\"l-section-h i-cf\"><div class=\"g-cols vc_row via_grid cols_1 laptops-cols_inherit tablets-cols_inherit mobiles-cols_2 valign_top type_default stacking_default\" style=\"grid-gap:0.9rem;\"><div class=\"wpb_column vc_column_container\"><div class=\"vc_column-inner\"><div class=\"w-image us_custom_958632f3 align_center\"><a href=\"https:\/\/www.machinerytrader.com\/listings\/for-sale\/capital-equipment-parts-pty-ltd-kempton-park-gauteng\/construction-attachments\/?LocationID=350007716718\" aria-label=\"Lien\" class=\"w-image-h\" target=\"_blank\" rel=\"noopener\"><img loading=\"lazy\" decoding=\"async\" width=\"1024\" height=\"182\" src=\"https:\/\/www.capiparts.co.za\/wp-content\/uploads\/2025\/01\/Machinery-Trader-Logo_-1024x182.png\" class=\"attachment-large size-large\" alt=\"\" srcset=\"https:\/\/www.capiparts.co.za\/wp-content\/uploads\/2025\/01\/Machinery-Trader-Logo_-1024x182.png 1024w, https:\/\/www.capiparts.co.za\/wp-content\/uploads\/2025\/01\/Machinery-Trader-Logo_-300x53.png 300w, https:\/\/www.capiparts.co.za\/wp-content\/uploads\/2025\/01\/Machinery-Trader-Logo_-600x107.png 600w, https:\/\/www.capiparts.co.za\/wp-content\/uploads\/2025\/01\/Machinery-Trader-Logo_-768x136.png 768w, https:\/\/www.capiparts.co.za\/wp-content\/uploads\/2025\/01\/Machinery-Trader-Logo_-450x80.png 450w\" sizes=\"auto, (max-width: 1024px) 100vw, 1024px\"><\/a><\/div><div class=\"w-iconbox us_custom_c9ca79da euroborderbot has_text_color iconpos_left style_default color_custom align_center no_text\"><a href=\"https:\/\/www.machinerytrader.com\/listings\/for-sale\/capital-equipment-parts-pty-ltd-kempton-park-gauteng\/construction-attachments\/?LocationID=350007716718\" class=\"w-iconbox-link\" aria-label=\"VIEW PAGE\" target=\"_blank\" rel=\"noopener\"><div class=\"w-iconbox-icon\" style=\"font-size:1.3rem;color:#ffffff;\"><i class=\"fas fa-arrow-circle-down\"><\/i><\/div><\/a><div class=\"w-iconbox-meta\"><a href=\"https:\/\/www.machinerytrader.com\/listings\/for-sale\/capital-equipment-parts-pty-ltd-kempton-park-gauteng\/construction-attachments\/?LocationID=350007716718\" class=\"w-iconbox-link\" aria-label=\"VIEW PAGE\" target=\"_blank\" rel=\"noopener\"><h4 class=\"w-iconbox-title\">VIEW PAGE<\/h4><\/a><\/div><\/div><\/div><\/div><div class=\"wpb_column vc_column_container type_sticky\"><div class=\"vc_column-inner\"><div class=\"w-image us_custom_958632f3 align_center\"><a href=\"https:\/\/www.marketbook.co.za\/listings\/for-sale\/capital-equipment-parts-pty-ltd-kempton-park-gauteng-south-africa\/plant-attachments\/81\/?LocationID=350007716718\" aria-label=\"Lien\" class=\"w-image-h\" target=\"_blank\" rel=\"noopener\"><img loading=\"lazy\" decoding=\"async\" width=\"1024\" height=\"182\" src=\"https:\/\/www.capiparts.co.za\/wp-content\/uploads\/2025\/01\/MarketBook-Logo_-1-1024x182.png\" class=\"attachment-large size-large\" alt=\"\" srcset=\"https:\/\/www.capiparts.co.za\/wp-content\/uploads\/2025\/01\/MarketBook-Logo_-1-1024x182.png 1024w, https:\/\/www.capiparts.co.za\/wp-content\/uploads\/2025\/01\/MarketBook-Logo_-1-300x53.png 300w, https:\/\/www.capiparts.co.za\/wp-content\/uploads\/2025\/01\/MarketBook-Logo_-1-600x107.png 600w, https:\/\/www.capiparts.co.za\/wp-content\/uploads\/2025\/01\/MarketBook-Logo_-1-768x136.png 768w, https:\/\/www.capiparts.co.za\/wp-content\/uploads\/2025\/01\/MarketBook-Logo_-1-450x80.png 450w\" sizes=\"auto, (max-width: 1024px) 100vw, 1024px\"><\/a><\/div><div class=\"w-iconbox us_custom_c9ca79da euroborderbot has_text_color iconpos_left style_default color_custom align_center no_text\"><a href=\"https:\/\/www.marketbook.co.za\/listings\/for-sale\/capital-equipment-parts-pty-ltd-kempton-park-gauteng-south-africa\/plant-attachments\/81\/?LocationID=350007716718\" class=\"w-iconbox-link\" aria-label=\"VIEW PAGE\" target=\"_blank\" rel=\"noopener\"><div class=\"w-iconbox-icon\" style=\"font-size:1.3rem;color:#ffffff;\"><i class=\"fas fa-arrow-circle-down\"><\/i><\/div><\/a><div class=\"w-iconbox-meta\"><a href=\"https:\/\/www.marketbook.co.za\/listings\/for-sale\/capital-equipment-parts-pty-ltd-kempton-park-gauteng-south-africa\/plant-attachments\/81\/?LocationID=350007716718\" class=\"w-iconbox-link\" aria-label=\"VIEW PAGE\" target=\"_blank\" rel=\"noopener\"><h4 class=\"w-iconbox-title\">VIEW PAGE<\/h4><\/a><\/div><\/div><\/div><\/div><\/div><\/div><\/section><section class=\"l-section wpb_row us_custom_9d0adce0 hide_on_default hide_on_laptops hide_on_tablets height_medium\"><div class=\"l-section-h i-cf\"><div class=\"g-cols vc_row via_grid cols_1 laptops-cols_inherit tablets-cols_inherit mobiles-cols_2 valign_top type_default stacking_default\" style=\"grid-gap:0.9rem;\"><div class=\"wpb_column vc_column_container type_sticky\"><div class=\"vc_column-inner\"><div class=\"g-cols wpb_row via_grid cols_1 laptops-cols_inherit tablets-cols_inherit mobiles-cols_1 valign_top type_default stacking_default\"><div class=\"wpb_column vc_column_container\"><div class=\"vc_column-inner\"><div class=\"w-image us_custom_3352664f align_center\"><a href=\"https:\/\/www.capiparts.co.za\/customer-satisfaction-survey\/\" aria-label=\"Lien\" class=\"w-image-h\"><img loading=\"lazy\" decoding=\"async\" width=\"263\" height=\"189\" src=\"https:\/\/www.capiparts.co.za\/wp-content\/uploads\/2024\/10\/rate-our-service-button.png\" class=\"attachment-large size-large\" alt=\"rate-our-service-button\" \/><\/a><\/div><\/div><\/div><\/div><\/div><\/div><div class=\"wpb_column vc_column_container\"><div class=\"vc_column-inner\"><div class=\"w-iconbox us_custom_04e8e34f has_text_color iconpos_left style_default color_primary align_right no_text\"><a href=\"https:\/\/www.machinerytrader.com\/listings\/for-sale\/capital-equipment-parts-pty-ltd-kempton-park-gauteng\/construction-attachments\/?LocationID=350007716718\" class=\"w-iconbox-link\" aria-label=\"Machinery Trader\" target=\"_blank\" rel=\"noopener\"><div class=\"w-iconbox-icon\" style=\"font-size:15px;\"><i class=\"fas fa-plus\"><\/i><\/div><\/a><div class=\"w-iconbox-meta\"><a href=\"https:\/\/www.machinerytrader.com\/listings\/for-sale\/capital-equipment-parts-pty-ltd-kempton-park-gauteng\/construction-attachments\/?LocationID=350007716718\" class=\"w-iconbox-link\" aria-label=\"Machinery Trader\" target=\"_blank\" rel=\"noopener\"><p class=\"w-iconbox-title\">Machinery Trader<\/p><\/a><\/div><\/div><div class=\"wpb_text_column us_custom_57c72f36 has_text_color\"><div class=\"wpb_wrapper\"><p><a href=\"https:\/\/www.machinerytrader.com\/listings\/for-sale\/capital-equipment-parts-pty-ltd-kempton-park-gauteng\/construction-attachments\/?LocationID=350007716718\" target=\"_blank\" rel=\"noopener\">Voir la page<br \/>\n<\/a><\/p>\n<\/div><\/div><div class=\"w-iconbox us_custom_04e8e34f has_text_color iconpos_left style_default color_primary align_right no_text\"><a href=\"https:\/\/www.marketbook.co.za\/listings\/for-sale\/capital-equipment-parts-pty-ltd-kempton-park-gauteng-south-africa\/plant-attachments\/81\/?LocationID=350007716718\" class=\"w-iconbox-link\" aria-label=\"Market Book\" target=\"_blank\" rel=\"noopener\"><div class=\"w-iconbox-icon\" style=\"font-size:15px;\"><i class=\"fas fa-plus\"><\/i><\/div><\/a><div class=\"w-iconbox-meta\"><a href=\"https:\/\/www.marketbook.co.za\/listings\/for-sale\/capital-equipment-parts-pty-ltd-kempton-park-gauteng-south-africa\/plant-attachments\/81\/?LocationID=350007716718\" class=\"w-iconbox-link\" aria-label=\"Market Book\" target=\"_blank\" rel=\"noopener\"><p class=\"w-iconbox-title\">Market Book<\/p><\/a><\/div><\/div><div class=\"wpb_text_column us_custom_57c72f36 has_text_color\"><div class=\"wpb_wrapper\"><p><a href=\"https:\/\/www.marketbook.co.za\/listings\/for-sale\/capital-equipment-parts-pty-ltd-kempton-park-gauteng-south-africa\/plant-attachments\/81\/?LocationID=350007716718\" target=\"_blank\" rel=\"noopener\">Voir la page<br \/><\/a><\/p>\n<\/div><\/div><\/div><\/div><\/div><\/div><\/section><section class=\"l-section wpb_row hide_on_default hide_on_laptops hide_on_tablets height_medium\"><div class=\"l-section-h i-cf\"><div class=\"g-cols vc_row via_grid cols_1 laptops-cols_inherit tablets-cols_inherit mobiles-cols_1 valign_top type_default stacking_default\" style=\"grid-gap:0.9rem;\"><div class=\"wpb_column vc_column_container\"><div class=\"vc_column-inner\"><div class=\"wpb_text_column us_custom_929e8f83 has_text_color\"><div class=\"wpb_wrapper\"><p>\u00c9largir l\u2019acc\u00e8s \u00e0 des pi\u00e8ces de machinerie mini\u00e8re de qualit\u00e9 \u2013 Vous connecter aux pi\u00e8ces dont vous avez besoin<\/p>\n<\/div><\/div><\/div><\/div><\/div><\/div><\/section><section class=\"l-section wpb_row us_custom_9d0adce0 hide_on_default hide_on_laptops hide_on_tablets height_medium\"><div class=\"l-section-h i-cf\"><div class=\"g-cols vc_row via_grid cols_1 laptops-cols_inherit tablets-cols_inherit mobiles-cols_1 valign_top type_default stacking_default\" style=\"grid-gap:0.9rem;\"><div class=\"wpb_column vc_column_container\"><div class=\"vc_column-inner\"><div class=\"wpb_text_column us_custom_42f787f8 has_text_color\"><div class=\"wpb_wrapper\"><p>Chez Capital Equipment Parts, nous simplifions la recherche d\u2019\u00e9quipements et de pi\u00e8ces mini\u00e8res en publiant notre inventaire sur des plateformes tierces fiables. Cela garantit un acc\u00e8s pratique \u00e0 des composants de haute qualit\u00e9 tout en respectant notre engagement envers un service exceptionnel. Des pi\u00e8ces essentielles aux pi\u00e8ces sp\u00e9cialis\u00e9es, nous offrons des solutions fiables pour r\u00e9pondre rapidement et efficacement \u00e0 vos besoins.<\/p>\n<\/div><\/div><\/div><\/div><\/div><\/div><\/section><section class=\"l-section wpb_row hide_on_default hide_on_laptops hide_on_tablets height_small\"><div class=\"l-section-h i-cf\"><div class=\"g-cols vc_row via_grid cols_1 laptops-cols_inherit tablets-cols_inherit mobiles-cols_1 valign_middle type_default stacking_default\"><div class=\"wpb_column vc_column_container us_custom_4810a666 has_bg_color\"><div class=\"vc_column-inner\"><div class=\"wpb_text_column us_custom_8c82aa93 has_text_color\"><div class=\"wpb_wrapper\"><p>Votre source num\u00e9ro 1 pour des pi\u00e8ces GPM (Fabricant de pi\u00e8ces d\u2019origine) abordables et des pi\u00e8ces exc\u00e9dentaires.<\/p>\n<\/div><\/div><div class=\"w-btn-wrapper align_center\"><a class=\"w-btn us-btn-style_1 us_custom_b4b917f7 has_text_color\" href=\"https:\/\/www.capiparts.co.za\/contact-capital-equipment-parts\/\"><span class=\"w-btn-label\">CONTACTEZ-NOUS AUJOURD\u2019HUI<\/span><\/a><\/div><\/div><\/div><\/div><\/div><\/section>\n","protected":false},"excerpt":{"rendered":"VOIR LA PAGEVOIR LA PAGEMachinery TraderVoir la page Market BookVoir la page \u00c9largir l\u2019acc\u00e8s \u00e0 des pi\u00e8ces de machinerie mini\u00e8re de qualit\u00e9 \u2013 Vous connecter aux pi\u00e8ces dont vous avez besoin Chez Capital Equipment Parts, nous simplifions la recherche d\u2019\u00e9quipements et de pi\u00e8ces mini\u00e8res en publiant notre inventaire sur des plateformes tierces fiables. Cela garantit...","protected":false},"author":3,"featured_media":67072,"parent":0,"menu_order":0,"comment_status":"closed","ping_status":"closed","template":"","meta":{"footnotes":""},"class_list":["post-73357","page","type-page","status-publish","has-post-thumbnail","hentry"],"_links":{"self":[{"href":"https:\/\/www.capiparts.co.za\/fr\/wp-json\/wp\/v2\/pages\/73357","targetHints":{"allow":["GET"]}}],"collection":[{"href":"https:\/\/www.capiparts.co.za\/fr\/wp-json\/wp\/v2\/pages"}],"about":[{"href":"https:\/\/www.capiparts.co.za\/fr\/wp-json\/wp\/v2\/types\/page"}],"author":[{"embeddable":true,"href":"https:\/\/www.capiparts.co.za\/fr\/wp-json\/wp\/v2\/users\/3"}],"replies":[{"embeddable":true,"href":"https:\/\/www.capiparts.co.za\/fr\/wp-json\/wp\/v2\/comments?post=73357"}],"version-history":[{"count":4,"href":"https:\/\/www.capiparts.co.za\/fr\/wp-json\/wp\/v2\/pages\/73357\/revisions"}],"predecessor-version":[{"id":73361,"href":"https:\/\/www.capiparts.co.za\/fr\/wp-json\/wp\/v2\/pages\/73357\/revisions\/73361"}],"wp:featuredmedia":[{"embeddable":true,"href":"https:\/\/www.capiparts.co.za\/fr\/wp-json\/wp\/v2\/media\/67072"}],"wp:attachment":[{"href":"https:\/\/www.capiparts.co.za\/fr\/wp-json\/wp\/v2\/media?parent=73357"}],"curies":[{"name":"wp","href":"https:\/\/api.w.org\/{rel}","templated":true}]}}