{"id":70015,"date":"2021-06-29T18:50:56","date_gmt":"2021-06-29T18:50:56","guid":{"rendered":"https:\/\/www.capiparts.co.za\/politica-de-privacidade\/"},"modified":"2025-01-08T14:03:00","modified_gmt":"2025-01-08T14:03:00","slug":"politica-de-privacidade","status":"publish","type":"page","link":"https:\/\/www.capiparts.co.za\/pt-pt\/politica-de-privacidade\/","title":{"rendered":"POL\u00cdTICA DE PRIVACIDADE"},"content":{"rendered":"<h1>Pol\u00edtica de Privacidade<\/h1>\n<p>Esta Pol\u00edtica de Privacidade descreve como suas informa\u00e7\u00f5es pessoais s\u00e3o coletadas, usadas e compartilhadas quando voc\u00ea visita ou faz uma compra neste site (o &#8220;Site&#8221;).<\/p>\n<h3>Informa\u00e7\u00f5es pessoais que recolhemos<\/h3>\n<p>Quando visita o Site, recolhemos automaticamente determinadas informa\u00e7\u00f5es sobre o seu dispositivo, incluindo informa\u00e7\u00f5es sobre o seu navegador da Web, endere\u00e7o IP, fuso hor\u00e1rio e alguns dos cookies instalados no seu dispositivo. Al\u00e9m disso, \u00e0 medida que navega no Site, recolhemos informa\u00e7\u00f5es sobre as p\u00e1ginas Web ou produtos individuais que visualiza, que websites ou termos de pesquisa o encaminharam para o Site e informa\u00e7\u00f5es sobre como interage com o Site. Referimo-nos a estas informa\u00e7\u00f5es recolhidas automaticamente como &#8220;Informa\u00e7\u00f5es do Dispositivo&#8221;. Recolhemos Informa\u00e7\u00f5es do Dispositivo utilizando as seguintes tecnologias:   <\/p>\n<ul>\n<li>&#8220;Cookies&#8221; s\u00e3o ficheiros de dados que s\u00e3o colocados no seu dispositivo ou computador e incluem frequentemente um identificador \u00fanico an\u00f3nimo. Para obter mais informa\u00e7\u00f5es sobre cookies e como desativar os cookies, visite http:\/\/www.allaboutcookies.org. Leia a nossa Pol\u00edtica de Cookies para mais informa\u00e7\u00f5es. <\/li>\n<li>Os &#8220;arquivos de log&#8221; rastreiam a\u00e7\u00f5es que ocorrem no Site e coletam dados, incluindo seu endere\u00e7o IP, tipo de navegador, provedor de servi\u00e7os de Internet, p\u00e1ginas de refer\u00eancia\/sa\u00edda e carimbos de data\/hora.<\/li>\n<li>&#8220;Web beacons&#8221;, &#8220;tags&#8221; e &#8220;pixels&#8221; s\u00e3o arquivos eletr\u00f4nicos usados para registrar informa\u00e7\u00f5es sobre como voc\u00ea navega no Site.<\/li>\n<\/ul>\n<p>Al\u00e9m disso, quando voc\u00ea faz uma compra ou tenta fazer uma compra atrav\u00e9s do Site, coletamos certas informa\u00e7\u00f5es suas, incluindo seu nome, endere\u00e7o de cobran\u00e7a, endere\u00e7o de entrega, informa\u00e7\u00f5es de pagamento, endere\u00e7o de e-mail e n\u00famero de telefone. Referimo-nos a estas informa\u00e7\u00f5es como &#8220;Informa\u00e7\u00f5es sobre Encomendas&#8221;. Recolhemos n\u00fameros de cart\u00e3o de cr\u00e9dito\/d\u00e9bito para processar o seu pagamento, mas nunca os armazenamos. Quando falamos de &#8220;Informa\u00e7\u00f5es Pessoais&#8221; nesta Pol\u00edtica de Privacidade, estamos a falar tanto de Informa\u00e7\u00f5es do Dispositivo como de Informa\u00e7\u00f5es de Encomenda.   <\/p>\n<h3>Como utilizamos os seus dados pessoais?<\/h3>\n<p>Utilizamos as Informa\u00e7\u00f5es de Encomenda que recolhemos geralmente para satisfazer quaisquer encomendas feitas atrav\u00e9s do Site (incluindo o processamento das suas informa\u00e7\u00f5es de pagamento, organiza\u00e7\u00e3o do envio e fornecimento de faturas e\/ou confirma\u00e7\u00f5es de encomenda). Al\u00e9m disso, usamos essas informa\u00e7\u00f5es de pedido para: <\/p>\n<ul>\n<li>Comunique-se com voc\u00ea.<\/li>\n<li>Analise as nossas encomendas em busca de potenciais riscos ou fraudes.<\/li>\n<li>Quando estiver de acordo com as prefer\u00eancias que partilhou connosco, forne\u00e7a-lhe informa\u00e7\u00f5es ou publicidade relacionadas com os nossos produtos ou servi\u00e7os.<\/li>\n<li>Informa\u00e7\u00f5es do dispositivo para nos ajudar a rastrear potenciais riscos e fraudes (em particular, o seu endere\u00e7o IP) e, de um modo mais geral, para melhorar e otimizar o nosso Site (por exemplo, gerando an\u00e1lises sobre como os nossos clientes navegam e interagem com o Site e para avaliar o sucesso das nossas campanhas de marketing e publicidade).<\/li>\n<\/ul>\n<h3>Partilhar os seus dados pessoais<\/h3>\n<p>Partilhamos os seus Dados Pessoais com terceiros para nos ajudar a utilizar os seus Dados Pessoais, conforme descrito acima. Por exemplo, usamos o Google Analytics para nos ajudar a entender como nossos clientes usam o Site. Voc\u00ea pode ler mais sobre como o Google usa suas Informa\u00e7\u00f5es Pessoais <a href=\"https:\/\/www.google.com\/intl\/en\/policies\/privacy\/\" target=\"_blank\" rel=\"noopener noreferrer\">aqui<\/a>. Tamb\u00e9m pode desativar o Google Analytics <a href=\"https:\/\/tools.google.com\/dlpage\/gaoptout\" target=\"_blank\" rel=\"noopener noreferrer\">aqui.<\/a> Por fim, tamb\u00e9m podemos compartilhar suas Informa\u00e7\u00f5es Pessoais para cumprir as leis e regulamentos aplic\u00e1veis, para responder a uma intima\u00e7\u00e3o, mandado de busca ou outra solicita\u00e7\u00e3o legal de informa\u00e7\u00f5es que recebemos, ou para proteger nossos direitos. Suas informa\u00e7\u00f5es tamb\u00e9m s\u00e3o compartilhadas para ajudar a processar um pedido com terceiros, como PayPal, Stripe, etc.    <\/p>\n<h3>Publicidade comportamental<\/h3>\n<p>Conforme descrito acima, utilizamos os seus Dados Pessoais para lhe fornecer an\u00fancios direcionados ou comunica\u00e7\u00f5es de marketing que acreditamos ser do seu interesse. Para obter mais informa\u00e7\u00f5es sobre como a publicidade direcionada funciona, visite a p\u00e1gina educacional da Network Advertising Initiative (&#8220;NAI&#8221;) <a href=\"http:\/\/www.networkadvertising.org\/understanding-online-advertising\/how-does-it-work\" target=\"_blank\" rel=\"noopener\">aqui.<\/a> <\/p>\n<h3>N\u00e3o rastrear<\/h3>\n<p>Tenha em aten\u00e7\u00e3o que n\u00e3o alteramos as pr\u00e1ticas de recolha e utiliza\u00e7\u00e3o de dados do nosso Site quando vemos um sinal de N\u00e3o Rastrear do seu navegador.<\/p>\n<h3>Os seus direitos<\/h3>\n<p>Voc\u00ea tem o direito de acessar as informa\u00e7\u00f5es pessoais que mantemos sobre voc\u00ea e de solicitar que suas informa\u00e7\u00f5es pessoais sejam corrigidas, atualizadas ou exclu\u00eddas. Se voc\u00ea gostaria de exercer este direito, entre em contato conosco atrav\u00e9s das informa\u00e7\u00f5es de contato abaixo. Al\u00e9m disso, observamos que estamos processando suas informa\u00e7\u00f5es para cumprir contratos que possamos ter com voc\u00ea (por exemplo, se voc\u00ea fizer um pedido atrav\u00e9s do Site), ou de outra forma para perseguir nossos interesses comerciais leg\u00edtimos listados acima. Al\u00e9m disso, tenha em aten\u00e7\u00e3o que as suas informa\u00e7\u00f5es ser\u00e3o transferidas para fora da Europa, incluindo para o Canad\u00e1 e os Estados Unidos.   <\/p>\n<h3>Reten\u00e7\u00e3o de dados<\/h3>\n<p>Quando voc\u00ea faz um pedido atrav\u00e9s do Site, manteremos suas Informa\u00e7\u00f5es de Pedido para nossos registros, a menos e at\u00e9 que voc\u00ea nos pe\u00e7a para excluir essas informa\u00e7\u00f5es.<\/p>\n<h3>Menores<\/h3>\n<p>O Site n\u00e3o se destina a indiv\u00edduos com menos de 18 anos, a menos que o consentimento seja dado por um tutor.<\/p>\n<h3>Altera\u00e7\u00f5es<\/h3>\n<p>Podemos atualizar esta pol\u00edtica de privacidade de tempos em tempos, a fim de refletir, por exemplo, mudan\u00e7as em nossas pr\u00e1ticas ou por outras raz\u00f5es operacionais, legais ou regulamentares.<\/p>\n<h3>Contacte-nos<\/h3>\n<p>Para obter mais informa\u00e7\u00f5es sobre nossas pr\u00e1ticas de privacidade, se voc\u00ea tiver d\u00favidas ou se quiser fazer uma reclama\u00e7\u00e3o, <a href=\"https:\/\/www.capiparts.co.za\/contact-capital-equipment-parts\/\">entre em contato conosco<\/a>.<\/p>\n","protected":false},"excerpt":{"rendered":"<p>Pol\u00edtica de Privacidade Esta Pol\u00edtica de Privacidade descreve como suas informa\u00e7\u00f5es pessoais s\u00e3o coletadas, usadas e compartilhadas quando voc\u00ea visita ou faz uma compra neste site (o &#8220;Site&#8221;). Informa\u00e7\u00f5es pessoais que recolhemos Quando visita o Site, recolhemos automaticamente determinadas informa\u00e7\u00f5es sobre o seu dispositivo, incluindo informa\u00e7\u00f5es sobre o seu navegador da Web, endere\u00e7o IP, fuso&#8230;<\/p>\n","protected":false},"author":3,"featured_media":69668,"parent":0,"menu_order":0,"comment_status":"closed","ping_status":"closed","template":"","meta":{"footnotes":""},"class_list":["post-70015","page","type-page","status-publish","has-post-thumbnail","hentry"],"_links":{"self":[{"href":"https:\/\/www.capiparts.co.za\/pt-pt\/wp-json\/wp\/v2\/pages\/70015","targetHints":{"allow":["GET"]}}],"collection":[{"href":"https:\/\/www.capiparts.co.za\/pt-pt\/wp-json\/wp\/v2\/pages"}],"about":[{"href":"https:\/\/www.capiparts.co.za\/pt-pt\/wp-json\/wp\/v2\/types\/page"}],"author":[{"embeddable":true,"href":"https:\/\/www.capiparts.co.za\/pt-pt\/wp-json\/wp\/v2\/users\/3"}],"replies":[{"embeddable":true,"href":"https:\/\/www.capiparts.co.za\/pt-pt\/wp-json\/wp\/v2\/comments?post=70015"}],"version-history":[{"count":1,"href":"https:\/\/www.capiparts.co.za\/pt-pt\/wp-json\/wp\/v2\/pages\/70015\/revisions"}],"predecessor-version":[{"id":70021,"href":"https:\/\/www.capiparts.co.za\/pt-pt\/wp-json\/wp\/v2\/pages\/70015\/revisions\/70021"}],"wp:featuredmedia":[{"embeddable":true,"href":"https:\/\/www.capiparts.co.za\/pt-pt\/wp-json\/wp\/v2\/media\/69668"}],"wp:attachment":[{"href":"https:\/\/www.capiparts.co.za\/pt-pt\/wp-json\/wp\/v2\/media?parent=70015"}],"curies":[{"name":"wp","href":"https:\/\/api.w.org\/{rel}","templated":true}]}}