{"id":70035,"date":"2019-05-05T23:12:53","date_gmt":"2019-05-05T23:12:53","guid":{"rendered":"https:\/\/www.capiparts.co.za\/pecas-de-desgaste\/"},"modified":"2025-05-21T20:04:05","modified_gmt":"2025-05-21T20:04:05","slug":"pecas-de-desgaste","status":"publish","type":"page","link":"https:\/\/www.capiparts.co.za\/pt-pt\/pecas-de-desgaste\/","title":{"rendered":"PE\u00c7AS DE DESGASTE"},"content":{"rendered":"<section class=\"l-section wpb_row height_medium color_secondary with_img\"><div class=\"l-section-img\" style=\"background-image: url(https:\/\/www.capiparts.co.za\/wp-content\/uploads\/2019\/05\/about-header.jpg);\" data-img-width=\"1920\" data-img-height=\"400\"><\/div><div class=\"l-section-h i-cf\"><div class=\"g-cols vc_row via_grid cols_1 laptops-cols_inherit tablets-cols_inherit mobiles-cols_1 valign_middle type_default stacking_default\"><div class=\"wpb_column vc_column_container\"><div class=\"vc_column-inner\"><div class=\"wpb_text_column\"><div class=\"wpb_wrapper\"><h1>FERRAMENTAS DE ENGATE NO SOLO (G.E.T)<\/h1>\n<\/div><\/div><\/div><\/div><\/div><\/div><\/section><section class=\"l-section wpb_row height_medium\"><div class=\"l-section-h i-cf\"><div class=\"g-cols vc_row via_grid cols_2 laptops-cols_inherit tablets-cols_inherit mobiles-cols_1 valign_top type_default stacking_default\"><div class=\"wpb_column vc_column_container\"><div class=\"vc_column-inner\"><div class=\"w-image style_outlined align_center\"><a title=\"PE\u00c7AS DE DESGASTE PARA MINERA\u00c7\u00c3O\" href=\"https:\/\/www.capiparts.co.za\/pt-pt\/pecas-de-desgaste-para-mineracao\/\" aria-label=\"Liga\u00e7\u00e3o\" class=\"w-image-h\"><img loading=\"lazy\" decoding=\"async\" width=\"600\" height=\"400\" src=\"https:\/\/www.capiparts.co.za\/wp-content\/uploads\/2023\/06\/WEAR-PROTECTION-PARTS.jpg\" class=\"attachment-full size-full\" alt=\"PE\u00c7AS DE PROTE\u00c7\u00c3O CONTRA DESGASTE\" srcset=\"https:\/\/www.capiparts.co.za\/wp-content\/uploads\/2023\/06\/WEAR-PROTECTION-PARTS.jpg 600w, https:\/\/www.capiparts.co.za\/wp-content\/uploads\/2023\/06\/WEAR-PROTECTION-PARTS-300x200.jpg 300w, https:\/\/www.capiparts.co.za\/wp-content\/uploads\/2023\/06\/WEAR-PROTECTION-PARTS-64x43.jpg 64w\" sizes=\"auto, (max-width: 600px) 100vw, 600px\" \/><\/a><\/div><div class=\"w-separator size_small\"><\/div><div class=\"wpb_text_column\"><div class=\"wpb_wrapper\"><h4 style=\"text-align: center;\">PE\u00c7AS DE PROTE\u00c7\u00c3O CONTRA DESGASTE<br \/>\nPARA MINERA\u00c7\u00c3O<\/h4>\n<\/div><\/div><\/div><\/div><div class=\"wpb_column vc_column_container\"><div class=\"vc_column-inner\"><div class=\"w-image style_outlined align_center\"><a title=\"PE\u00c7AS DE DESGASTE PARA CONSTRU\u00c7\u00c3O\" href=\"\/construction-wear-parts\/\" aria-label=\"Liga\u00e7\u00e3o\" class=\"w-image-h\"><img loading=\"lazy\" decoding=\"async\" width=\"600\" height=\"400\" src=\"https:\/\/www.capiparts.co.za\/wp-content\/uploads\/2019\/05\/construction-wear-tab.jpg\" class=\"attachment-full size-full\" alt=\"constru\u00e7\u00e3o-desgaste-guia\" srcset=\"https:\/\/www.capiparts.co.za\/wp-content\/uploads\/2019\/05\/construction-wear-tab.jpg 600w, https:\/\/www.capiparts.co.za\/wp-content\/uploads\/2019\/05\/construction-wear-tab-300x200.jpg 300w\" sizes=\"auto, (max-width: 600px) 100vw, 600px\" \/><\/a><\/div><div class=\"w-separator size_small\"><\/div><div class=\"wpb_text_column\"><div class=\"wpb_wrapper\"><h4 style=\"text-align: center;\">PE\u00c7AS DE PROTE\u00c7\u00c3O CONTRA O DESGASTE<br \/>\nNA CONSTRU\u00c7\u00c3O<\/h4>\n<\/div><\/div><\/div><\/div><\/div><\/div><\/section><section class=\"l-section wpb_row height_medium\"><div class=\"l-section-h i-cf\"><div class=\"g-cols vc_row via_grid cols_1 laptops-cols_inherit tablets-cols_inherit mobiles-cols_1 valign_top type_default stacking_default\"><div class=\"wpb_column vc_column_container\"><div class=\"vc_column-inner\"><div class=\"wpb_text_column\"><div class=\"wpb_wrapper\"><div class=\"et_pb_text et_pb_module et_pb_bg_layout_light et_pb_text_align_left et_pb_text_0\">\n<p class=\"et_pb_text_inner\" style=\"text-align: center;\"><span style=\"color: #050909;\">As pe\u00e7as de prote\u00e7\u00e3o contra desgaste na minera\u00e7\u00e3o referem-se a componentes especializados projetados para suportar as condi\u00e7\u00f5es adversas e ambientes <a href=\"https:\/\/en.wikipedia.org\/wiki\/Abrasion_(mechanical)\" target=\"_blank\" rel=\"noopener\">abrasivos<\/a> encontrados durante as opera\u00e7\u00f5es de minera\u00e7\u00e3o. Estas pe\u00e7as s\u00e3o cruciais para proteger equipamentos e m\u00e1quinas do <a href=\"\/?page_id=70025\">desgaste<\/a> excessivo, prolongar a sua vida \u00fatil e reduzir os custos de manuten\u00e7\u00e3o. <\/span><\/p>\n<\/div>\n<\/div><\/div><div class=\"wpb_text_column\"><div class=\"wpb_wrapper\"><div class=\"et_pb_text et_pb_module et_pb_bg_layout_light et_pb_text_align_left et_pb_text_0\">\n<h2 class=\"et_pb_text_inner\" style=\"text-align: center;\"><span style=\"color: #050909;\"><strong>Especialistas em Suas Pe\u00e7as  <\/strong><\/span><\/h2>\n<\/div>\n<\/div><\/div><div class=\"w-separator size_small\"><\/div><div class=\"w-btn-wrapper align_center\"><a class=\"w-btn us-btn-style_1 us_custom_1e0e9307\" href=\"https:\/\/www.capiparts.co.za\/pt-pt\/contato-capital-equipment-parts\/\"><span class=\"w-btn-label\">CONTACTE-NOS HOJE<\/span><\/a><\/div><\/div><\/div><\/div><\/div><\/section>\n","protected":false},"excerpt":{"rendered":"FERRAMENTAS DE ENGATE NO SOLO (G.E.T) PE\u00c7AS DE PROTE\u00c7\u00c3O CONTRA DESGASTE PARA MINERA\u00c7\u00c3O PE\u00c7AS DE PROTE\u00c7\u00c3O CONTRA O DESGASTE NA CONSTRU\u00c7\u00c3O As pe\u00e7as de prote\u00e7\u00e3o contra desgaste na minera\u00e7\u00e3o referem-se a componentes especializados projetados para suportar as condi\u00e7\u00f5es adversas e ambientes abrasivos encontrados durante as opera\u00e7\u00f5es de minera\u00e7\u00e3o. Estas pe\u00e7as s\u00e3o cruciais para proteger equipamentos...","protected":false},"author":2,"featured_media":67072,"parent":0,"menu_order":0,"comment_status":"closed","ping_status":"closed","template":"","meta":{"footnotes":""},"class_list":["post-70035","page","type-page","status-publish","has-post-thumbnail","hentry"],"_links":{"self":[{"href":"https:\/\/www.capiparts.co.za\/pt-pt\/wp-json\/wp\/v2\/pages\/70035","targetHints":{"allow":["GET"]}}],"collection":[{"href":"https:\/\/www.capiparts.co.za\/pt-pt\/wp-json\/wp\/v2\/pages"}],"about":[{"href":"https:\/\/www.capiparts.co.za\/pt-pt\/wp-json\/wp\/v2\/types\/page"}],"author":[{"embeddable":true,"href":"https:\/\/www.capiparts.co.za\/pt-pt\/wp-json\/wp\/v2\/users\/2"}],"replies":[{"embeddable":true,"href":"https:\/\/www.capiparts.co.za\/pt-pt\/wp-json\/wp\/v2\/comments?post=70035"}],"version-history":[{"count":9,"href":"https:\/\/www.capiparts.co.za\/pt-pt\/wp-json\/wp\/v2\/pages\/70035\/revisions"}],"predecessor-version":[{"id":71933,"href":"https:\/\/www.capiparts.co.za\/pt-pt\/wp-json\/wp\/v2\/pages\/70035\/revisions\/71933"}],"wp:featuredmedia":[{"embeddable":true,"href":"https:\/\/www.capiparts.co.za\/pt-pt\/wp-json\/wp\/v2\/media\/67072"}],"wp:attachment":[{"href":"https:\/\/www.capiparts.co.za\/pt-pt\/wp-json\/wp\/v2\/media?parent=70035"}],"curies":[{"name":"wp","href":"https:\/\/api.w.org\/{rel}","templated":true}]}}