{"id":70095,"date":"2023-02-15T20:17:07","date_gmt":"2023-02-15T20:17:07","guid":{"rendered":"https:\/\/www.capiparts.co.za\/distribuidores\/"},"modified":"2026-02-04T19:31:02","modified_gmt":"2026-02-04T19:31:02","slug":"distribuidores","status":"publish","type":"page","link":"https:\/\/www.capiparts.co.za\/pt-pt\/distribuidores\/","title":{"rendered":"DISTRIBUIDORES"},"content":{"rendered":"<section class=\"l-section wpb_row height_medium color_secondary with_img\"><div class=\"l-section-img\" style=\"background-image: url(https:\/\/www.capiparts.co.za\/wp-content\/uploads\/2019\/05\/downloads-header.jpg);\" data-img-width=\"1920\" data-img-height=\"400\"><\/div><div class=\"l-section-h i-cf\"><div class=\"g-cols vc_row via_grid cols_1 laptops-cols_inherit tablets-cols_inherit mobiles-cols_1 valign_middle type_default stacking_default\"><div class=\"wpb_column vc_column_container\"><div class=\"vc_column-inner\"><div class=\"wpb_text_column us_custom_46b6bebf\"><div class=\"wpb_wrapper\"><p>Distribuidores<\/p>\n<\/div><\/div><\/div><\/div><\/div><\/div><\/section><section class=\"l-section wpb_row us_custom_55df199d hide_on_mobiles height_medium\"><div class=\"l-section-h i-cf\"><div class=\"g-cols vc_row via_grid cols_1 laptops-cols_inherit tablets-cols_inherit mobiles-cols_1 valign_top type_default stacking_default\"><div class=\"wpb_column vc_column_container\"><div class=\"vc_column-inner\"><div class=\"w-text us_custom_590af28b has_text_color\"><span class=\"w-text-h\"><span class=\"w-text-value\">A CapiParts \u00e9 uma orgulhosa distribuidora das marcas mais populares da ind\u00fastria de pe\u00e7as de minera\u00e7\u00e3o.<\/br>  Entre em contato conosco se tiver alguma d\u00favida.<\/span><\/span><\/div><div class=\"w-btn-wrapper align_center\"><a class=\"w-btn us-btn-style_1 us_custom_8021c1d2\" href=\"https:\/\/www.capiparts.co.za\/pt-pt\/contato-capital-equipment-parts\/\"><span class=\"w-btn-label\">Entre em contato<\/span><\/a><\/div><\/div><\/div><\/div><\/div><\/section><section class=\"l-section wpb_row us_custom_55df199d hide_on_default hide_on_laptops hide_on_tablets height_medium\"><div class=\"l-section-h i-cf\"><div class=\"g-cols vc_row via_grid cols_1 laptops-cols_inherit tablets-cols_inherit mobiles-cols_1 valign_top type_default stacking_default\"><div class=\"wpb_column vc_column_container\"><div class=\"vc_column-inner\"><div class=\"w-text us_custom_f7022b58 has_text_color\"><span class=\"w-text-h\"><span class=\"w-text-value\">A CapiParts \u00e9 uma orgulhosa distribuidora das marcas mais populares da ind\u00fastria de pe\u00e7as de minera\u00e7\u00e3o.<\/br>  Entre em contato conosco se tiver alguma d\u00favida.<\/span><\/span><\/div><div class=\"w-btn-wrapper align_center\"><a class=\"w-btn us-btn-style_1 us_custom_8021c1d2\" href=\"https:\/\/www.capiparts.co.za\/pt-pt\/contato-capital-equipment-parts\/\"><span class=\"w-btn-label\">Entre em contato<\/span><\/a><\/div><\/div><\/div><\/div><\/div><\/section><section class=\"l-section wpb_row height_small\"><div class=\"l-section-h i-cf\"><div class=\"g-cols vc_row via_grid cols_1 laptops-cols_inherit tablets-cols_inherit mobiles-cols_1 valign_top type_default stacking_default\"><div class=\"wpb_column vc_column_container\"><div class=\"vc_column-inner\"><div class=\"w-separator size_medium\"><\/div><div class=\"w-text us_custom_19391c7c hide_on_mobiles\"><span class=\"w-text-h\"><span class=\"w-text-value\">Certificados de Distribuidor<\/span><\/span><\/div><div class=\"w-text us_custom_95a8e4d9 hide_on_default hide_on_laptops hide_on_tablets\"><span class=\"w-text-h\"><span class=\"w-text-value\">Certificados de Distribuidor<\/span><\/span><\/div><\/div><\/div><\/div><\/div><\/section><section class=\"l-section wpb_row us_custom_b51c0c2f hide_on_mobiles height_auto\"><div class=\"l-section-h i-cf\"><div class=\"g-cols vc_row via_grid cols_4 laptops-cols_inherit tablets-cols_inherit mobiles-cols_2 valign_top type_default stacking_default\"><div class=\"wpb_column vc_column_container us_custom_605be55a\"><div class=\"vc_column-inner\"><div class=\"w-separator size_medium\"><\/div><div class=\"w-text us_custom_c4fd7342\"><span class=\"w-text-h\"><span class=\"w-text-value\">Distribuidor autorizado de:<\/span><\/span><\/div><div class=\"w-image us_custom_a0708afc align_none\"><a target=\"_blank\" href=\"http:\/\/www.capiparts.co.za\/wp-content\/uploads\/2023\/02\/SEARS-seating-.pdf\" rel=\"noopener\" aria-label=\"Liga\u00e7\u00e3o\" class=\"w-image-h\"><img loading=\"lazy\" decoding=\"async\" width=\"547\" height=\"260\" src=\"https:\/\/www.capiparts.co.za\/wp-content\/uploads\/2025\/07\/sears-authorised-distributors01.png\" class=\"attachment-large size-large\" alt=\"\" srcset=\"https:\/\/www.capiparts.co.za\/wp-content\/uploads\/2025\/07\/sears-authorised-distributors01.png 547w, https:\/\/www.capiparts.co.za\/wp-content\/uploads\/2025\/07\/sears-authorised-distributors01-300x143.png 300w, https:\/\/www.capiparts.co.za\/wp-content\/uploads\/2025\/07\/sears-authorised-distributors01-450x214.png 450w\" sizes=\"auto, (max-width: 547px) 100vw, 547px\"><\/a><\/div><div class=\"w-btn-wrapper align_center\"><a class=\"w-btn us-btn-style_1 us_custom_69d54193\" target=\"_blank\" href=\"http:\/\/www.capiparts.co.za\/wp-content\/uploads\/2023\/02\/SEARS-seating-.pdf\" rel=\"noopener\"><span class=\"w-btn-label\">Baixar certificado<\/span><\/a><\/div><div class=\"w-separator size_medium\"><\/div><\/div><\/div><div class=\"wpb_column vc_column_container us_custom_605be55a\"><div class=\"vc_column-inner\"><div class=\"w-separator size_medium\"><\/div><div class=\"w-text us_custom_c4fd7342\"><span class=\"w-text-h\"><span class=\"w-text-value\">Distribuidor autorizado de:<\/span><\/span><\/div><div class=\"w-image us_custom_a0708afc align_none\"><a target=\"_blank\" href=\"http:\/\/www.capiparts.co.za\/wp-content\/uploads\/2023\/02\/United-Seats.pdf\" rel=\"noopener\" aria-label=\"Liga\u00e7\u00e3o\" class=\"w-image-h\"><img loading=\"lazy\" decoding=\"async\" width=\"547\" height=\"260\" src=\"https:\/\/www.capiparts.co.za\/wp-content\/uploads\/2025\/07\/united-seats-distributors01.png\" class=\"attachment-large size-large\" alt=\"\" srcset=\"https:\/\/www.capiparts.co.za\/wp-content\/uploads\/2025\/07\/united-seats-distributors01.png 547w, https:\/\/www.capiparts.co.za\/wp-content\/uploads\/2025\/07\/united-seats-distributors01-300x143.png 300w, https:\/\/www.capiparts.co.za\/wp-content\/uploads\/2025\/07\/united-seats-distributors01-450x214.png 450w\" sizes=\"auto, (max-width: 547px) 100vw, 547px\"><\/a><\/div><div class=\"w-btn-wrapper align_center\"><a class=\"w-btn us-btn-style_1 us_custom_69d54193\" target=\"_blank\" href=\"http:\/\/www.capiparts.co.za\/wp-content\/uploads\/2023\/02\/United-Seats.pdf\" rel=\"noopener\"><span class=\"w-btn-label\">Baixar certificado<\/span><\/a><\/div><div class=\"w-separator size_medium\"><\/div><\/div><\/div><div class=\"wpb_column vc_column_container us_custom_605be55a\"><div class=\"vc_column-inner\"><div class=\"w-separator size_medium\"><\/div><div class=\"w-text us_custom_c4fd7342\"><span class=\"w-text-h\"><span class=\"w-text-value\">Distribuidor autorizado de:<\/span><\/span><\/div><div class=\"w-image us_custom_a0708afc align_none\"><a target=\"_blank\" href=\"http:\/\/www.capiparts.co.za\/wp-content\/uploads\/2023\/02\/T.O.C..pdf\" rel=\"noopener\" aria-label=\"Liga\u00e7\u00e3o\" class=\"w-image-h\"><img loading=\"lazy\" decoding=\"async\" width=\"547\" height=\"260\" src=\"https:\/\/www.capiparts.co.za\/wp-content\/uploads\/2025\/07\/toc-distributors01.png\" class=\"attachment-large size-large\" alt=\"\" srcset=\"https:\/\/www.capiparts.co.za\/wp-content\/uploads\/2025\/07\/toc-distributors01.png 547w, https:\/\/www.capiparts.co.za\/wp-content\/uploads\/2025\/07\/toc-distributors01-300x143.png 300w, https:\/\/www.capiparts.co.za\/wp-content\/uploads\/2025\/07\/toc-distributors01-450x214.png 450w\" sizes=\"auto, (max-width: 547px) 100vw, 547px\"><\/a><\/div><div class=\"w-btn-wrapper align_center\"><a class=\"w-btn us-btn-style_1 us_custom_69d54193\" target=\"_blank\" href=\"http:\/\/www.capiparts.co.za\/wp-content\/uploads\/2023\/02\/T.O.C..pdf\" rel=\"noopener\"><span class=\"w-btn-label\">Baixar certificado<\/span><\/a><\/div><div class=\"w-separator size_medium\"><\/div><\/div><\/div><div class=\"wpb_column vc_column_container us_custom_605be55a\"><div class=\"vc_column-inner\"><div class=\"w-separator size_medium\"><\/div><div class=\"w-text us_custom_c4fd7342\"><span class=\"w-text-h\"><span class=\"w-text-value\">Distribuidor autorizado de:<\/span><\/span><\/div><div class=\"w-image us_custom_a0708afc align_none\"><a target=\"_blank\" href=\"https:\/\/www.capiparts.co.za\/wp-content\/uploads\/513580.pdf\" rel=\"noopener\" aria-label=\"Liga\u00e7\u00e3o\" class=\"w-image-h\"><img loading=\"lazy\" decoding=\"async\" width=\"547\" height=\"260\" src=\"https:\/\/www.capiparts.co.za\/wp-content\/uploads\/2025\/07\/euroricambi-distributors01.png\" class=\"attachment-large size-large\" alt=\"\" srcset=\"https:\/\/www.capiparts.co.za\/wp-content\/uploads\/2025\/07\/euroricambi-distributors01.png 547w, https:\/\/www.capiparts.co.za\/wp-content\/uploads\/2025\/07\/euroricambi-distributors01-300x143.png 300w, https:\/\/www.capiparts.co.za\/wp-content\/uploads\/2025\/07\/euroricambi-distributors01-450x214.png 450w\" sizes=\"auto, (max-width: 547px) 100vw, 547px\"><\/a><\/div><div class=\"w-btn-wrapper align_center\"><a class=\"w-btn us-btn-style_1 us_custom_69d54193\" target=\"_blank\" href=\"https:\/\/www.capiparts.co.za\/wp-content\/uploads\/513580.pdf\" rel=\"noopener\"><span class=\"w-btn-label\">Baixar certificado<\/span><\/a><\/div><div class=\"w-separator size_medium\"><\/div><\/div><\/div><\/div><\/div><\/section><section class=\"l-section wpb_row us_custom_08d660e1 hide_on_mobiles height_auto\"><div class=\"l-section-h i-cf\"><div class=\"g-cols vc_row via_grid cols_4 laptops-cols_inherit tablets-cols_inherit mobiles-cols_2 valign_top type_default stacking_default\"><div class=\"wpb_column vc_column_container us_custom_605be55a\"><div class=\"vc_column-inner\"><div class=\"w-separator size_medium\"><\/div><div class=\"w-text us_custom_c4fd7342\"><span class=\"w-text-h\"><span class=\"w-text-value\">Distribuidor autorizado de:<\/span><\/span><\/div><div class=\"w-image us_custom_a0708afc align_none\"><a target=\"_blank\" href=\"http:\/\/www.capiparts.co.za\/wp-content\/uploads\/2023\/02\/SEARS-seating-.pdf\" rel=\"noopener\" aria-label=\"Liga\u00e7\u00e3o\" class=\"w-image-h\"><img loading=\"lazy\" decoding=\"async\" width=\"547\" height=\"260\" src=\"https:\/\/www.capiparts.co.za\/wp-content\/uploads\/2025\/07\/interstate-mcbee-distributors01.png\" class=\"attachment-large size-large\" alt=\"\" srcset=\"https:\/\/www.capiparts.co.za\/wp-content\/uploads\/2025\/07\/interstate-mcbee-distributors01.png 547w, https:\/\/www.capiparts.co.za\/wp-content\/uploads\/2025\/07\/interstate-mcbee-distributors01-300x143.png 300w, https:\/\/www.capiparts.co.za\/wp-content\/uploads\/2025\/07\/interstate-mcbee-distributors01-450x214.png 450w\" sizes=\"auto, (max-width: 547px) 100vw, 547px\"><\/a><\/div><div class=\"w-btn-wrapper align_center\"><a class=\"w-btn us-btn-style_1 us_custom_69d54193\" target=\"_blank\" href=\"http:\/\/www.capiparts.co.za\/wp-content\/uploads\/2023\/02\/SEARS-seating-.pdf\" rel=\"noopener\"><span class=\"w-btn-label\">Baixar certificado<\/span><\/a><\/div><div class=\"w-separator size_medium\"><\/div><\/div><\/div><div class=\"wpb_column vc_column_container us_custom_605be55a\"><div class=\"vc_column-inner\"><div class=\"w-separator size_medium\"><\/div><div class=\"w-text us_custom_c4fd7342\"><span class=\"w-text-h\"><span class=\"w-text-value\">Distribuidor autorizado de:<\/span><\/span><\/div><div class=\"w-image us_custom_a0708afc align_none\"><a target=\"_blank\" href=\"https:\/\/www.capiparts.co.za\/wp-content\/uploads\/2025\/02\/SAP-certificate-SA.pdf\" rel=\"noopener\" aria-label=\"Liga\u00e7\u00e3o\" class=\"w-image-h\"><img loading=\"lazy\" decoding=\"async\" width=\"547\" height=\"260\" src=\"https:\/\/www.capiparts.co.za\/wp-content\/uploads\/2025\/07\/sap-distributors01.png\" class=\"attachment-large size-large\" alt=\"\" srcset=\"https:\/\/www.capiparts.co.za\/wp-content\/uploads\/2025\/07\/sap-distributors01.png 547w, https:\/\/www.capiparts.co.za\/wp-content\/uploads\/2025\/07\/sap-distributors01-300x143.png 300w, https:\/\/www.capiparts.co.za\/wp-content\/uploads\/2025\/07\/sap-distributors01-450x214.png 450w\" sizes=\"auto, (max-width: 547px) 100vw, 547px\"><\/a><\/div><div class=\"w-btn-wrapper align_center\"><a class=\"w-btn us-btn-style_1 us_custom_69d54193\" target=\"_blank\" href=\"https:\/\/www.capiparts.co.za\/wp-content\/uploads\/2025\/02\/SAP-certificate-SA.pdf\" rel=\"noopener\"><span class=\"w-btn-label\">Baixar certificado<\/span><\/a><\/div><div class=\"w-separator size_medium\"><\/div><\/div><\/div><\/div><\/div><\/section><section class=\"l-section wpb_row us_custom_b51c0c2f hide_on_default hide_on_laptops hide_on_tablets height_auto\"><div class=\"l-section-h i-cf\"><div class=\"g-cols vc_row via_grid cols_4 laptops-cols_inherit tablets-cols_inherit mobiles-cols_2 valign_top type_default stacking_default\"><div class=\"wpb_column vc_column_container us_custom_605be55a\"><div class=\"vc_column-inner\"><div class=\"w-separator size_medium\"><\/div><div class=\"w-text us_custom_9d8f5d17\"><span class=\"w-text-h\"><span class=\"w-text-value\">Distribuidor autorizado de:<\/span><\/span><\/div><div class=\"w-image us_custom_a0708afc align_none\"><a target=\"_blank\" href=\"http:\/\/www.capiparts.co.za\/wp-content\/uploads\/2023\/02\/SEARS-seating-.pdf\" rel=\"noopener\" aria-label=\"Liga\u00e7\u00e3o\" class=\"w-image-h\"><img loading=\"lazy\" decoding=\"async\" width=\"547\" height=\"260\" src=\"https:\/\/www.capiparts.co.za\/wp-content\/uploads\/2025\/07\/sears-authorised-distributors01.png\" class=\"attachment-large size-large\" alt=\"\" srcset=\"https:\/\/www.capiparts.co.za\/wp-content\/uploads\/2025\/07\/sears-authorised-distributors01.png 547w, https:\/\/www.capiparts.co.za\/wp-content\/uploads\/2025\/07\/sears-authorised-distributors01-300x143.png 300w, https:\/\/www.capiparts.co.za\/wp-content\/uploads\/2025\/07\/sears-authorised-distributors01-450x214.png 450w\" sizes=\"auto, (max-width: 547px) 100vw, 547px\"><\/a><\/div><div class=\"w-btn-wrapper align_center\"><a class=\"w-btn us-btn-style_1 us_custom_a74f4e70\" target=\"_blank\" href=\"http:\/\/www.capiparts.co.za\/wp-content\/uploads\/2023\/02\/SEARS-seating-.pdf\" rel=\"noopener\"><span class=\"w-btn-label\">Baixar certificado<\/span><\/a><\/div><div class=\"w-separator size_medium\"><\/div><\/div><\/div><div class=\"wpb_column vc_column_container us_custom_605be55a\"><div class=\"vc_column-inner\"><div class=\"w-separator size_medium\"><\/div><div class=\"w-text us_custom_9d8f5d17\"><span class=\"w-text-h\"><span class=\"w-text-value\">Distribuidor autorizado de:<\/span><\/span><\/div><div class=\"w-image us_custom_a0708afc align_none\"><a target=\"_blank\" href=\"http:\/\/www.capiparts.co.za\/wp-content\/uploads\/2023\/02\/United-Seats.pdf\" rel=\"noopener\" aria-label=\"Liga\u00e7\u00e3o\" class=\"w-image-h\"><img loading=\"lazy\" decoding=\"async\" width=\"547\" height=\"260\" src=\"https:\/\/www.capiparts.co.za\/wp-content\/uploads\/2025\/07\/united-seats-distributors01.png\" class=\"attachment-large size-large\" alt=\"\" srcset=\"https:\/\/www.capiparts.co.za\/wp-content\/uploads\/2025\/07\/united-seats-distributors01.png 547w, https:\/\/www.capiparts.co.za\/wp-content\/uploads\/2025\/07\/united-seats-distributors01-300x143.png 300w, https:\/\/www.capiparts.co.za\/wp-content\/uploads\/2025\/07\/united-seats-distributors01-450x214.png 450w\" sizes=\"auto, (max-width: 547px) 100vw, 547px\"><\/a><\/div><div class=\"w-btn-wrapper align_center\"><a class=\"w-btn us-btn-style_1 us_custom_a74f4e70\" target=\"_blank\" href=\"http:\/\/www.capiparts.co.za\/wp-content\/uploads\/2023\/02\/United-Seats.pdf\" rel=\"noopener\"><span class=\"w-btn-label\">Baixar certificado<\/span><\/a><\/div><div class=\"w-separator size_medium\"><\/div><\/div><\/div><div class=\"wpb_column vc_column_container us_custom_605be55a\"><div class=\"vc_column-inner\"><div class=\"w-separator size_medium\"><\/div><div class=\"w-text us_custom_9d8f5d17\"><span class=\"w-text-h\"><span class=\"w-text-value\">Distribuidor autorizado de:<\/span><\/span><\/div><div class=\"w-image us_custom_a0708afc align_none\"><a target=\"_blank\" href=\"http:\/\/www.capiparts.co.za\/wp-content\/uploads\/2023\/02\/T.O.C..pdf\" rel=\"noopener\" aria-label=\"Liga\u00e7\u00e3o\" class=\"w-image-h\"><img loading=\"lazy\" decoding=\"async\" width=\"547\" height=\"260\" src=\"https:\/\/www.capiparts.co.za\/wp-content\/uploads\/2025\/07\/toc-distributors01.png\" class=\"attachment-large size-large\" alt=\"\" srcset=\"https:\/\/www.capiparts.co.za\/wp-content\/uploads\/2025\/07\/toc-distributors01.png 547w, https:\/\/www.capiparts.co.za\/wp-content\/uploads\/2025\/07\/toc-distributors01-300x143.png 300w, https:\/\/www.capiparts.co.za\/wp-content\/uploads\/2025\/07\/toc-distributors01-450x214.png 450w\" sizes=\"auto, (max-width: 547px) 100vw, 547px\"><\/a><\/div><div class=\"w-btn-wrapper align_center\"><a class=\"w-btn us-btn-style_1 us_custom_a74f4e70\" target=\"_blank\" href=\"http:\/\/www.capiparts.co.za\/wp-content\/uploads\/2023\/02\/T.O.C..pdf\" rel=\"noopener\"><span class=\"w-btn-label\">Baixar certificado<\/span><\/a><\/div><div class=\"w-separator size_medium\"><\/div><\/div><\/div><div class=\"wpb_column vc_column_container us_custom_605be55a\"><div class=\"vc_column-inner\"><div class=\"w-separator size_medium\"><\/div><div class=\"w-text us_custom_9d8f5d17\"><span class=\"w-text-h\"><span class=\"w-text-value\">Distribuidor autorizado de:<\/span><\/span><\/div><div class=\"w-image us_custom_a0708afc align_none\"><a target=\"_blank\" href=\"https:\/\/www.capiparts.co.za\/wp-content\/uploads\/513580.pdf\" rel=\"noopener\" aria-label=\"Liga\u00e7\u00e3o\" class=\"w-image-h\"><img loading=\"lazy\" decoding=\"async\" width=\"547\" height=\"260\" src=\"https:\/\/www.capiparts.co.za\/wp-content\/uploads\/2025\/07\/euroricambi-distributors01.png\" class=\"attachment-large size-large\" alt=\"\" srcset=\"https:\/\/www.capiparts.co.za\/wp-content\/uploads\/2025\/07\/euroricambi-distributors01.png 547w, https:\/\/www.capiparts.co.za\/wp-content\/uploads\/2025\/07\/euroricambi-distributors01-300x143.png 300w, https:\/\/www.capiparts.co.za\/wp-content\/uploads\/2025\/07\/euroricambi-distributors01-450x214.png 450w\" sizes=\"auto, (max-width: 547px) 100vw, 547px\"><\/a><\/div><div class=\"w-btn-wrapper align_center\"><a class=\"w-btn us-btn-style_1 us_custom_a74f4e70\" target=\"_blank\" href=\"https:\/\/www.capiparts.co.za\/wp-content\/uploads\/513580.pdf\" rel=\"noopener\"><span class=\"w-btn-label\">Baixar certificado<\/span><\/a><\/div><div class=\"w-separator size_medium\"><\/div><\/div><\/div><\/div><\/div><\/section><section class=\"l-section wpb_row us_custom_08d660e1 hide_on_default hide_on_laptops hide_on_tablets height_auto\"><div class=\"l-section-h i-cf\"><div class=\"g-cols vc_row via_grid cols_4 laptops-cols_inherit tablets-cols_inherit mobiles-cols_2 valign_top type_default stacking_default\"><div class=\"wpb_column vc_column_container us_custom_605be55a\"><div class=\"vc_column-inner\"><div class=\"w-separator size_medium\"><\/div><div class=\"w-text us_custom_9d8f5d17\"><span class=\"w-text-h\"><span class=\"w-text-value\">Distribuidor autorizado de:<\/span><\/span><\/div><div class=\"w-image us_custom_a0708afc align_none\"><a target=\"_blank\" href=\"http:\/\/www.capiparts.co.za\/wp-content\/uploads\/2023\/02\/SEARS-seating-.pdf\" rel=\"noopener\" aria-label=\"Liga\u00e7\u00e3o\" class=\"w-image-h\"><img loading=\"lazy\" decoding=\"async\" width=\"547\" height=\"260\" src=\"https:\/\/www.capiparts.co.za\/wp-content\/uploads\/2025\/07\/interstate-mcbee-distributors01.png\" class=\"attachment-large size-large\" alt=\"\" srcset=\"https:\/\/www.capiparts.co.za\/wp-content\/uploads\/2025\/07\/interstate-mcbee-distributors01.png 547w, https:\/\/www.capiparts.co.za\/wp-content\/uploads\/2025\/07\/interstate-mcbee-distributors01-300x143.png 300w, https:\/\/www.capiparts.co.za\/wp-content\/uploads\/2025\/07\/interstate-mcbee-distributors01-450x214.png 450w\" sizes=\"auto, (max-width: 547px) 100vw, 547px\"><\/a><\/div><div class=\"w-btn-wrapper align_center\"><a class=\"w-btn us-btn-style_1 us_custom_a74f4e70\" target=\"_blank\" href=\"http:\/\/www.capiparts.co.za\/wp-content\/uploads\/2023\/02\/SEARS-seating-.pdf\" rel=\"noopener\"><span class=\"w-btn-label\">Baixar certificado<\/span><\/a><\/div><div class=\"w-separator size_medium\"><\/div><\/div><\/div><div class=\"wpb_column vc_column_container us_custom_605be55a\"><div class=\"vc_column-inner\"><div class=\"w-separator size_medium\"><\/div><div class=\"w-text us_custom_9d8f5d17\"><span class=\"w-text-h\"><span class=\"w-text-value\">Distribuidor autorizado de:<\/span><\/span><\/div><div class=\"w-image us_custom_a0708afc align_none\"><a target=\"_blank\" href=\"https:\/\/www.capiparts.co.za\/wp-content\/uploads\/2025\/02\/SAP-certificate-SA.pdf\" rel=\"noopener\" aria-label=\"Liga\u00e7\u00e3o\" class=\"w-image-h\"><img loading=\"lazy\" decoding=\"async\" width=\"547\" height=\"260\" src=\"https:\/\/www.capiparts.co.za\/wp-content\/uploads\/2025\/07\/sap-distributors01.png\" class=\"attachment-large size-large\" alt=\"\" srcset=\"https:\/\/www.capiparts.co.za\/wp-content\/uploads\/2025\/07\/sap-distributors01.png 547w, https:\/\/www.capiparts.co.za\/wp-content\/uploads\/2025\/07\/sap-distributors01-300x143.png 300w, https:\/\/www.capiparts.co.za\/wp-content\/uploads\/2025\/07\/sap-distributors01-450x214.png 450w\" sizes=\"auto, (max-width: 547px) 100vw, 547px\"><\/a><\/div><div class=\"w-btn-wrapper align_center\"><a class=\"w-btn us-btn-style_1 us_custom_a74f4e70\" target=\"_blank\" href=\"https:\/\/www.capiparts.co.za\/wp-content\/uploads\/2025\/02\/SAP-certificate-SA.pdf\" rel=\"noopener\"><span class=\"w-btn-label\">Baixar certificado<\/span><\/a><\/div><div class=\"w-separator size_medium\"><\/div><\/div><\/div><\/div><\/div><\/section>\n","protected":false},"excerpt":{"rendered":"Distribuidores A CapiParts \u00e9 uma orgulhosa distribuidora das marcas mais populares da ind\u00fastria de pe\u00e7as de minera\u00e7\u00e3o. Entre em contato conosco se tiver alguma d\u00favida.Entre em contatoA CapiParts \u00e9 uma orgulhosa distribuidora das marcas mais populares da ind\u00fastria de pe\u00e7as de minera\u00e7\u00e3o. Entre em contato conosco se tiver alguma d\u00favida.Entre em contatoCertificados de DistribuidorCertificados de...","protected":false},"author":3,"featured_media":69668,"parent":0,"menu_order":0,"comment_status":"closed","ping_status":"closed","template":"","meta":{"footnotes":""},"class_list":["post-70095","page","type-page","status-publish","has-post-thumbnail","hentry"],"_links":{"self":[{"href":"https:\/\/www.capiparts.co.za\/pt-pt\/wp-json\/wp\/v2\/pages\/70095","targetHints":{"allow":["GET"]}}],"collection":[{"href":"https:\/\/www.capiparts.co.za\/pt-pt\/wp-json\/wp\/v2\/pages"}],"about":[{"href":"https:\/\/www.capiparts.co.za\/pt-pt\/wp-json\/wp\/v2\/types\/page"}],"author":[{"embeddable":true,"href":"https:\/\/www.capiparts.co.za\/pt-pt\/wp-json\/wp\/v2\/users\/3"}],"replies":[{"embeddable":true,"href":"https:\/\/www.capiparts.co.za\/pt-pt\/wp-json\/wp\/v2\/comments?post=70095"}],"version-history":[{"count":20,"href":"https:\/\/www.capiparts.co.za\/pt-pt\/wp-json\/wp\/v2\/pages\/70095\/revisions"}],"predecessor-version":[{"id":74324,"href":"https:\/\/www.capiparts.co.za\/pt-pt\/wp-json\/wp\/v2\/pages\/70095\/revisions\/74324"}],"wp:featuredmedia":[{"embeddable":true,"href":"https:\/\/www.capiparts.co.za\/pt-pt\/wp-json\/wp\/v2\/media\/69668"}],"wp:attachment":[{"href":"https:\/\/www.capiparts.co.za\/pt-pt\/wp-json\/wp\/v2\/media?parent=70095"}],"curies":[{"name":"wp","href":"https:\/\/api.w.org\/{rel}","templated":true}]}}