{"id":73264,"date":"2025-05-29T05:48:35","date_gmt":"2025-05-29T05:48:35","guid":{"rendered":"https:\/\/www.capiparts.co.za\/sears-seating\/"},"modified":"2025-08-25T21:17:40","modified_gmt":"2025-08-25T21:17:40","slug":"sears-seating","status":"publish","type":"page","link":"https:\/\/www.capiparts.co.za\/pt-pt\/sears-seating\/","title":{"rendered":"SEARS SEATING"},"content":{"rendered":"<section class=\"l-section wpb_row us_custom_0a3f0718 hide_on_mobiles height_medium width_full\"><div class=\"l-section-h i-cf\"><div class=\"g-cols vc_row via_grid cols_1 laptops-cols_inherit tablets-cols_inherit mobiles-cols_1 valign_middle type_default stacking_default\"><div class=\"wpb_column vc_column_container\"><div class=\"vc_column-inner\"><\/div><\/div><\/div><\/div><\/section><section class=\"l-section wpb_row us_custom_5392e678 hide_on_mobiles height_medium\"><div class=\"l-section-h i-cf\"><div class=\"g-cols vc_row via_grid cols_6 laptops-cols_inherit tablets-cols_inherit mobiles-cols_1 valign_top type_default stacking_default\"><div class=\"wpb_column vc_column_container\"><div class=\"vc_column-inner\"><\/div><\/div><div class=\"wpb_column vc_column_container\"><div class=\"vc_column-inner\"><\/div><\/div><div class=\"wpb_column vc_column_container\"><div class=\"vc_column-inner\"><\/div><\/div><div class=\"wpb_column vc_column_container\"><div class=\"vc_column-inner\"><\/div><\/div><div class=\"wpb_column vc_column_container\"><div class=\"vc_column-inner\"><div class=\"w-image align_right\"><div class=\"w-image-h\"><img loading=\"lazy\" decoding=\"async\" width=\"197\" height=\"238\" src=\"https:\/\/www.capiparts.co.za\/wp-content\/uploads\/2024\/10\/cep-genuine-mining-quality-badge.png\" class=\"attachment-us_450_0 size-us_450_0\" alt=\"\"><\/div><\/div><\/div><\/div><div class=\"wpb_column vc_column_container\"><div class=\"vc_column-inner\"><\/div><\/div><\/div><\/div><\/section><section class=\"l-section wpb_row us_custom_473aea28 hide_on_mobiles height_small width_full\"><div class=\"l-section-h i-cf\"><div class=\"g-cols vc_row via_grid cols_3-2 laptops-cols_inherit tablets-cols_inherit mobiles-cols_1 valign_top type_default stacking_default\"><div class=\"wpb_column vc_column_container us_custom_99b24bea\"><div class=\"vc_column-inner\"><div class=\"wpb_text_column us_custom_d23ff0f5 has_text_color\"><div class=\"wpb_wrapper\"><p>CapiParts &#8211; Minera\u00e7\u00e3o OEM <br \/>Solu\u00e7\u00f5es de assentos<\/p>\n<\/div><\/div><div class=\"wpb_text_column us_custom_84cd678e has_text_color\"><div class=\"wpb_wrapper\"><p>No mundo implac\u00e1vel da minera\u00e7\u00e3o, os operadores suportam horas extenuantes.<\/p>\n<\/div><\/div><div class=\"wpb_text_column us_custom_ed7d17ca has_text_color\"><div class=\"wpb_wrapper\"><p>Na CapiParts, entendemos que uma solu\u00e7\u00e3o de assento superior n\u00e3o \u00e9 apenas sobre conforto &#8211; \u00e9 sobre produtividade e seguran\u00e7a. \u00c9 por isso que fazemos parceria com a <strong>Sears Seating<\/strong>, l\u00edder do setor em solu\u00e7\u00f5es de assentos para equipamentos pesados de constru\u00e7\u00e3o e minera\u00e7\u00e3o. As suspens\u00f5es de assento da Sears s\u00e3o meticulosamente projetadas para fazer mais do que simplesmente variar em desempenho, curso ou configura\u00e7\u00e3o. Eles s\u00e3o projetados especificamente para <strong>reduzir significativamente a exposi\u00e7\u00e3o do operador \u00e0 vibra\u00e7\u00e3o de corpo inteiro (WBV).<\/strong> Essa inova\u00e7\u00e3o crucial aborda diretamente a fadiga do operador e diminui a probabilidade de les\u00f5es relacionadas ao estresse comumente associadas \u00e0 exposi\u00e7\u00e3o prolongada \u00e0 vibra\u00e7\u00e3o na posi\u00e7\u00e3o sentada.    <\/p>\n<p>Equipe suas m\u00e1quinas com os assentos Sears da CapiParts e capacite seus operadores a manter o foco e a produtividade, do nascer ao p\u00f4r do sol.<\/p>\n<\/div><\/div><div class=\"w-image us_custom_af6a9b6a align_none\"><a target=\"_blank\" href=\"https:\/\/www.capiparts.co.za\/pt-pt\/inquerito-de-satisfacao-do-cliente\/\" rel=\"noopener\" aria-label=\"Liga\u00e7\u00e3o\" class=\"w-image-h\"><img loading=\"lazy\" decoding=\"async\" width=\"833\" height=\"476\" src=\"https:\/\/www.capiparts.co.za\/wp-content\/uploads\/2025\/05\/sears-seating-image.png\" class=\"attachment-large size-large\" alt=\"\" srcset=\"https:\/\/www.capiparts.co.za\/wp-content\/uploads\/2025\/05\/sears-seating-image.png 833w, https:\/\/www.capiparts.co.za\/wp-content\/uploads\/2025\/05\/sears-seating-image-300x171.png 300w, https:\/\/www.capiparts.co.za\/wp-content\/uploads\/2025\/05\/sears-seating-image-600x343.png 600w, https:\/\/www.capiparts.co.za\/wp-content\/uploads\/2025\/05\/sears-seating-image-768x439.png 768w, https:\/\/www.capiparts.co.za\/wp-content\/uploads\/2025\/05\/sears-seating-image-450x257.png 450w\" sizes=\"auto, (max-width: 833px) 100vw, 833px\"><\/a><\/div><\/div><\/div><div class=\"wpb_column vc_column_container us_custom_16858c9e\"><div class=\"vc_column-inner\"><div class=\"w-image align_none\"><div class=\"w-image-h\"><img loading=\"lazy\" decoding=\"async\" width=\"408\" height=\"716\" src=\"https:\/\/www.capiparts.co.za\/wp-content\/uploads\/2025\/05\/sears-seating-main-image.png\" class=\"attachment-full size-full\" alt=\"\" srcset=\"https:\/\/www.capiparts.co.za\/wp-content\/uploads\/2025\/05\/sears-seating-main-image.png 408w, https:\/\/www.capiparts.co.za\/wp-content\/uploads\/2025\/05\/sears-seating-main-image-171x300.png 171w\" sizes=\"auto, (max-width: 408px) 100vw, 408px\"><\/div><\/div><div class=\"g-cols wpb_row via_grid cols_1 laptops-cols_inherit tablets-cols_inherit mobiles-cols_1 valign_top type_default stacking_default\"><div class=\"wpb_column vc_column_container us_custom_c3c2bd58\"><div class=\"vc_column-inner\"><div class=\"wpb_text_column us_custom_13b4ff1b has_text_color\"><div class=\"wpb_wrapper\"><p>RECURSOS E DOWNLOADS<\/p>\n<\/div><\/div><div class=\"w-iconbox us_custom_ee2f3ecd has_text_color iconpos_left style_default color_primary align_right no_text\"><a target=\"_blank\" href=\"https:\/\/www.capiparts.co.za\/pt-pt\/distribuidores\/\" rel=\"noopener\" class=\"w-iconbox-link\" aria-label=\"Distribuidor autorizado\"><div class=\"w-iconbox-icon\" style=\"font-size:15px;\"><i class=\"fas fa-plus\"><\/i><\/div><\/a><div class=\"w-iconbox-meta\"><a target=\"_blank\" href=\"https:\/\/www.capiparts.co.za\/pt-pt\/distribuidores\/\" rel=\"noopener\" class=\"w-iconbox-link\" aria-label=\"Distribuidor autorizado\"><p class=\"w-iconbox-title\">Distribuidor autorizado<\/p><\/a><\/div><\/div><div class=\"w-iconbox us_custom_b07a42ea has_text_color iconpos_left style_default color_primary align_right no_text\"><a target=\"_blank\" href=\"https:\/\/www.capiparts.co.za\/wp-content\/uploads\/2023\/10\/Sears-Seating-CEP-Catalogue.pdf\" rel=\"noopener\" class=\"w-iconbox-link\" aria-label=\"Cat\u00e1logo\"><div class=\"w-iconbox-icon\" style=\"font-size:15px;\"><i class=\"fas fa-plus\"><\/i><\/div><\/a><div class=\"w-iconbox-meta\"><a target=\"_blank\" href=\"https:\/\/www.capiparts.co.za\/wp-content\/uploads\/2023\/10\/Sears-Seating-CEP-Catalogue.pdf\" rel=\"noopener\" class=\"w-iconbox-link\" aria-label=\"Cat\u00e1logo\"><p class=\"w-iconbox-title\">Cat\u00e1logo<\/p><\/a><\/div><\/div><div class=\"wpb_text_column us_custom_9dbe4a66 has_text_color\"><div class=\"wpb_wrapper\"><p>Cat\u00e1logo de assentos da Sears Mining<\/p>\n<\/div><\/div><div class=\"w-image us_custom_af6a9b6a align_right\"><a target=\"_blank\" href=\"https:\/\/www.searsseating.com\/\" rel=\"noopener\" aria-label=\"Liga\u00e7\u00e3o\" class=\"w-image-h\"><img loading=\"lazy\" decoding=\"async\" width=\"301\" height=\"88\" src=\"https:\/\/www.capiparts.co.za\/wp-content\/uploads\/2025\/05\/sears-seating-logo.png\" class=\"attachment-large size-large\" alt=\"\"><\/a><\/div><div class=\"w-image us_custom_af6a9b6a align_right\"><a target=\"_blank\" href=\"https:\/\/www.capiparts.co.za\/pt-pt\/inquerito-de-satisfacao-do-cliente\/\" rel=\"noopener\" aria-label=\"Liga\u00e7\u00e3o\" class=\"w-image-h\"><img loading=\"lazy\" decoding=\"async\" width=\"263\" height=\"189\" src=\"https:\/\/www.capiparts.co.za\/wp-content\/uploads\/2024\/10\/rate-our-service-button.png\" class=\"attachment-large size-large\" alt=\"rate-our-service-button\" \/><\/a><\/div><\/div><\/div><\/div><\/div><\/div><\/div><\/div><\/section><section class=\"l-section wpb_row us_custom_ff11ac7f hide_on_mobiles height_auto width_full\"><div class=\"l-section-h i-cf\"><div class=\"g-cols vc_row via_grid cols_1 laptops-cols_inherit tablets-cols_inherit mobiles-cols_1 valign_middle type_default stacking_default\"><div class=\"wpb_column vc_column_container us_custom_4810a666 has_bg_color\"><div class=\"vc_column-inner\"><div class=\"wpb_text_column us_custom_1bea4bde has_text_color\"><div class=\"wpb_wrapper\"><p>Seus especialistas em assentos de minera\u00e7\u00e3o<\/p>\n<\/div><\/div><div class=\"w-btn-wrapper align_center\"><a class=\"w-btn us-btn-style_1 us_custom_b7c85286 has_text_color\" target=\"_blank\" href=\"https:\/\/www.capiparts.co.za\/pt-pt\/contato-capital-equipment-parts\/\" rel=\"noopener\"><span class=\"w-btn-label\">ENTRE EM CONTATO CONOSCO HOJE<\/span><\/a><\/div><\/div><\/div><\/div><\/div><\/section><section class=\"l-section wpb_row us_custom_8eb5ae55 hide_on_default hide_on_laptops hide_on_tablets height_auto\"><div class=\"l-section-h i-cf\"><div class=\"g-cols vc_row via_grid cols_1 laptops-cols_inherit tablets-cols_inherit mobiles-cols_1 valign_top type_default stacking_default\"><div class=\"wpb_column vc_column_container\"><div class=\"vc_column-inner\"><div class=\"w-image align_none\"><div class=\"w-image-h\"><img loading=\"lazy\" decoding=\"async\" width=\"1024\" height=\"918\" src=\"https:\/\/www.capiparts.co.za\/wp-content\/uploads\/2025\/05\/sears-seating-mobile-header-1024x918.png\" class=\"attachment-large size-large\" alt=\"\" srcset=\"https:\/\/www.capiparts.co.za\/wp-content\/uploads\/2025\/05\/sears-seating-mobile-header-1024x918.png 1024w, https:\/\/www.capiparts.co.za\/wp-content\/uploads\/2025\/05\/sears-seating-mobile-header-300x269.png 300w, https:\/\/www.capiparts.co.za\/wp-content\/uploads\/2025\/05\/sears-seating-mobile-header-600x538.png 600w, https:\/\/www.capiparts.co.za\/wp-content\/uploads\/2025\/05\/sears-seating-mobile-header-768x688.png 768w, https:\/\/www.capiparts.co.za\/wp-content\/uploads\/2025\/05\/sears-seating-mobile-header-450x403.png 450w, https:\/\/www.capiparts.co.za\/wp-content\/uploads\/2025\/05\/sears-seating-mobile-header.png 1032w\" sizes=\"auto, (max-width: 1024px) 100vw, 1024px\"><\/div><\/div><div class=\"wpb_text_column us_custom_892421de has_text_color\"><div class=\"wpb_wrapper\"><\/div><\/div><\/div><\/div><\/div><\/div><\/section><section class=\"l-section wpb_row hide_on_default hide_on_laptops hide_on_tablets height_auto\"><div class=\"l-section-h i-cf\"><div class=\"g-cols vc_row via_grid cols_1 laptops-cols_inherit tablets-cols_inherit mobiles-cols_1 valign_top type_default stacking_default\"><div class=\"wpb_column vc_column_container\"><div class=\"vc_column-inner\"><div class=\"wpb_text_column us_custom_6f6334e6 has_text_color\"><div class=\"wpb_wrapper\"><p>CapiParts &#8211; Minera\u00e7\u00e3o OEM <br \/>Solu\u00e7\u00f5es de assentos<\/p>\n<\/div><\/div><div class=\"wpb_text_column us_custom_8767c2b6 has_text_color\"><div class=\"wpb_wrapper\"><p>No mundo implac\u00e1vel da minera\u00e7\u00e3o, os operadores suportam horas extenuantes.<\/p>\n<\/div><\/div><\/div><\/div><\/div><\/div><\/section><section class=\"l-section wpb_row us_custom_cae158b5 hide_on_default hide_on_laptops hide_on_tablets height_medium\"><div class=\"l-section-h i-cf\"><div class=\"g-cols vc_row via_grid cols_1 laptops-cols_inherit tablets-cols_inherit mobiles-cols_1 valign_top type_default stacking_default\" style=\"grid-gap:0.9rem;\"><div class=\"wpb_column vc_column_container\"><div class=\"vc_column-inner\"><div class=\"wpb_text_column us_custom_42f787f8 has_text_color\"><div class=\"wpb_wrapper\"><p>Na CapiParts, entendemos que uma solu\u00e7\u00e3o de assento superior n\u00e3o \u00e9 apenas sobre conforto &#8211; \u00e9 sobre produtividade e seguran\u00e7a. \u00c9 por isso que fazemos parceria com a <strong>Sears Seating<\/strong>, l\u00edder do setor em solu\u00e7\u00f5es de assentos para equipamentos pesados de constru\u00e7\u00e3o e minera\u00e7\u00e3o. As suspens\u00f5es de assento da Sears s\u00e3o meticulosamente projetadas para fazer mais do que simplesmente variar em desempenho, curso ou configura\u00e7\u00e3o. Eles s\u00e3o projetados especificamente para <strong>reduzir significativamente a exposi\u00e7\u00e3o do operador \u00e0 vibra\u00e7\u00e3o de corpo inteiro (WBV).<\/strong> Essa inova\u00e7\u00e3o crucial aborda diretamente a fadiga do operador e diminui a probabilidade de les\u00f5es relacionadas ao estresse comumente associadas \u00e0 exposi\u00e7\u00e3o prolongada \u00e0 vibra\u00e7\u00e3o na posi\u00e7\u00e3o sentada.    <\/p>\n<p>Equipe suas m\u00e1quinas com os assentos Sears da CapiParts e capacite seus operadores a manter o foco e a produtividade, do nascer ao p\u00f4r do sol.<\/p>\n<\/div><\/div><div class=\"w-image us_custom_af6a9b6a align_none\"><a target=\"_blank\" href=\"https:\/\/www.capiparts.co.za\/pt-pt\/inquerito-de-satisfacao-do-cliente\/\" rel=\"noopener\" aria-label=\"Liga\u00e7\u00e3o\" class=\"w-image-h\"><img loading=\"lazy\" decoding=\"async\" width=\"833\" height=\"476\" src=\"https:\/\/www.capiparts.co.za\/wp-content\/uploads\/2025\/05\/sears-seating-image.png\" class=\"attachment-large size-large\" alt=\"\" srcset=\"https:\/\/www.capiparts.co.za\/wp-content\/uploads\/2025\/05\/sears-seating-image.png 833w, https:\/\/www.capiparts.co.za\/wp-content\/uploads\/2025\/05\/sears-seating-image-300x171.png 300w, https:\/\/www.capiparts.co.za\/wp-content\/uploads\/2025\/05\/sears-seating-image-600x343.png 600w, https:\/\/www.capiparts.co.za\/wp-content\/uploads\/2025\/05\/sears-seating-image-768x439.png 768w, https:\/\/www.capiparts.co.za\/wp-content\/uploads\/2025\/05\/sears-seating-image-450x257.png 450w\" sizes=\"auto, (max-width: 833px) 100vw, 833px\"><\/a><\/div><\/div><\/div><\/div><\/div><\/section><section class=\"l-section wpb_row us_custom_9d0adce0 hide_on_default hide_on_laptops hide_on_tablets height_medium\"><div class=\"l-section-h i-cf\"><div class=\"g-cols vc_row via_grid cols_1 laptops-cols_inherit tablets-cols_inherit mobiles-cols_1 valign_top type_default stacking_default\" style=\"grid-gap:0.9rem;\"><div class=\"wpb_column vc_column_container\"><div class=\"vc_column-inner\"><div class=\"g-cols wpb_row via_grid cols_1 laptops-cols_inherit tablets-cols_inherit mobiles-cols_1 valign_top type_default stacking_default\"><div class=\"wpb_column vc_column_container\"><div class=\"vc_column-inner\"><div class=\"wpb_text_column us_custom_aecc6b7a has_text_color\"><div class=\"wpb_wrapper\"><p>RECURSOS E DOWNLOADS<\/p>\n<\/div><\/div><div class=\"w-iconbox us_custom_63b77306 has_text_color iconpos_left style_default color_primary align_center no_text\"><a target=\"_blank\" href=\"https:\/\/www.capiparts.co.za\/pt-pt\/distribuidores\/\" rel=\"noopener\" class=\"w-iconbox-link\" aria-label=\"Distribuidor autorizado\"><div class=\"w-iconbox-icon\" style=\"font-size:15px;\"><i class=\"fas fa-plus\"><\/i><\/div><\/a><div class=\"w-iconbox-meta\"><a target=\"_blank\" href=\"https:\/\/www.capiparts.co.za\/pt-pt\/distribuidores\/\" rel=\"noopener\" class=\"w-iconbox-link\" aria-label=\"Distribuidor autorizado\"><p class=\"w-iconbox-title\">Distribuidor autorizado<\/p><\/a><\/div><\/div><div class=\"w-iconbox us_custom_c634c3eb has_text_color iconpos_left style_default color_primary align_center no_text\"><a target=\"_blank\" href=\"https:\/\/www.capiparts.co.za\/wp-content\/uploads\/2023\/10\/Sears-Seating-CEP-Catalogue.pdf\" rel=\"noopener\" class=\"w-iconbox-link\" aria-label=\"Cat\u00e1logo\"><div class=\"w-iconbox-icon\" style=\"font-size:15px;\"><i class=\"fas fa-plus\"><\/i><\/div><\/a><div class=\"w-iconbox-meta\"><a target=\"_blank\" href=\"https:\/\/www.capiparts.co.za\/wp-content\/uploads\/2023\/10\/Sears-Seating-CEP-Catalogue.pdf\" rel=\"noopener\" class=\"w-iconbox-link\" aria-label=\"Cat\u00e1logo\"><p class=\"w-iconbox-title\">Cat\u00e1logo<\/p><\/a><\/div><\/div><div class=\"wpb_text_column us_custom_1edde8a4 has_text_color\"><div class=\"wpb_wrapper\"><p style=\"text-align: center;\">Cat\u00e1logo de assentos da Sears Mining<\/p>\n<\/div><\/div><\/div><\/div><\/div><div class=\"w-image us_custom_af6a9b6a align_center\"><a target=\"_blank\" href=\"https:\/\/www.searsseating.com\/\" rel=\"noopener\" aria-label=\"Liga\u00e7\u00e3o\" class=\"w-image-h\"><img loading=\"lazy\" decoding=\"async\" width=\"301\" height=\"88\" src=\"https:\/\/www.capiparts.co.za\/wp-content\/uploads\/2025\/05\/sears-seating-logo.png\" class=\"attachment-large size-large\" alt=\"\"><\/a><\/div><div class=\"w-image us_custom_3188818e align_center\"><a target=\"_blank\" href=\"https:\/\/www.capiparts.co.za\/pt-pt\/inquerito-de-satisfacao-do-cliente\/\" rel=\"noopener\" aria-label=\"Liga\u00e7\u00e3o\" class=\"w-image-h\"><img loading=\"lazy\" decoding=\"async\" width=\"266\" height=\"100\" src=\"https:\/\/www.capiparts.co.za\/wp-content\/uploads\/2025\/05\/capi-parts-rate-us01.png\" class=\"attachment-full size-full\" alt=\"\"><\/a><\/div><\/div><\/div><\/div><\/div><\/section><section class=\"l-section wpb_row hide_on_default hide_on_laptops hide_on_tablets height_small width_full\"><div class=\"l-section-h i-cf\"><div class=\"g-cols vc_row via_grid cols_1 laptops-cols_inherit tablets-cols_inherit mobiles-cols_1 valign_middle type_default stacking_default\"><div class=\"wpb_column vc_column_container us_custom_4810a666 has_bg_color\"><div class=\"vc_column-inner\"><div class=\"wpb_text_column us_custom_924697d9 has_text_color\"><div class=\"wpb_wrapper\"><p>Seus especialistas em assentos de minera\u00e7\u00e3o<\/p>\n<\/div><\/div><div class=\"w-btn-wrapper align_center\"><a class=\"w-btn us-btn-style_1 us_custom_ad40f4ac has_text_color\" target=\"_blank\" href=\"https:\/\/www.capiparts.co.za\/pt-pt\/contato-capital-equipment-parts\/\" rel=\"noopener\"><span class=\"w-btn-label\">ENTRE EM CONTATO CONOSCO HOJE<\/span><\/a><\/div><\/div><\/div><\/div><\/div><\/section>\n","protected":false},"excerpt":{"rendered":"CapiParts &#8211; Minera\u00e7\u00e3o OEM Solu\u00e7\u00f5es de assentos No mundo implac\u00e1vel da minera\u00e7\u00e3o, os operadores suportam horas extenuantes. Na CapiParts, entendemos que uma solu\u00e7\u00e3o de assento superior n\u00e3o \u00e9 apenas sobre conforto &#8211; \u00e9 sobre produtividade e seguran\u00e7a. \u00c9 por isso que fazemos parceria com a Sears Seating, l\u00edder do setor em solu\u00e7\u00f5es de assentos para...","protected":false},"author":2,"featured_media":69668,"parent":0,"menu_order":0,"comment_status":"closed","ping_status":"closed","template":"","meta":{"footnotes":""},"class_list":["post-73264","page","type-page","status-publish","has-post-thumbnail","hentry"],"_links":{"self":[{"href":"https:\/\/www.capiparts.co.za\/pt-pt\/wp-json\/wp\/v2\/pages\/73264","targetHints":{"allow":["GET"]}}],"collection":[{"href":"https:\/\/www.capiparts.co.za\/pt-pt\/wp-json\/wp\/v2\/pages"}],"about":[{"href":"https:\/\/www.capiparts.co.za\/pt-pt\/wp-json\/wp\/v2\/types\/page"}],"author":[{"embeddable":true,"href":"https:\/\/www.capiparts.co.za\/pt-pt\/wp-json\/wp\/v2\/users\/2"}],"replies":[{"embeddable":true,"href":"https:\/\/www.capiparts.co.za\/pt-pt\/wp-json\/wp\/v2\/comments?post=73264"}],"version-history":[{"count":2,"href":"https:\/\/www.capiparts.co.za\/pt-pt\/wp-json\/wp\/v2\/pages\/73264\/revisions"}],"predecessor-version":[{"id":73266,"href":"https:\/\/www.capiparts.co.za\/pt-pt\/wp-json\/wp\/v2\/pages\/73264\/revisions\/73266"}],"wp:featuredmedia":[{"embeddable":true,"href":"https:\/\/www.capiparts.co.za\/pt-pt\/wp-json\/wp\/v2\/media\/69668"}],"wp:attachment":[{"href":"https:\/\/www.capiparts.co.za\/pt-pt\/wp-json\/wp\/v2\/media?parent=73264"}],"curies":[{"name":"wp","href":"https:\/\/api.w.org\/{rel}","templated":true}]}}