{"id":73338,"date":"2025-08-27T19:20:12","date_gmt":"2025-08-27T19:20:12","guid":{"rendered":"https:\/\/www.capiparts.co.za\/?page_id=73338"},"modified":"2025-11-05T10:47:40","modified_gmt":"2025-11-05T10:47:40","slug":"assentos","status":"publish","type":"page","link":"https:\/\/www.capiparts.co.za\/pt-pt\/assentos\/","title":{"rendered":"ASSENTOS"},"content":{"rendered":"<section class=\"l-section wpb_row us_custom_db2edbd0 hide_on_mobiles height_auto width_full\"><div class=\"l-section-h i-cf\"><div class=\"g-cols vc_row via_grid cols_2 laptops-cols_inherit tablets-cols_inherit mobiles-cols_1 valign_top type_default stacking_default\" style=\"grid-gap:1.3rem;\"><div class=\"wpb_column vc_column_container\"><div class=\"vc_column-inner\"><div class=\"w-image align_left\"><a target=\"_blank\" href=\"https:\/\/www.capiparts.co.za\/pt-pt\/sears-seating\/\" rel=\"noopener\" aria-label=\"Liga\u00e7\u00e3o\" class=\"w-image-h\"><img loading=\"lazy\" decoding=\"async\" width=\"622\" height=\"692\" src=\"https:\/\/www.capiparts.co.za\/wp-content\/uploads\/2025\/05\/sears-seating.png\" class=\"attachment-full size-full\" alt=\"\" srcset=\"https:\/\/www.capiparts.co.za\/wp-content\/uploads\/2025\/05\/sears-seating.png 622w, https:\/\/www.capiparts.co.za\/wp-content\/uploads\/2025\/05\/sears-seating-270x300.png 270w, https:\/\/www.capiparts.co.za\/wp-content\/uploads\/2025\/05\/sears-seating-600x668.png 600w, https:\/\/www.capiparts.co.za\/wp-content\/uploads\/2025\/05\/sears-seating-450x501.png 450w\" sizes=\"auto, (max-width: 622px) 100vw, 622px\"><\/a><\/div><div class=\"w-text us_custom_c6fb4a55\"><span class=\"w-text-h\"><span class=\"w-text-value\">Solu\u00e7\u00f5es de Assentos Mineiros OEM<\/span><\/span><\/div><\/div><\/div><div class=\"wpb_column vc_column_container\"><div class=\"vc_column-inner\"><div class=\"w-image us_custom_5c1af071 align_right\"><a target=\"_blank\" href=\"https:\/\/www.capiparts.co.za\/pt-pt\/united-seats\/\" rel=\"noopener\" aria-label=\"Liga\u00e7\u00e3o\" class=\"w-image-h\"><img loading=\"lazy\" decoding=\"async\" width=\"636\" height=\"692\" src=\"https:\/\/www.capiparts.co.za\/wp-content\/uploads\/2025\/05\/united-seats.png\" class=\"attachment-full size-full\" alt=\"\" srcset=\"https:\/\/www.capiparts.co.za\/wp-content\/uploads\/2025\/05\/united-seats.png 636w, https:\/\/www.capiparts.co.za\/wp-content\/uploads\/2025\/05\/united-seats-276x300.png 276w, https:\/\/www.capiparts.co.za\/wp-content\/uploads\/2025\/05\/united-seats-600x653.png 600w, https:\/\/www.capiparts.co.za\/wp-content\/uploads\/2025\/05\/united-seats-450x490.png 450w\" sizes=\"auto, (max-width: 636px) 100vw, 636px\"><\/a><\/div><div class=\"w-text us_custom_c6fb4a55\"><span class=\"w-text-h\"><span class=\"w-text-value\">Solu\u00e7\u00f5es de Assentos Econ\u00f4micos<\/span><\/span><\/div><\/div><\/div><\/div><\/div><\/section><section class=\"l-section wpb_row us_custom_1fffaa14 hide_on_mobiles height_auto width_full\"><div class=\"l-section-h i-cf\"><div class=\"g-cols vc_row via_grid cols_2 laptops-cols_inherit tablets-cols_inherit mobiles-cols_1 valign_top type_default stacking_default\" style=\"grid-gap:1.3rem;\"><div class=\"wpb_column vc_column_container\"><div class=\"vc_column-inner\"><div class=\"g-cols wpb_row via_grid cols_2 laptops-cols_inherit tablets-cols_inherit mobiles-cols_2 valign_top type_default stacking_default\" style=\"grid-gap:0rem;\"><div class=\"wpb_column vc_column_container\"><div class=\"vc_column-inner\"><div class=\"w-btn-wrapper align_center\"><a class=\"w-btn us-btn-style_1 us_custom_c83f8f7e icoc hovbut1 has_text_color icon_atright\" target=\"_blank\" href=\"https:\/\/www.capiparts.co.za\/pt-pt\/sears-seating\/\" rel=\"noopener\"><span class=\"w-btn-label\">EXPLORE AS SUAS OP\u00c7\u00d5ES<\/span><i class=\"fas fa-fal fa-arrow-circle-right\"><\/i><\/a><\/div><\/div><\/div><div class=\"wpb_column vc_column_container\"><div class=\"vc_column-inner\"><div class=\"w-btn-wrapper align_center\"><a class=\"w-btn us-btn-style_2 us_custom_820daa16 icoc icocy has_text_color icon_atright\" target=\"_blank\" href=\"https:\/\/www.capiparts.co.za\/wp-content\/uploads\/2023\/10\/Sears-Seating-CEP-Catalogue.pdf\" rel=\"noopener\"><span class=\"w-btn-label\">CAT\u00c1LOGO SEARS SEATING<\/span><i class=\"fas fa-fal fa-arrow-circle-right\"><\/i><\/a><\/div><\/div><\/div><\/div><\/div><\/div><div class=\"wpb_column vc_column_container\"><div class=\"vc_column-inner\"><div class=\"g-cols wpb_row via_grid cols_2 laptops-cols_inherit tablets-cols_inherit mobiles-cols_2 valign_top type_default stacking_default\" style=\"grid-gap:0rem;\"><div class=\"wpb_column vc_column_container\"><div class=\"vc_column-inner\"><div class=\"w-btn-wrapper align_center\"><a class=\"w-btn us-btn-style_1 us_custom_c83f8f7e icoc hovbut1 has_text_color icon_atright\" target=\"_blank\" href=\"https:\/\/www.capiparts.co.za\/pt-pt\/united-seats\/\" rel=\"noopener\"><span class=\"w-btn-label\">EXPLORE AS SUAS OP\u00c7\u00d5ES<\/span><i class=\"fas fa-fal fa-arrow-circle-right\"><\/i><\/a><\/div><\/div><\/div><div class=\"wpb_column vc_column_container\"><div class=\"vc_column-inner\"><div class=\"w-btn-wrapper align_center\"><a class=\"w-btn us-btn-style_2 us_custom_820daa16 icoc icocy has_text_color icon_atright\" target=\"_blank\" href=\"https:\/\/www.capiparts.co.za\/wp-content\/uploads\/2023\/10\/CEP-United-Seats-Catalogue-print-files_compressed.pdf\" rel=\"noopener\"><span class=\"w-btn-label\">CAT\u00c1LOGO UNITED SEATS<\/span><i class=\"fas fa-fal fa-arrow-circle-right\"><\/i><\/a><\/div><\/div><\/div><\/div><\/div><\/div><\/div><\/div><\/section><section class=\"l-section wpb_row us_custom_8262aa27 hide_on_mobiles height_auto width_full\"><div class=\"l-section-h i-cf\"><div class=\"g-cols vc_row via_grid cols_1 laptops-cols_inherit tablets-cols_inherit mobiles-cols_1 valign_top type_default stacking_default\"><div class=\"wpb_column vc_column_container us_custom_4810a666 has_bg_color\"><div class=\"vc_column-inner\"><div class=\"wpb_text_column us_custom_d1347f68 has_text_color\"><div class=\"wpb_wrapper\"><p>Os seus especialistas em assentos mineiros<\/p>\n<\/div><\/div><div class=\"w-btn-wrapper align_center\"><a class=\"w-btn us-btn-style_1 us_custom_ad40f4ac has_text_color\" target=\"_blank\" href=\"https:\/\/www.capiparts.co.za\/pt-pt\/contato-capital-equipment-parts\/\" rel=\"noopener\"><span class=\"w-btn-label\">CONTACTE-NOS HOJE<\/span><\/a><\/div><\/div><\/div><\/div><\/div><\/section><section class=\"l-section wpb_row us_custom_a7a623c6 hide_on_default hide_on_laptops hide_on_tablets height_medium width_full\"><div class=\"l-section-h i-cf\"><div class=\"g-cols vc_row via_grid cols_2 laptops-cols_inherit tablets-cols_inherit mobiles-cols_2 valign_top type_default stacking_default\" style=\"grid-gap:1rem;\"><div class=\"wpb_column vc_column_container\"><div class=\"vc_column-inner\"><div class=\"w-image hide_on_default hide_on_laptops hide_on_tablets align_center\"><a href=\"https:\/\/www.capiparts.co.za\/sears-seating\/\" aria-label=\"Liga\u00e7\u00e3o\" class=\"w-image-h\"><img loading=\"lazy\" decoding=\"async\" width=\"622\" height=\"692\" src=\"https:\/\/www.capiparts.co.za\/wp-content\/uploads\/2025\/05\/sears-seating.png\" class=\"attachment-full size-full\" alt=\"\" srcset=\"https:\/\/www.capiparts.co.za\/wp-content\/uploads\/2025\/05\/sears-seating.png 622w, https:\/\/www.capiparts.co.za\/wp-content\/uploads\/2025\/05\/sears-seating-270x300.png 270w, https:\/\/www.capiparts.co.za\/wp-content\/uploads\/2025\/05\/sears-seating-600x668.png 600w, https:\/\/www.capiparts.co.za\/wp-content\/uploads\/2025\/05\/sears-seating-450x501.png 450w\" sizes=\"auto, (max-width: 622px) 100vw, 622px\"><\/a><\/div><\/div><\/div><div class=\"wpb_column vc_column_container\"><div class=\"vc_column-inner\"><div class=\"w-image hide_on_default hide_on_laptops hide_on_tablets align_none\"><a href=\"https:\/\/www.capiparts.co.za\/united-seats-sa\/\" aria-label=\"Liga\u00e7\u00e3o\" class=\"w-image-h\"><img loading=\"lazy\" decoding=\"async\" width=\"636\" height=\"692\" src=\"https:\/\/www.capiparts.co.za\/wp-content\/uploads\/2025\/05\/united-seats.png\" class=\"attachment-full size-full\" alt=\"\" srcset=\"https:\/\/www.capiparts.co.za\/wp-content\/uploads\/2025\/05\/united-seats.png 636w, https:\/\/www.capiparts.co.za\/wp-content\/uploads\/2025\/05\/united-seats-276x300.png 276w, https:\/\/www.capiparts.co.za\/wp-content\/uploads\/2025\/05\/united-seats-600x653.png 600w, https:\/\/www.capiparts.co.za\/wp-content\/uploads\/2025\/05\/united-seats-450x490.png 450w\" sizes=\"auto, (max-width: 636px) 100vw, 636px\"><\/a><\/div><\/div><\/div><\/div><\/div><\/section><section class=\"l-section wpb_row us_custom_603487a9 hide_on_default hide_on_laptops hide_on_tablets height_auto width_full\"><div class=\"l-section-h i-cf\"><div class=\"g-cols vc_row via_grid cols_2 laptops-cols_inherit tablets-cols_inherit mobiles-cols_2 valign_top type_default stacking_default\" style=\"grid-gap:1rem;\"><div class=\"wpb_column vc_column_container\"><div class=\"vc_column-inner\"><div class=\"g-cols wpb_row us_custom_0f8f44b7 via_grid cols_1 laptops-cols_inherit tablets-cols_inherit mobiles-cols_1 valign_top type_default stacking_default\"><div class=\"wpb_column vc_column_container\"><div class=\"vc_column-inner\"><div class=\"w-btn-wrapper align_center\"><a class=\"w-btn us-btn-style_1 us_custom_be69bb30 mobilbutt icoc has_text_color icon_atright\" target=\"_blank\" href=\"https:\/\/www.capiparts.co.za\/pt-pt\/sears-seating\/\" rel=\"noopener\"><span class=\"w-btn-label\">EXPLORE AS SUAS OP\u00c7\u00d5ES<\/span><i class=\"fas fa-fal fa-arrow-circle-right\"><\/i><\/a><\/div><div class=\"w-btn-wrapper align_center\"><a class=\"w-btn us-btn-style_1 us_custom_4c715fe3 mobilbutt icoc has_text_color icon_atright\" target=\"_blank\" href=\"https:\/\/www.capiparts.co.za\/wp-content\/uploads\/2023\/10\/Sears-Seating-CEP-Catalogue.pdf\" rel=\"noopener\"><span class=\"w-btn-label\">CAT\u00c1LOGO SEARS SEATING<\/span><i class=\"fas fa-fal fa-arrow-circle-right\"><\/i><\/a><\/div><\/div><\/div><\/div><\/div><\/div><div class=\"wpb_column vc_column_container\"><div class=\"vc_column-inner\"><div class=\"g-cols wpb_row us_custom_0f8f44b7 via_grid cols_1 laptops-cols_inherit tablets-cols_inherit mobiles-cols_1 valign_top type_default stacking_default\"><div class=\"wpb_column vc_column_container\"><div class=\"vc_column-inner\"><div class=\"w-btn-wrapper align_center\"><a class=\"w-btn us-btn-style_1 us_custom_be69bb30 mobilbutt icoc has_text_color icon_atright\" target=\"_blank\" href=\"https:\/\/www.capiparts.co.za\/pt-pt\/united-seats\/\" rel=\"noopener\"><span class=\"w-btn-label\">EXPLORE AS SUAS OP\u00c7\u00d5ES<\/span><i class=\"fas fa-fal fa-arrow-circle-right\"><\/i><\/a><\/div><div class=\"w-btn-wrapper align_center\"><a class=\"w-btn us-btn-style_1 us_custom_4c715fe3 mobilbutt icoc has_text_color icon_atright\" target=\"_blank\" href=\"https:\/\/www.capiparts.co.za\/wp-content\/uploads\/2023\/10\/CEP-United-Seats-Catalogue-print-files_compressed.pdf\" rel=\"noopener\"><span class=\"w-btn-label\">CAT\u00c1LOGO UNITED SEATS<\/span><i class=\"fas fa-fal fa-arrow-circle-right\"><\/i><\/a><\/div><\/div><\/div><\/div><\/div><\/div><\/div><\/div><\/section><section class=\"l-section wpb_row us_custom_b48b2d62 hide_on_default hide_on_laptops hide_on_tablets height_auto width_full\"><div class=\"l-section-h i-cf\"><div class=\"g-cols vc_row via_grid cols_1 laptops-cols_inherit tablets-cols_inherit mobiles-cols_1 valign_middle type_default stacking_default\"><div class=\"wpb_column vc_column_container us_custom_4810a666 has_bg_color\"><div class=\"vc_column-inner\"><div class=\"wpb_text_column us_custom_19d48c7b has_text_color\"><div class=\"wpb_wrapper\"><p>Os seus especialistas em assentos mineiros<\/p>\n<\/div><\/div><div class=\"w-btn-wrapper align_center\"><a class=\"w-btn us-btn-style_1 us_custom_ad40f4ac has_text_color\" target=\"_blank\" href=\"https:\/\/www.capiparts.co.za\/pt-pt\/contato-capital-equipment-parts\/\" rel=\"noopener\"><span class=\"w-btn-label\">CONTACTE-NOS HOJE<\/span><\/a><\/div><\/div><\/div><\/div><\/div><\/section>\n","protected":false},"excerpt":{"rendered":"Solu\u00e7\u00f5es de Assentos Mineiros OEMSolu\u00e7\u00f5es de Assentos Econ\u00f4micosEXPLORE AS SUAS OP\u00c7\u00d5ESCAT\u00c1LOGO SEARS SEATINGEXPLORE AS SUAS OP\u00c7\u00d5ESCAT\u00c1LOGO UNITED SEATSOs seus especialistas em assentos mineiros CONTACTE-NOS HOJEEXPLORE AS SUAS OP\u00c7\u00d5ESCAT\u00c1LOGO SEARS SEATINGEXPLORE AS SUAS OP\u00c7\u00d5ESCAT\u00c1LOGO UNITED SEATSOs seus especialistas em assentos mineiros CONTACTE-NOS HOJE","protected":false},"author":3,"featured_media":67072,"parent":0,"menu_order":0,"comment_status":"closed","ping_status":"closed","template":"","meta":{"footnotes":""},"class_list":["post-73338","page","type-page","status-publish","has-post-thumbnail","hentry"],"_links":{"self":[{"href":"https:\/\/www.capiparts.co.za\/pt-pt\/wp-json\/wp\/v2\/pages\/73338","targetHints":{"allow":["GET"]}}],"collection":[{"href":"https:\/\/www.capiparts.co.za\/pt-pt\/wp-json\/wp\/v2\/pages"}],"about":[{"href":"https:\/\/www.capiparts.co.za\/pt-pt\/wp-json\/wp\/v2\/types\/page"}],"author":[{"embeddable":true,"href":"https:\/\/www.capiparts.co.za\/pt-pt\/wp-json\/wp\/v2\/users\/3"}],"replies":[{"embeddable":true,"href":"https:\/\/www.capiparts.co.za\/pt-pt\/wp-json\/wp\/v2\/comments?post=73338"}],"version-history":[{"count":6,"href":"https:\/\/www.capiparts.co.za\/pt-pt\/wp-json\/wp\/v2\/pages\/73338\/revisions"}],"predecessor-version":[{"id":73675,"href":"https:\/\/www.capiparts.co.za\/pt-pt\/wp-json\/wp\/v2\/pages\/73338\/revisions\/73675"}],"wp:featuredmedia":[{"embeddable":true,"href":"https:\/\/www.capiparts.co.za\/pt-pt\/wp-json\/wp\/v2\/media\/67072"}],"wp:attachment":[{"href":"https:\/\/www.capiparts.co.za\/pt-pt\/wp-json\/wp\/v2\/media?parent=73338"}],"curies":[{"name":"wp","href":"https:\/\/api.w.org\/{rel}","templated":true}]}}