{"id":73345,"date":"2025-08-27T19:52:01","date_gmt":"2025-08-27T19:52:01","guid":{"rendered":"https:\/\/www.capiparts.co.za\/?page_id=73345"},"modified":"2025-08-27T20:48:08","modified_gmt":"2025-08-27T20:48:08","slug":"united-seats","status":"publish","type":"page","link":"https:\/\/www.capiparts.co.za\/pt-pt\/united-seats\/","title":{"rendered":"UNITED SEATS"},"content":{"rendered":"<section class=\"l-section wpb_row us_custom_16109ed1 hide_on_mobiles height_medium width_full\"><div class=\"l-section-h i-cf\"><div class=\"g-cols vc_row via_grid cols_1 laptops-cols_inherit tablets-cols_inherit mobiles-cols_1 valign_middle type_default stacking_default\"><div class=\"wpb_column vc_column_container\"><div class=\"vc_column-inner\"><\/div><\/div><\/div><\/div><\/section><section class=\"l-section wpb_row us_custom_5392e678 hide_on_mobiles height_medium\"><div class=\"l-section-h i-cf\"><div class=\"g-cols vc_row via_grid cols_6 laptops-cols_inherit tablets-cols_inherit mobiles-cols_1 valign_top type_default stacking_default\"><div class=\"wpb_column vc_column_container\"><div class=\"vc_column-inner\"><\/div><\/div><div class=\"wpb_column vc_column_container\"><div class=\"vc_column-inner\"><\/div><\/div><div class=\"wpb_column vc_column_container\"><div class=\"vc_column-inner\"><\/div><\/div><div class=\"wpb_column vc_column_container\"><div class=\"vc_column-inner\"><\/div><\/div><div class=\"wpb_column vc_column_container\"><div class=\"vc_column-inner\"><div class=\"w-image align_right\"><div class=\"w-image-h\"><img loading=\"lazy\" decoding=\"async\" width=\"197\" height=\"238\" src=\"https:\/\/www.capiparts.co.za\/wp-content\/uploads\/2024\/10\/cep-genuine-mining-quality-badge.png\" class=\"attachment-us_450_0 size-us_450_0\" alt=\"\"><\/div><\/div><\/div><\/div><div class=\"wpb_column vc_column_container\"><div class=\"vc_column-inner\"><\/div><\/div><\/div><\/div><\/section><section class=\"l-section wpb_row us_custom_473aea28 hide_on_mobiles height_small width_full\"><div class=\"l-section-h i-cf\"><div class=\"g-cols vc_row via_grid cols_3-2 laptops-cols_inherit tablets-cols_inherit mobiles-cols_1 valign_top type_default stacking_default\"><div class=\"wpb_column vc_column_container us_custom_99b24bea\"><div class=\"vc_column-inner\"><div class=\"wpb_text_column us_custom_cf1043e6 has_text_color\"><div class=\"wpb_wrapper\"><p>CapiParts &#8211; Solu\u00e7\u00f5es de Assentos Econ\u00f4micos<\/p>\n<\/div><\/div><div class=\"wpb_text_column us_custom_f9bb35e3 has_text_color\"><div class=\"wpb_wrapper\"><p>Para assentos de substitui\u00e7\u00e3o confi\u00e1veis em constru\u00e7\u00e3o, ve\u00edculos mineiros menores, m\u00e1quinas pesadas e manipuladores telesc\u00f3picos, n\u00e3o procure al\u00e9m da extensa gama de <strong>United Seats<\/strong> da CapiParts.<\/p>\n<\/div><\/div><div class=\"wpb_text_column us_custom_ed7d17ca has_text_color\"><div class=\"wpb_wrapper\"><p>Oferecemos solu\u00e7\u00f5es de assentos com suspens\u00e3o de alta qualidade e econ\u00f4micas, compat\u00edveis com todas as principais marcas de m\u00e1quinas de constru\u00e7\u00e3o pesadas. Nossa sele\u00e7\u00e3o completa inclui:<\/p>\n<ul>\n<li>\n<p><strong>Assentos com suspens\u00e3o a ar<\/strong><\/p>\n<\/li>\n<li>\n<p><strong>Assentos com suspens\u00e3o mec\u00e2nica<\/strong><\/p>\n<\/li>\n<li>\n<p><strong>Assentos est\u00e1ticos<\/strong><\/p>\n<\/li>\n<\/ul>\n<p>Todos os nossos United Seats s\u00e3o projetados para m\u00e1xima seguran\u00e7a e conforto, acomodando operadores em uma faixa de peso eficiente de 50 a 150 kg, e s\u00e3o altamente personaliz\u00e1veis de acordo com suas necessidades espec\u00edficas.<br \/>Como prova do nosso compromisso com a qualidade genu\u00edna, a CapiParts tem orgulho de se associar \u00e0 United Seats, um fornecedor confi\u00e1vel de produtos de assentos com suspens\u00e3o para diversos OEMs no setor de ve\u00edculos de constru\u00e7\u00e3o. Escolha United Seats atrav\u00e9s da CapiParts para conforto robusto e desempenho duradouro que se adapta ao seu or\u00e7amento.<\/p>\n<\/div><\/div><div class=\"w-image us_custom_af6a9b6a align_none\"><a target=\"_blank\" href=\"https:\/\/www.capiparts.co.za\/customer-satisfaction-survey\/\" rel=\"noopener\" aria-label=\"Liga\u00e7\u00e3o\" class=\"w-image-h\"><img loading=\"lazy\" decoding=\"async\" width=\"851\" height=\"466\" src=\"https:\/\/www.capiparts.co.za\/wp-content\/uploads\/2025\/05\/united-seats-image001.png\" class=\"attachment-large size-large\" alt=\"\" srcset=\"https:\/\/www.capiparts.co.za\/wp-content\/uploads\/2025\/05\/united-seats-image001.png 851w, https:\/\/www.capiparts.co.za\/wp-content\/uploads\/2025\/05\/united-seats-image001-300x164.png 300w, https:\/\/www.capiparts.co.za\/wp-content\/uploads\/2025\/05\/united-seats-image001-600x329.png 600w, https:\/\/www.capiparts.co.za\/wp-content\/uploads\/2025\/05\/united-seats-image001-768x421.png 768w, https:\/\/www.capiparts.co.za\/wp-content\/uploads\/2025\/05\/united-seats-image001-450x246.png 450w\" sizes=\"auto, (max-width: 851px) 100vw, 851px\"><\/a><\/div><\/div><\/div><div class=\"wpb_column vc_column_container us_custom_16858c9e\"><div class=\"vc_column-inner\"><div class=\"w-image align_none\"><div class=\"w-image-h\"><img loading=\"lazy\" decoding=\"async\" width=\"471\" height=\"684\" src=\"https:\/\/www.capiparts.co.za\/wp-content\/uploads\/2025\/05\/united-seats-main-image.png\" class=\"attachment-full size-full\" alt=\"\" srcset=\"https:\/\/www.capiparts.co.za\/wp-content\/uploads\/2025\/05\/united-seats-main-image.png 471w, https:\/\/www.capiparts.co.za\/wp-content\/uploads\/2025\/05\/united-seats-main-image-207x300.png 207w, https:\/\/www.capiparts.co.za\/wp-content\/uploads\/2025\/05\/united-seats-main-image-450x654.png 450w\" sizes=\"auto, (max-width: 471px) 100vw, 471px\"><\/div><\/div><div class=\"g-cols wpb_row via_grid cols_1 laptops-cols_inherit tablets-cols_inherit mobiles-cols_1 valign_top type_default stacking_default\"><div class=\"wpb_column vc_column_container us_custom_c3c2bd58\"><div class=\"vc_column-inner\"><div class=\"wpb_text_column us_custom_13b4ff1b has_text_color\"><div class=\"wpb_wrapper\"><p>RECURSOS &amp; DOWNLOADS<\/p>\n<\/div><\/div><div class=\"w-iconbox us_custom_ee2f3ecd has_text_color iconpos_left style_default color_primary align_right no_text\"><a target=\"_blank\" href=\"https:\/\/www.capiparts.co.za\/pt-pt\/distribuidores\/\" rel=\"noopener\" class=\"w-iconbox-link\" aria-label=\"Distribuidor Autorizado\"><div class=\"w-iconbox-icon\" style=\"font-size:15px;\"><i class=\"fas fa-plus\"><\/i><\/div><\/a><div class=\"w-iconbox-meta\"><a target=\"_blank\" href=\"https:\/\/www.capiparts.co.za\/pt-pt\/distribuidores\/\" rel=\"noopener\" class=\"w-iconbox-link\" aria-label=\"Distribuidor Autorizado\"><p class=\"w-iconbox-title\">Distribuidor Autorizado<\/p><\/a><\/div><\/div><div class=\"w-iconbox us_custom_b07a42ea has_text_color iconpos_left style_default color_primary align_right no_text\"><a target=\"_blank\" href=\"https:\/\/www.capiparts.co.za\/wp-content\/uploads\/2023\/10\/CEP-United-Seats-Catalogue-print-files_compressed.pdf\" rel=\"noopener\" class=\"w-iconbox-link\" aria-label=\"Cat\u00e1logo\"><div class=\"w-iconbox-icon\" style=\"font-size:15px;\"><i class=\"fas fa-plus\"><\/i><\/div><\/a><div class=\"w-iconbox-meta\"><a target=\"_blank\" href=\"https:\/\/www.capiparts.co.za\/wp-content\/uploads\/2023\/10\/CEP-United-Seats-Catalogue-print-files_compressed.pdf\" rel=\"noopener\" class=\"w-iconbox-link\" aria-label=\"Cat\u00e1logo\"><p class=\"w-iconbox-title\">Cat\u00e1logo<\/p><\/a><\/div><\/div><div class=\"wpb_text_column us_custom_9dbe4a66 has_text_color\"><div class=\"wpb_wrapper\"><p>Cat\u00e1logo United Seats<\/p>\n<\/div><\/div><div class=\"w-image us_custom_af6a9b6a align_right\"><a target=\"_blank\" href=\"https:\/\/unitedseats.com\/\" rel=\"noopener\" aria-label=\"Liga\u00e7\u00e3o\" class=\"w-image-h\"><img loading=\"lazy\" decoding=\"async\" width=\"395\" height=\"57\" src=\"https:\/\/www.capiparts.co.za\/wp-content\/uploads\/2025\/05\/united-seats-logo.png\" class=\"attachment-large size-large\" alt=\"\" srcset=\"https:\/\/www.capiparts.co.za\/wp-content\/uploads\/2025\/05\/united-seats-logo.png 395w, https:\/\/www.capiparts.co.za\/wp-content\/uploads\/2025\/05\/united-seats-logo-300x43.png 300w\" sizes=\"auto, (max-width: 395px) 100vw, 395px\"><\/a><\/div><div class=\"w-image us_custom_af6a9b6a align_right\"><a target=\"_blank\" href=\"https:\/\/www.capiparts.co.za\/customer-satisfaction-survey\/\" rel=\"noopener\" aria-label=\"Liga\u00e7\u00e3o\" class=\"w-image-h\"><img loading=\"lazy\" decoding=\"async\" width=\"263\" height=\"189\" src=\"https:\/\/www.capiparts.co.za\/wp-content\/uploads\/2024\/10\/rate-our-service-button.png\" class=\"attachment-large size-large\" alt=\"rate-our-service-button\" \/><\/a><\/div><\/div><\/div><\/div><\/div><\/div><\/div><\/div><\/section><section class=\"l-section wpb_row us_custom_ff11ac7f hide_on_mobiles height_auto width_full\"><div class=\"l-section-h i-cf\"><div class=\"g-cols vc_row via_grid cols_1 laptops-cols_inherit tablets-cols_inherit mobiles-cols_1 valign_middle type_default stacking_default\"><div class=\"wpb_column vc_column_container us_custom_4810a666 has_bg_color\"><div class=\"vc_column-inner\"><div class=\"wpb_text_column us_custom_1bea4bde has_text_color\"><div class=\"wpb_wrapper\"><p>Seus Especialistas em Assentos Pesados<\/p>\n<\/div><\/div><div class=\"w-btn-wrapper align_center\"><a class=\"w-btn us-btn-style_1 us_custom_b7c85286 has_text_color\" target=\"_blank\" href=\"https:\/\/www.capiparts.co.za\/pt-pt\/contato-capital-equipment-parts\/\" rel=\"noopener\"><span class=\"w-btn-label\">CONTACTE-NOS HOJE<\/span><\/a><\/div><\/div><\/div><\/div><\/div><\/section><section class=\"l-section wpb_row us_custom_8eb5ae55 hide_on_default hide_on_laptops hide_on_tablets height_auto\"><div class=\"l-section-h i-cf\"><div class=\"g-cols vc_row via_grid cols_1 laptops-cols_inherit tablets-cols_inherit mobiles-cols_1 valign_top type_default stacking_default\"><div class=\"wpb_column vc_column_container\"><div class=\"vc_column-inner\"><div class=\"w-image align_none\"><div class=\"w-image-h\"><img loading=\"lazy\" decoding=\"async\" width=\"1024\" height=\"918\" src=\"https:\/\/www.capiparts.co.za\/wp-content\/uploads\/2025\/05\/united-seats-mobile-header-1024x918.png\" class=\"attachment-large size-large\" alt=\"\" srcset=\"https:\/\/www.capiparts.co.za\/wp-content\/uploads\/2025\/05\/united-seats-mobile-header-1024x918.png 1024w, https:\/\/www.capiparts.co.za\/wp-content\/uploads\/2025\/05\/united-seats-mobile-header-300x269.png 300w, https:\/\/www.capiparts.co.za\/wp-content\/uploads\/2025\/05\/united-seats-mobile-header-600x538.png 600w, https:\/\/www.capiparts.co.za\/wp-content\/uploads\/2025\/05\/united-seats-mobile-header-768x688.png 768w, https:\/\/www.capiparts.co.za\/wp-content\/uploads\/2025\/05\/united-seats-mobile-header-450x403.png 450w, https:\/\/www.capiparts.co.za\/wp-content\/uploads\/2025\/05\/united-seats-mobile-header.png 1032w\" sizes=\"auto, (max-width: 1024px) 100vw, 1024px\"><\/div><\/div><div class=\"wpb_text_column us_custom_892421de has_text_color\"><div class=\"wpb_wrapper\"><\/div><\/div><\/div><\/div><\/div><\/div><\/section><section class=\"l-section wpb_row hide_on_default hide_on_laptops hide_on_tablets height_auto\"><div class=\"l-section-h i-cf\"><div class=\"g-cols vc_row via_grid cols_1 laptops-cols_inherit tablets-cols_inherit mobiles-cols_1 valign_top type_default stacking_default\"><div class=\"wpb_column vc_column_container\"><div class=\"vc_column-inner\"><div class=\"wpb_text_column us_custom_6f6334e6 has_text_color\"><div class=\"wpb_wrapper\"><p>CapiParts &#8211; Solu\u00e7\u00f5es de Assentos Econ\u00f4micos<\/p>\n<\/div><\/div><div class=\"wpb_text_column us_custom_f9e7876f has_text_color\"><div class=\"wpb_wrapper\"><p>Para assentos de substitui\u00e7\u00e3o confi\u00e1veis em constru\u00e7\u00e3o, ve\u00edculos mineiros menores, m\u00e1quinas pesadas e manipuladores telesc\u00f3picos, n\u00e3o procure al\u00e9m da extensa gama de <strong>United Seats<\/strong> da CapiParts.<\/p>\n<\/div><\/div><\/div><\/div><\/div><\/div><\/section><section class=\"l-section wpb_row us_custom_cae158b5 hide_on_default hide_on_laptops hide_on_tablets height_medium\"><div class=\"l-section-h i-cf\"><div class=\"g-cols vc_row via_grid cols_1 laptops-cols_inherit tablets-cols_inherit mobiles-cols_1 valign_top type_default stacking_default\" style=\"grid-gap:0.9rem;\"><div class=\"wpb_column vc_column_container\"><div class=\"vc_column-inner\"><div class=\"wpb_text_column us_custom_42f787f8 has_text_color\"><div class=\"wpb_wrapper\"><p>Oferecemos solu\u00e7\u00f5es de assentos com suspens\u00e3o de alta qualidade e econ\u00f4micas, compat\u00edveis com todas as principais marcas de m\u00e1quinas de constru\u00e7\u00e3o pesadas. Nossa sele\u00e7\u00e3o completa inclui:<\/p>\n<ul>\n<li>\n<p><strong>Assentos com suspens\u00e3o a ar<\/strong><\/p>\n<\/li>\n<li>\n<p><strong>Assentos com suspens\u00e3o mec\u00e2nica<\/strong><\/p>\n<\/li>\n<li>\n<p><strong>Assentos est\u00e1ticos<\/strong><\/p>\n<\/li>\n<\/ul>\n<p>Todos os nossos United Seats s\u00e3o projetados para m\u00e1xima seguran\u00e7a e conforto, acomodando operadores em uma faixa de peso eficiente de 50 a 150 kg, e s\u00e3o altamente personaliz\u00e1veis de acordo com suas necessidades espec\u00edficas.<br \/>Como prova do nosso compromisso com a qualidade genu\u00edna, a CapiParts tem orgulho de se associar \u00e0 United Seats, um fornecedor confi\u00e1vel de produtos de assentos com suspens\u00e3o para diversos OEMs no setor de ve\u00edculos de constru\u00e7\u00e3o. Escolha United Seats atrav\u00e9s da CapiParts para conforto robusto e desempenho duradouro que se adapta ao seu or\u00e7amento.<\/p>\n<\/div><\/div><div class=\"w-image us_custom_af6a9b6a align_none\"><a target=\"_blank\" href=\"https:\/\/www.capiparts.co.za\/customer-satisfaction-survey\/\" rel=\"noopener\" aria-label=\"Liga\u00e7\u00e3o\" class=\"w-image-h\"><img loading=\"lazy\" decoding=\"async\" width=\"851\" height=\"466\" src=\"https:\/\/www.capiparts.co.za\/wp-content\/uploads\/2025\/05\/united-seats-image001.png\" class=\"attachment-large size-large\" alt=\"\" srcset=\"https:\/\/www.capiparts.co.za\/wp-content\/uploads\/2025\/05\/united-seats-image001.png 851w, https:\/\/www.capiparts.co.za\/wp-content\/uploads\/2025\/05\/united-seats-image001-300x164.png 300w, https:\/\/www.capiparts.co.za\/wp-content\/uploads\/2025\/05\/united-seats-image001-600x329.png 600w, https:\/\/www.capiparts.co.za\/wp-content\/uploads\/2025\/05\/united-seats-image001-768x421.png 768w, https:\/\/www.capiparts.co.za\/wp-content\/uploads\/2025\/05\/united-seats-image001-450x246.png 450w\" sizes=\"auto, (max-width: 851px) 100vw, 851px\"><\/a><\/div><\/div><\/div><\/div><\/div><\/section><section class=\"l-section wpb_row us_custom_9d0adce0 hide_on_default hide_on_laptops hide_on_tablets height_medium\"><div class=\"l-section-h i-cf\"><div class=\"g-cols vc_row via_grid cols_1 laptops-cols_inherit tablets-cols_inherit mobiles-cols_1 valign_top type_default stacking_default\" style=\"grid-gap:0.9rem;\"><div class=\"wpb_column vc_column_container\"><div class=\"vc_column-inner\"><div class=\"g-cols wpb_row via_grid cols_1 laptops-cols_inherit tablets-cols_inherit mobiles-cols_1 valign_top type_default stacking_default\"><div class=\"wpb_column vc_column_container\"><div class=\"vc_column-inner\"><div class=\"wpb_text_column us_custom_aecc6b7a has_text_color\"><div class=\"wpb_wrapper\"><p>RECURSOS &amp; DOWNLOADS<\/p>\n<\/div><\/div><div class=\"w-iconbox us_custom_63b77306 has_text_color iconpos_left style_default color_primary align_center no_text\"><a target=\"_blank\" href=\"https:\/\/www.capiparts.co.za\/pt-pt\/distribuidores\/\" rel=\"noopener\" class=\"w-iconbox-link\" aria-label=\"Distribuidor Autorizado\"><div class=\"w-iconbox-icon\" style=\"font-size:15px;\"><i class=\"fas fa-plus\"><\/i><\/div><\/a><div class=\"w-iconbox-meta\"><a target=\"_blank\" href=\"https:\/\/www.capiparts.co.za\/pt-pt\/distribuidores\/\" rel=\"noopener\" class=\"w-iconbox-link\" aria-label=\"Distribuidor Autorizado\"><p class=\"w-iconbox-title\">Distribuidor Autorizado<\/p><\/a><\/div><\/div><div class=\"w-iconbox us_custom_c634c3eb has_text_color iconpos_left style_default color_primary align_center no_text\"><a target=\"_blank\" href=\"https:\/\/www.capiparts.co.za\/wp-content\/uploads\/2023\/10\/CEP-United-Seats-Catalogue-print-files_compressed.pdf\" rel=\"noopener\" class=\"w-iconbox-link\" aria-label=\"Cat\u00e1logo\"><div class=\"w-iconbox-icon\" style=\"font-size:15px;\"><i class=\"fas fa-plus\"><\/i><\/div><\/a><div class=\"w-iconbox-meta\"><a target=\"_blank\" href=\"https:\/\/www.capiparts.co.za\/wp-content\/uploads\/2023\/10\/CEP-United-Seats-Catalogue-print-files_compressed.pdf\" rel=\"noopener\" class=\"w-iconbox-link\" aria-label=\"Cat\u00e1logo\"><p class=\"w-iconbox-title\">Cat\u00e1logo<\/p><\/a><\/div><\/div><div class=\"wpb_text_column us_custom_1edde8a4 has_text_color\"><div class=\"wpb_wrapper\"><p>Cat\u00e1logo United Seats<\/p>\n<\/div><\/div><\/div><\/div><\/div><div class=\"w-image us_custom_af6a9b6a align_center\"><a target=\"_blank\" href=\"https:\/\/unitedseats.com\/\" rel=\"noopener\" aria-label=\"Liga\u00e7\u00e3o\" class=\"w-image-h\"><img loading=\"lazy\" decoding=\"async\" width=\"395\" height=\"57\" src=\"https:\/\/www.capiparts.co.za\/wp-content\/uploads\/2025\/05\/united-seats-logo.png\" class=\"attachment-large size-large\" alt=\"\" srcset=\"https:\/\/www.capiparts.co.za\/wp-content\/uploads\/2025\/05\/united-seats-logo.png 395w, https:\/\/www.capiparts.co.za\/wp-content\/uploads\/2025\/05\/united-seats-logo-300x43.png 300w\" sizes=\"auto, (max-width: 395px) 100vw, 395px\"><\/a><\/div><div class=\"w-image us_custom_3188818e align_center\"><a target=\"_blank\" href=\"https:\/\/www.capiparts.co.za\/customer-satisfaction-survey\/\" rel=\"noopener\" aria-label=\"Liga\u00e7\u00e3o\" class=\"w-image-h\"><img loading=\"lazy\" decoding=\"async\" width=\"266\" height=\"100\" src=\"https:\/\/www.capiparts.co.za\/wp-content\/uploads\/2025\/05\/capi-parts-rate-us01.png\" class=\"attachment-full size-full\" alt=\"\"><\/a><\/div><\/div><\/div><\/div><\/div><\/section><section class=\"l-section wpb_row hide_on_default hide_on_laptops hide_on_tablets height_small\"><div class=\"l-section-h i-cf\"><div class=\"g-cols vc_row via_grid cols_1 laptops-cols_inherit tablets-cols_inherit mobiles-cols_1 valign_middle type_default stacking_default\"><div class=\"wpb_column vc_column_container us_custom_4810a666 has_bg_color stretched\"><div class=\"vc_column-inner\"><div class=\"wpb_text_column us_custom_924697d9 has_text_color\"><div class=\"wpb_wrapper\"><p>Seus Especialistas em Assentos Pesados<\/p>\n<\/div><\/div><div class=\"w-btn-wrapper align_center\"><a class=\"w-btn us-btn-style_1 us_custom_ad40f4ac has_text_color\" target=\"_blank\" href=\"https:\/\/www.capiparts.co.za\/pt-pt\/contato-capital-equipment-parts\/\" rel=\"noopener\"><span class=\"w-btn-label\">CONTACTE-NOS HOJE<\/span><\/a><\/div><\/div><\/div><\/div><\/div><\/section>\n","protected":false},"excerpt":{"rendered":"CapiParts &#8211; Solu\u00e7\u00f5es de Assentos Econ\u00f4micos Para assentos de substitui\u00e7\u00e3o confi\u00e1veis em constru\u00e7\u00e3o, ve\u00edculos mineiros menores, m\u00e1quinas pesadas e manipuladores telesc\u00f3picos, n\u00e3o procure al\u00e9m da extensa gama de United Seats da CapiParts. Oferecemos solu\u00e7\u00f5es de assentos com suspens\u00e3o de alta qualidade e econ\u00f4micas, compat\u00edveis com todas as principais marcas de m\u00e1quinas de constru\u00e7\u00e3o pesadas. Nossa...","protected":false},"author":3,"featured_media":67072,"parent":0,"menu_order":0,"comment_status":"closed","ping_status":"closed","template":"","meta":{"footnotes":""},"class_list":["post-73345","page","type-page","status-publish","has-post-thumbnail","hentry"],"_links":{"self":[{"href":"https:\/\/www.capiparts.co.za\/pt-pt\/wp-json\/wp\/v2\/pages\/73345","targetHints":{"allow":["GET"]}}],"collection":[{"href":"https:\/\/www.capiparts.co.za\/pt-pt\/wp-json\/wp\/v2\/pages"}],"about":[{"href":"https:\/\/www.capiparts.co.za\/pt-pt\/wp-json\/wp\/v2\/types\/page"}],"author":[{"embeddable":true,"href":"https:\/\/www.capiparts.co.za\/pt-pt\/wp-json\/wp\/v2\/users\/3"}],"replies":[{"embeddable":true,"href":"https:\/\/www.capiparts.co.za\/pt-pt\/wp-json\/wp\/v2\/comments?post=73345"}],"version-history":[{"count":3,"href":"https:\/\/www.capiparts.co.za\/pt-pt\/wp-json\/wp\/v2\/pages\/73345\/revisions"}],"predecessor-version":[{"id":73372,"href":"https:\/\/www.capiparts.co.za\/pt-pt\/wp-json\/wp\/v2\/pages\/73345\/revisions\/73372"}],"wp:featuredmedia":[{"embeddable":true,"href":"https:\/\/www.capiparts.co.za\/pt-pt\/wp-json\/wp\/v2\/media\/67072"}],"wp:attachment":[{"href":"https:\/\/www.capiparts.co.za\/pt-pt\/wp-json\/wp\/v2\/media?parent=73345"}],"curies":[{"name":"wp","href":"https:\/\/api.w.org\/{rel}","templated":true}]}}